{"id":41,"date":"2021-04-28T14:25:12","date_gmt":"2021-04-28T17:25:12","guid":{"rendered":"https:\/\/www3.unicentro.br\/degeog\/grupos-de-pesquisa-2\/"},"modified":"2024-07-29T21:45:20","modified_gmt":"2024-07-30T00:45:20","slug":"grupos-de-pesquisa-2","status":"publish","type":"page","link":"https:\/\/www3.unicentro.br\/degeog\/grupos-de-pesquisa-2\/","title":{"rendered":"Grupos de Pesquisa"},"content":{"rendered":"<ul>\n<li><span style=\"color: #000000;font-size: 14pt\"><strong>Geomorfologia Experimental e Eros\u00e3o do Solo (LABES) <\/strong><span style=\"color: #ff0000\"><a style=\"color: #ff0000\" href=\"http:\/\/dgp.cnpq.br\/dgp\/espelhogrupo\/541318\" target=\"_blank\" rel=\"noopener\">http:\/\/dgp.cnpq.br\/dgp\/espelhogrupo\/541318<\/a><\/span><\/span><\/li>\n<li><span style=\"font-size: 14pt\"><strong><span style=\"color: #000000\">Grupo de Estudos da Din\u00e2mica Econ\u00f4mica (GEDE) <\/span><\/strong><span style=\"color: #ff0000\"><a style=\"color: #ff0000\" href=\"http:\/\/dgp.cnpq.br\/dgp\/espelhogrupo\/30084\" target=\"_blank\" rel=\"noopener\">http:\/\/dgp.cnpq.br\/dgp\/espelhogrupo\/30084<\/a><\/span><\/span><\/li>\n<li><span style=\"font-size: 14pt\"><strong><span style=\"color: #000000\">Hidrogeomorfologia (LABHIDRO) <\/span><\/strong><span style=\"color: #000000\"><span style=\"color: #ff0000\"><a style=\"color: #ff0000\" href=\"http:\/\/dgp.cnpq.br\/dgp\/espelhogrupo\/22367\" target=\"_blank\" rel=\"noopener\">http:\/\/dgp.cnpq.br\/dgp\/espelhogrupo\/22367<\/a><\/span><\/span><\/span><\/li>\n<li><span style=\"font-size: 14pt\"><strong><span style=\"color: #000000\">Grupo de Pesquisa Redes de Poder, Migra\u00e7\u00f5es e Din\u00e2micas Territoriais (GEPES) <\/span><\/strong><span style=\"color: #ff0000\"><a style=\"color: #ff0000\" href=\"http:\/\/dgp.cnpq.br\/dgp\/espelhogrupo\/44731\" target=\"_blank\" rel=\"noopener\">http:\/\/dgp.cnpq.br\/dgp\/espelhogrupo\/44731<\/a><\/span><\/span><\/li>\n<li><span style=\"font-size: 14pt\"><strong><span style=\"color: #000000\">Grupo de Pesquisa em Estudos Pol\u00edticos e An\u00e1lise Urbano-Regional (GPEUR) <\/span><\/strong><span style=\"color: #ff0000\"><a style=\"color: #ff0000\" href=\"http:\/\/dgp.cnpq.br\/dgp\/espelhogrupo\/11813\" target=\"_blank\" rel=\"noopener\">http:\/\/dgp.cnpq.br\/dgp\/espelhogrupo\/11813<\/a><\/span><\/span><\/li>\n<li><span style=\"font-size: 14pt\"><span style=\"color: #000000\"><strong>Educa\u00e7\u00e3o Geogr\u00e1fica e Cartografia para Escolares (EDUCART)<\/strong><\/span> <span style=\"color: #ff0000\"><a style=\"color: #ff0000\" href=\"http:\/\/dgp.cnpq.br\/dgp\/espelhogrupo\/8420676173009049\" target=\"_blank\" rel=\"noopener\">http:\/\/dgp.cnpq.br\/dgp\/espelhogrupo\/8420676173009049<\/a><\/span><\/span><\/li>\n<li><strong><span style=\"font-size: 14pt\"><span style=\"color: #000000\">Geografia Agr\u00e1ria, Ruralidades e Territ\u00f3rio (GEAR)<\/span>\u00a0<\/span><\/strong><span style=\"font-size: 14pt\"><span style=\"color: #ff0000\"><a style=\"color: #ff0000\" href=\"http:\/\/dgp.cnpq.br\/dgp\/espelhogrupo\/33738\" target=\"_blank\" rel=\"noopener\">http:\/\/dgp.cnpq.br\/dgp\/espelhogrupo\/33738<\/a><\/span><\/span><\/li>\n<\/ul>\n","protected":false},"excerpt":{"rendered":"<p>Geomorfologia Experimental e Eros\u00e3o do Solo (LABES) http:\/\/dgp.cnpq.br\/dgp\/espelhogrupo\/541318 Grupo de Estudos da Din\u00e2mica Econ\u00f4mica (GEDE) http:\/\/dgp.cnpq.br\/dgp\/espelhogrupo\/30084 Hidrogeomorfologia (LABHIDRO) http:\/\/dgp.cnpq.br\/dgp\/espelhogrupo\/22367 Grupo de Pesquisa Redes de Poder, Migra\u00e7\u00f5es e Din\u00e2micas Territoriais (GEPES) http:\/\/dgp.cnpq.br\/dgp\/espelhogrupo\/44731 Grupo de Pesquisa em Estudos Pol\u00edticos e An\u00e1lise Urbano-Regional (GPEUR) http:\/\/dgp.cnpq.br\/dgp\/espelhogrupo\/11813 Educa\u00e7\u00e3o Geogr\u00e1fica e Cartografia para Escolares (EDUCART) http:\/\/dgp.cnpq.br\/dgp\/espelhogrupo\/8420676173009049 Geografia Agr\u00e1ria, Ruralidades e Territ\u00f3rio [&hellip;]<\/p>\n","protected":false},"author":3,"featured_media":0,"parent":0,"menu_order":0,"comment_status":"closed","ping_status":"closed","template":"","meta":{"_exactmetrics_skip_tracking":false,"_exactmetrics_sitenote_active":false,"_exactmetrics_sitenote_note":"","_exactmetrics_sitenote_category":0,"footnotes":"","_links_to":"","_links_to_target":""},"class_list":["post-41","page","type-page","status-publish","hentry"],"_links":{"self":[{"href":"https:\/\/www3.unicentro.br\/degeog\/wp-json\/wp\/v2\/pages\/41","targetHints":{"allow":["GET"]}}],"collection":[{"href":"https:\/\/www3.unicentro.br\/degeog\/wp-json\/wp\/v2\/pages"}],"about":[{"href":"https:\/\/www3.unicentro.br\/degeog\/wp-json\/wp\/v2\/types\/page"}],"author":[{"embeddable":true,"href":"https:\/\/www3.unicentro.br\/degeog\/wp-json\/wp\/v2\/users\/3"}],"replies":[{"embeddable":true,"href":"https:\/\/www3.unicentro.br\/degeog\/wp-json\/wp\/v2\/comments?post=41"}],"version-history":[{"count":1,"href":"https:\/\/www3.unicentro.br\/degeog\/wp-json\/wp\/v2\/pages\/41\/revisions"}],"predecessor-version":[{"id":307,"href":"https:\/\/www3.unicentro.br\/degeog\/wp-json\/wp\/v2\/pages\/41\/revisions\/307"}],"wp:attachment":[{"href":"https:\/\/www3.unicentro.br\/degeog\/wp-json\/wp\/v2\/media?parent=41"}],"curies":[{"name":"wp","href":"https:\/\/api.w.org\/{rel}","templated":true}]}}