{"id":32,"date":"2021-04-28T14:25:12","date_gmt":"2021-04-28T17:25:12","guid":{"rendered":"https:\/\/www3.unicentro.br\/degeog\/laboratorios\/"},"modified":"2023-03-21T19:10:13","modified_gmt":"2023-03-21T22:10:13","slug":"laboratorios","status":"publish","type":"page","link":"https:\/\/www3.unicentro.br\/degeog\/degeo-g\/laboratorios\/","title":{"rendered":"Laborat\u00f3rios"},"content":{"rendered":"<ul>\n<li><span style=\"color: #000000;font-size: 14pt\"><strong>Laborat\u00f3rio de Hidrologia (LABHIDRO)<\/strong> <span style=\"color: #ff0000\"><a style=\"color: #ff0000\" href=\"https:\/\/www3.unicentro.br\/labhidro\/\" target=\"_blank\" rel=\"noopener\">https:\/\/www3.unicentro.br\/labhidro\/<\/a><\/span><\/span><\/li>\n<li><span style=\"color: #000000;font-size: 14pt\"><strong>Laborat\u00f3rio de Eros\u00e3o de Solos (LABES) <\/strong><span style=\"color: #ff0000\"><a style=\"color: #ff0000\" href=\"https:\/\/sites.google.com\/view\/soilerosionlab\/home\" target=\"_blank\" rel=\"noopener\">https:\/\/sites.google.com\/view\/soilerosionlab\/home<\/a><\/span><\/span><\/li>\n<li><span style=\"font-size: 14pt\"><span style=\"color: #000000\"><span style=\"color: #000000\"><b>Laborat\u00f3rio<\/b><b> de Estudos C<\/b><\/span><span style=\"color: #000000\"><b>lim\u00e1ticos<\/b><\/span><span style=\"color: #000000\"><b> e Impactos Ambientais (LACLIAM) <\/b><\/span><\/span><span style=\"color: #ff0000\"><a style=\"color: #ff0000\" href=\"https:\/\/www3.unicentro.br\/ppgg\/wp-content\/uploads\/sites\/48\/2020\/11\/Lacliam.pdf\" target=\"_blank\" rel=\"noopener\">https:\/\/www3.unicentro.br\/ppgg\/wp-content\/uploads\/sites\/48\/2020\/11\/Lacliam.pdf<\/a><\/span><\/span><\/li>\n<li><span style=\"font-size: 14pt\"><span style=\"color: #000000\"><b>Laborat\u00f3rio<\/b><\/span><b style=\"color: #000000\"> de Estudos em Geoecon\u00f4mica (LABGECON) <\/b><span style=\"color: #ff0000\"><a style=\"color: #ff0000\" href=\"https:\/\/www3.unicentro.br\/ppgg\/wp-content\/uploads\/sites\/48\/2020\/11\/Pag-Lab-Estudos-em-GeoEconomica-PPGG-20.pdf\" target=\"_blank\" rel=\"noopener\">https:\/\/www3.unicentro.br\/ppgg\/wp-content\/uploads\/sites\/48\/2020\/11\/Pag-Lab-Estudos-em-GeoEconomica-PPGG-20.pdf<\/a><\/span><\/span><\/li>\n<li><span style=\"font-size: 14pt\"><strong><span style=\"color: #000000\">Grupo de Pesquisa Redes de Poder, Migra\u00e7\u00f5es e Din\u00e2micas Territoriais (GEPES)<\/span><\/strong><span style=\"color: #ff0000\"> <a style=\"color: #ff0000\" href=\"https:\/\/gepes-unicentro.webnode.page\/\" target=\"_blank\" rel=\"noopener\">https:\/\/gepes-unicentro.webnode.page\/<\/a><\/span><\/span><\/li>\n<li><span style=\"font-size: 14pt\"><span style=\"color: #000000\"><strong>Laborat\u00f3rio de Estudos em Educa\u00e7\u00e3o Geogr\u00e1fica e Cartografia Escolar (EDUCART)<\/strong><\/span> <span style=\"color: #ff0000\"><a style=\"color: #ff0000\" href=\"https:\/\/www3.unicentro.br\/educartgeo\/\" target=\"_blank\" rel=\"noopener\">https:\/\/www3.unicentro.br\/educartgeo\/<\/a><\/span><\/span><\/li>\n<li><span style=\"font-size: 14pt\"><strong><span style=\"color: #000000\">Laborat\u00f3rio Estudos Urbanos (LEPUR)<\/span><\/strong><span style=\"color: #000000\"> <span style=\"color: #ff0000\"><a style=\"color: #ff0000\" href=\"https:\/\/www3.unicentro.br\/lepur\/\" target=\"_blank\" rel=\"noopener\">https:\/\/www3.unicentro.br\/lepur\/<\/a><\/span><\/span><\/span><\/li>\n<\/ul>\n","protected":false},"excerpt":{"rendered":"<p>Laborat\u00f3rio de Hidrologia (LABHIDRO) https:\/\/www3.unicentro.br\/labhidro\/ Laborat\u00f3rio de Eros\u00e3o de Solos (LABES) https:\/\/sites.google.com\/view\/soilerosionlab\/home Laborat\u00f3rio de Estudos Clim\u00e1ticos e Impactos Ambientais (LACLIAM) https:\/\/www3.unicentro.br\/ppgg\/wp-content\/uploads\/sites\/48\/2020\/11\/Lacliam.pdf Laborat\u00f3rio de Estudos em Geoecon\u00f4mica (LABGECON) https:\/\/www3.unicentro.br\/ppgg\/wp-content\/uploads\/sites\/48\/2020\/11\/Pag-Lab-Estudos-em-GeoEconomica-PPGG-20.pdf Grupo de Pesquisa Redes de Poder, Migra\u00e7\u00f5es e Din\u00e2micas Territoriais (GEPES) https:\/\/gepes-unicentro.webnode.page\/ Laborat\u00f3rio de Estudos em Educa\u00e7\u00e3o Geogr\u00e1fica e Cartografia Escolar (EDUCART) https:\/\/www3.unicentro.br\/educartgeo\/ Laborat\u00f3rio Estudos Urbanos (LEPUR) [&hellip;]<\/p>\n","protected":false},"author":3,"featured_media":0,"parent":66,"menu_order":0,"comment_status":"closed","ping_status":"closed","template":"","meta":{"_exactmetrics_skip_tracking":false,"_exactmetrics_sitenote_active":false,"_exactmetrics_sitenote_note":"","_exactmetrics_sitenote_category":0,"footnotes":"","_links_to":"","_links_to_target":""},"class_list":["post-32","page","type-page","status-publish","hentry"],"_links":{"self":[{"href":"https:\/\/www3.unicentro.br\/degeog\/wp-json\/wp\/v2\/pages\/32","targetHints":{"allow":["GET"]}}],"collection":[{"href":"https:\/\/www3.unicentro.br\/degeog\/wp-json\/wp\/v2\/pages"}],"about":[{"href":"https:\/\/www3.unicentro.br\/degeog\/wp-json\/wp\/v2\/types\/page"}],"author":[{"embeddable":true,"href":"https:\/\/www3.unicentro.br\/degeog\/wp-json\/wp\/v2\/users\/3"}],"replies":[{"embeddable":true,"href":"https:\/\/www3.unicentro.br\/degeog\/wp-json\/wp\/v2\/comments?post=32"}],"version-history":[{"count":0,"href":"https:\/\/www3.unicentro.br\/degeog\/wp-json\/wp\/v2\/pages\/32\/revisions"}],"up":[{"embeddable":true,"href":"https:\/\/www3.unicentro.br\/degeog\/wp-json\/wp\/v2\/pages\/66"}],"wp:attachment":[{"href":"https:\/\/www3.unicentro.br\/degeog\/wp-json\/wp\/v2\/media?parent=32"}],"curies":[{"name":"wp","href":"https:\/\/api.w.org\/{rel}","templated":true}]}}