{"id":20,"date":"2021-04-28T14:25:12","date_gmt":"2021-04-28T17:25:12","guid":{"rendered":"https:\/\/www3.unicentro.br\/degeog\/pagina-exemplo\/"},"modified":"2021-04-28T17:08:31","modified_gmt":"2021-04-28T20:08:31","slug":"inicial","status":"publish","type":"page","link":"https:\/\/www3.unicentro.br\/degeog\/","title":{"rendered":"Inicial"},"content":{"rendered":"<div class=\"wpb-content-wrapper\"><p>[vc_row u_row_style=&#8221;0&#8243; u_row_paralax=&#8221;0&#8243; u_row_scheme=&#8221;0&#8243; css=&#8221;.vc_custom_1619640379674{margin-top: -40px !important;}&#8221;][vc_column]\n\t\t\t\t<p class=\"rs-p-wp-fix\"><\/p>\n\t\t\t\t<sr7-module data-alias=\"home\" data-id=\"1\" id=\"SR7_1_1\" data-version=\"6.7.51\">\n\t\t\t\t\t<sr7-adjuster><\/sr7-adjuster>\n\t\t\t\t\t<sr7-content>\n\t\t\t\t\t\t<sr7-slide id=\"SR7_1_1-1\" data-key=\"1\">\n\t\t\t\t\t\t\t<sr7-bg id=\"SR7_1_1-1-slidebg\" class=\"sr7-layer\"><noscript><img decoding=\"async\" src=\"https:\/\/www3.unicentro.br\/degeog\/wp-content\/uploads\/sites\/122\/2021\/04\/slider.jpg\" alt=\"\" title=\"slider\"><\/noscript><\/sr7-bg>\n\t\t\t\t\t\t\t<sr7-txt id=\"SR7_1_1-1-0\" class=\"sr7-layer\">Departamento de<br \/>\nGeografia<\/sr7-txt>\n\t\t\t\t\t\t\t<sr7-txt id=\"SR7_1_1-1-1\" class=\"sr7-layer\">Campus Cedeteg - Unicentro<\/sr7-txt>\n\t\t\t\t\t\t<\/sr7-slide>\n\t\t\t\t\t\t<sr7-slide id=\"SR7_1_1-2\" data-key=\"2\">\n\t\t\t\t\t\t<\/sr7-slide>\n\t\t\t\t\t<\/sr7-content>\n\t\t\t\t<\/sr7-module>\n\t\t\t\t<script>\n\t\t\t\t\twindow.SR7 ??={};SR7.PMH ??={}; SR7.PMH[\"SR7_1_1\"] = {cn:100,state:false,fn: function() { if (window._tpt!==undefined && window._tpt.prepareModuleHeight !== undefined) {  _tpt.prepareModuleHeight({id:\"SR7_1_1\",el:[340],type:'standard',shdw:'0',gh:[340],gw:[1200],vpt:['-200px'],size:{fullWidth:true, fullHeight:false},off:{\"t\":[\"0px\",\"0px\",\"0px\",\"0px\",\"0px\"],\"b\":[\"50px\",\"50px\",\"50px\",\"50px\",\"50px\"],\"l\":[\"0px\",\"0px\",\"0px\",\"0px\",\"0px\"],\"r\":[\"0px\",\"0px\",\"0px\",\"0px\",\"0px\"]},mh:'0',onh:0,onw:0,bg:{color:'transparent'}});   SR7.PMH[\"SR7_1_1\"].state=true;} else if(SR7.PMH[\"SR7_1_1\"].cn-->0)\tsetTimeout( SR7.PMH[\"SR7_1_1\"].fn,19);}};SR7.PMH[\"SR7_1_1\" ].fn();\n\t\t\t\t<\/script>\n[vc_column_text css=&#8221;.vc_custom_1619640500002{margin-top: 40px !important;}&#8221;]<\/p>\n<p style=\"text-align: center\">A Geografia aborda o planejamento, a organiza\u00e7\u00e3o do espa\u00e7o e a gest\u00e3o do territ\u00f3rio, nas suas vertentes ambientais e sociais.<\/p>\n<p style=\"text-align: center\">O Departamento de Geografia da Unicentro oferta os cursos de Licenciatura e Bacharelado em Geografia. O licenciado em Geografia atua no\u00a0ensino b\u00e1sico, bem como em universidades quando segue a carreira acad\u00eamica no Ensino Superior. J\u00e1 o bacharel ge\u00f3grafo pode atuar com an\u00e1lise e planejamento do territ\u00f3rio nos setores privado e estatal.<\/p>\n<p style=\"text-align: center\">Atualmente, a Ci\u00eancia Geogr\u00e1fica tem como foco a organiza\u00e7\u00e3o da sociedade e os diversos aspectos da natureza, em sua inter-rela\u00e7\u00e3o. Para tanto, no \u00e2mbito da Geografia s\u00e3o desenvolvidas atividades que consideram a \u00f3tica espacial dos processos s\u00f3cio-econ\u00f4micos, pol\u00edticos, culturais, ambientais, utilizando-se da pesquisa, ensino e extens\u00e3o.<\/p>\n<p style=\"text-align: center\">Os ge\u00f3grafos trabalham com pesquisa e o ensino nos diversos n\u00edveis, al\u00e9m de atuarem em empresas, elaborando e executando projetos de planejamento nos espa\u00e7os urbanos e rurais, podendo abranger as escalas municipais, regionais e nacionais, al\u00e9m dos reflexos das rela\u00e7\u00f5es globais no contexto local, tanto em termos de aspectos humanos como das quest\u00f5es ambientais.<\/p>\n<p style=\"text-align: center\">O Departamento de Geografia &#8211; Unicentro, Guarapuava-PR, localizado no Campus Cedeteg, disp\u00f5e de v\u00e1rios laborat\u00f3rios de pesquisa e ensino. O Degeo possui um grupo PET e conta com sete grupos de pesquisa e ainda com o Pibid.<\/p>\n<p>[\/vc_column_text][\/vc_column][\/vc_row]<\/p>\n<\/div>","protected":false},"excerpt":{"rendered":"<p>[vc_row u_row_style=&#8221;0&#8243; u_row_paralax=&#8221;0&#8243; u_row_scheme=&#8221;0&#8243; css=&#8221;.vc_custom_1619640379674{margin-top: -40px !important;}&#8221;][vc_column][vc_column_text css=&#8221;.vc_custom_1619640500002{margin-top: 40px !important;}&#8221;] A Geografia aborda o planejamento, a organiza\u00e7\u00e3o do espa\u00e7o e a gest\u00e3o do territ\u00f3rio, nas suas vertentes ambientais e sociais. O Departamento de Geografia da Unicentro oferta os cursos de Licenciatura e Bacharelado em Geografia. O licenciado em Geografia atua no\u00a0ensino b\u00e1sico, bem como em [&hellip;]<\/p>\n","protected":false},"author":3,"featured_media":0,"parent":0,"menu_order":0,"comment_status":"closed","ping_status":"closed","template":"page-templates\/front-page.php","meta":{"_exactmetrics_skip_tracking":false,"_exactmetrics_sitenote_active":false,"_exactmetrics_sitenote_note":"","_exactmetrics_sitenote_category":0,"footnotes":"","_links_to":"","_links_to_target":""},"class_list":["post-20","page","type-page","status-publish","hentry"],"_links":{"self":[{"href":"https:\/\/www3.unicentro.br\/degeog\/wp-json\/wp\/v2\/pages\/20","targetHints":{"allow":["GET"]}}],"collection":[{"href":"https:\/\/www3.unicentro.br\/degeog\/wp-json\/wp\/v2\/pages"}],"about":[{"href":"https:\/\/www3.unicentro.br\/degeog\/wp-json\/wp\/v2\/types\/page"}],"author":[{"embeddable":true,"href":"https:\/\/www3.unicentro.br\/degeog\/wp-json\/wp\/v2\/users\/3"}],"replies":[{"embeddable":true,"href":"https:\/\/www3.unicentro.br\/degeog\/wp-json\/wp\/v2\/comments?post=20"}],"version-history":[{"count":0,"href":"https:\/\/www3.unicentro.br\/degeog\/wp-json\/wp\/v2\/pages\/20\/revisions"}],"wp:attachment":[{"href":"https:\/\/www3.unicentro.br\/degeog\/wp-json\/wp\/v2\/media?parent=20"}],"curies":[{"name":"wp","href":"https:\/\/api.w.org\/{rel}","templated":true}]}}