{"id":119,"date":"2023-02-13T16:21:58","date_gmt":"2023-02-13T19:21:58","guid":{"rendered":"https:\/\/www3.unicentro.br\/degeog\/?page_id=119"},"modified":"2023-06-27T17:33:22","modified_gmt":"2023-06-27T20:33:22","slug":"bacharelado","status":"publish","type":"page","link":"https:\/\/www3.unicentro.br\/degeog\/documentos-normas-e-resolucoes\/bacharelado\/","title":{"rendered":"Bacharelado"},"content":{"rendered":"<h2 class=\"vc_custom_heading\"><span style=\"color: #000000;font-size: 18pt\"><strong>Matrizes<\/strong><\/span><\/h2>\n<ul>\n<li><span style=\"font-size: 12pt;color: #000000\"><strong>Matriz vigente (2006)<\/strong> <span style=\"color: #ff0000\"><a style=\"color: #ff0000\" href=\"https:\/\/www3.unicentro.br\/proen\/cursos\/matrizes-curriculares\/matriz-geografia-bacharelado-guarapuava\/\" target=\"_blank\" rel=\"noopener\">https:\/\/www3.unicentro.br\/proen\/cursos\/matrizes-curriculares\/matriz-geografia-bacharelado-guarapuava\/\u00a0<\/a><\/span><br \/>\n<\/span><\/li>\n<li><span style=\"font-size: 12pt;color: #000000\"><strong>Matriz vigente (2022)<\/strong> <span style=\"color: #ff0000\"><a style=\"color: #ff0000\" href=\"https:\/\/www3.unicentro.br\/proen\/wp-content\/uploads\/sites\/41\/2022\/03\/Geografia-Bac.-G.pdf\" target=\"_blank\" rel=\"noopener\">https:\/\/www3.unicentro.br\/proen\/wp-content\/uploads\/sites\/41\/2022\/03\/Geografia-Bac.-G.pdf<\/a><\/span><\/span><\/li>\n<\/ul>\n<h2><strong><span style=\"color: #000000;font-size: 18pt\">Ementas<\/span><\/strong><\/h2>\n<ul>\n<li><span style=\"color: #000000;font-size: 12pt\"><strong>Ementas (2006)<\/strong>\u00a0<span style=\"color: #ff0000\"><a style=\"color: #ff0000\" href=\"https:\/\/www3.unicentro.br\/proen\/cursos\/matrizes-curriculares\/ementa-geografia-bacharelado-guarapuava\/\" target=\"_blank\" rel=\"noopener\">https:\/\/www3.unicentro.br\/proen\/cursos\/matrizes-curriculares\/ementa-geografia-bacharelado-guarapuava\/<\/a><\/span><\/span><\/li>\n<li><span style=\"color: #000000;font-size: 12pt\"><strong>Ementas (2022)\u00a0<\/strong><span style=\"color: #ff0000\"><a style=\"color: #ff0000\" href=\"https:\/\/www3.unicentro.br\/proen\/wp-content\/uploads\/sites\/41\/2022\/03\/GEOGRAFIA-BAC.-G-2022.pdf\" target=\"_blank\" rel=\"noopener\">https:\/\/www3.unicentro.br\/proen\/wp-content\/uploads\/sites\/41\/2022\/03\/GEOGRAFIA-BAC.-G-2022.pdf<\/a><\/span><\/span><\/li>\n<\/ul>\n<h2><strong><span style=\"color: #000000;font-size: 18pt\">Resolu\u00e7\u00f5es<\/span><\/strong><\/h2>\n<ul>\n<li><span style=\"color: #000000;font-size: 12pt\"><strong>Regulamento de Est\u00e1gio<\/strong> <span style=\"color: #ff0000\"><a style=\"color: #ff0000\" href=\"https:\/\/sgu.unicentro.br\/pcatooficiais\/imprimir\/F882FAC1\" target=\"_blank\" rel=\"noopener\">https:\/\/sgu.unicentro.br\/pcatooficiais\/imprimir\/F882FAC1<\/a><\/span><\/span><\/li>\n<li><span style=\"color: #000000;font-size: 12pt\"><strong>Regulamento da Curriculariza\u00e7\u00e3o da Extens\u00e3o<\/strong> <span style=\"color: #ff0000\"><a style=\"color: #ff0000\" href=\"https:\/\/sgu.unicentro.br\/pcatooficiais\/imprimir\/AC9CBEDB\" target=\"_blank\" rel=\"noopener\">https:\/\/sgu.unicentro.br\/pcatooficiais\/imprimir\/AC9CBEDB<\/a><\/span><\/span><\/li>\n<li><span style=\"color: #000000;font-size: 12pt\"><strong>Regulamento das Atividades Acad\u00eamicas Complementares, AAC<\/strong> <span style=\"color: #ff0000\"><a style=\"color: #ff0000\" href=\"https:\/\/sgu.unicentro.br\/pcatooficiais\/imprimir\/4C1F800D\" target=\"_blank\" rel=\"noopener\">https:\/\/sgu.unicentro.br\/pcatooficiais\/imprimir\/4C1F800D<\/a><\/span><\/span><\/li>\n<\/ul>\n","protected":false},"excerpt":{"rendered":"<p>Matrizes Matriz vigente (2006) https:\/\/www3.unicentro.br\/proen\/cursos\/matrizes-curriculares\/matriz-geografia-bacharelado-guarapuava\/\u00a0 Matriz vigente (2022) https:\/\/www3.unicentro.br\/proen\/wp-content\/uploads\/sites\/41\/2022\/03\/Geografia-Bac.-G.pdf Ementas Ementas (2006)\u00a0https:\/\/www3.unicentro.br\/proen\/cursos\/matrizes-curriculares\/ementa-geografia-bacharelado-guarapuava\/ Ementas (2022)\u00a0https:\/\/www3.unicentro.br\/proen\/wp-content\/uploads\/sites\/41\/2022\/03\/GEOGRAFIA-BAC.-G-2022.pdf Resolu\u00e7\u00f5es Regulamento de Est\u00e1gio https:\/\/sgu.unicentro.br\/pcatooficiais\/imprimir\/F882FAC1 Regulamento da Curriculariza\u00e7\u00e3o da Extens\u00e3o https:\/\/sgu.unicentro.br\/pcatooficiais\/imprimir\/AC9CBEDB Regulamento das Atividades Acad\u00eamicas Complementares, AAC https:\/\/sgu.unicentro.br\/pcatooficiais\/imprimir\/4C1F800D<\/p>\n","protected":false},"author":603,"featured_media":0,"parent":60,"menu_order":0,"comment_status":"closed","ping_status":"closed","template":"","meta":{"_exactmetrics_skip_tracking":false,"_exactmetrics_sitenote_active":false,"_exactmetrics_sitenote_note":"","_exactmetrics_sitenote_category":0,"footnotes":"","_links_to":"","_links_to_target":""},"class_list":["post-119","page","type-page","status-publish","hentry"],"_links":{"self":[{"href":"https:\/\/www3.unicentro.br\/degeog\/wp-json\/wp\/v2\/pages\/119","targetHints":{"allow":["GET"]}}],"collection":[{"href":"https:\/\/www3.unicentro.br\/degeog\/wp-json\/wp\/v2\/pages"}],"about":[{"href":"https:\/\/www3.unicentro.br\/degeog\/wp-json\/wp\/v2\/types\/page"}],"author":[{"embeddable":true,"href":"https:\/\/www3.unicentro.br\/degeog\/wp-json\/wp\/v2\/users\/603"}],"replies":[{"embeddable":true,"href":"https:\/\/www3.unicentro.br\/degeog\/wp-json\/wp\/v2\/comments?post=119"}],"version-history":[{"count":0,"href":"https:\/\/www3.unicentro.br\/degeog\/wp-json\/wp\/v2\/pages\/119\/revisions"}],"up":[{"embeddable":true,"href":"https:\/\/www3.unicentro.br\/degeog\/wp-json\/wp\/v2\/pages\/60"}],"wp:attachment":[{"href":"https:\/\/www3.unicentro.br\/degeog\/wp-json\/wp\/v2\/media?parent=119"}],"curies":[{"name":"wp","href":"https:\/\/api.w.org\/{rel}","templated":true}]}}