{"id":115,"date":"2023-02-13T16:19:14","date_gmt":"2023-02-13T19:19:14","guid":{"rendered":"https:\/\/www3.unicentro.br\/degeog\/?page_id=115"},"modified":"2023-06-27T17:34:51","modified_gmt":"2023-06-27T20:34:51","slug":"licenciatura","status":"publish","type":"page","link":"https:\/\/www3.unicentro.br\/degeog\/documentos-normas-e-resolucoes\/licenciatura\/","title":{"rendered":"Licenciatura"},"content":{"rendered":"<h2 class=\"vc_custom_heading\"><span style=\"color: #000000;font-size: 18pt\"><strong>Matrizes<\/strong><\/span><\/h2>\n<ul>\n<li><span style=\"font-size: 12pt;color: #000000\"><strong>Matriz vigente (2014 e 2020)<\/strong> <span style=\"color: #ff0000\"><a style=\"color: #ff0000\" href=\"https:\/\/www3.unicentro.br\/proen\/cursos\/matrizes-curriculares\/matriz-geografia-licenciatura-guarapuava\/\" target=\"_blank\" rel=\"noopener\">https:\/\/www3.unicentro.br\/proen\/cursos\/matrizes-curriculares\/matriz-geografia-licenciatura-guarapuava\/<\/a><\/span><\/span>\n<ul>\n<li><span style=\"font-size: 12pt;color: #000000\"><strong>Regulamento das Atividades Acad\u00eamicas Complementares, AAC<\/strong> <span style=\"color: #ff0000\"><a style=\"color: #ff0000\" href=\"https:\/\/sgu.unicentro.br\/pcatooficiais\/imprimir\/E7B939B2\" target=\"_blank\" rel=\"noopener\">https:\/\/sgu.unicentro.br\/pcatooficiais\/imprimir\/E7B939B2<\/a><\/span><\/span><\/li>\n<li><span style=\"font-size: 12pt;color: #000000\"><strong>Regulamento de Est\u00e1gio<\/strong> <span style=\"color: #ff0000\"><a style=\"color: #ff0000\" href=\"https:\/\/sgu.unicentro.br\/pcatooficiais\/imprimir\/CC1801EE\" target=\"_blank\" rel=\"noopener\">https:\/\/sgu.unicentro.br\/pcatooficiais\/imprimir\/CC1801EE<\/a><\/span><\/span><\/li>\n<li><span style=\"font-size: 12pt;color: #000000\"><strong>Regulamento de Trabalho de Conclus\u00e3o, TCC<\/strong> <span style=\"color: #ff0000\"><a style=\"color: #ff0000\" href=\"https:\/\/sgu.unicentro.br\/pcatooficiais\/imprimir\/701BC294\" target=\"_blank\" rel=\"noopener\">https:\/\/sgu.unicentro.br\/pcatooficiais\/imprimir\/701BC294<\/a><\/span><\/span><\/li>\n<\/ul>\n<\/li>\n<\/ul>\n<ul>\n<li><span style=\"font-size: 12pt;color: #000000\"><strong>Matriz vigente (2023)<\/strong> <span style=\"color: #ff0000\"><a style=\"color: #ff0000\" href=\"https:\/\/www3.unicentro.br\/proen\/wp-content\/uploads\/sites\/41\/2022\/12\/Matriz-Geografia_lic-2023.pdf\" target=\"_blank\" rel=\"noopener\">https:\/\/www3.unicentro.br\/proen\/wp-content\/uploads\/sites\/41\/2022\/12\/Matriz-Geografia_lic-2023.pdf<\/a><\/span><\/span>\n<ul>\n<li><span style=\"font-size: 12pt;color: #000000\"><strong>Regulamento da Curriculariza\u00e7\u00e3o da Extens\u00e3o no curso de Licenciatura<\/strong> <span style=\"color: #ff0000\"><a style=\"color: #ff0000\" href=\"https:\/\/sgu.unicentro.br\/pcatooficiais\/imprimir\/1DF51CCF\" target=\"_blank\" rel=\"noopener\">https:\/\/sgu.unicentro.br\/pcatooficiais\/imprimir\/1DF51CCF<\/a><\/span><\/span>\n<ul>\n<li><span style=\"color: #000000\"><strong>Altera\u00e7\u00e3o do regulamento<\/strong><\/span> <span style=\"color: #ff0000\"><a style=\"color: #ff0000\" href=\"https:\/\/sgu.unicentro.br\/pcatooficiais\/imprimir\/39CC83A1\" target=\"_blank\" rel=\"noopener\">https:\/\/sgu.unicentro.br\/pcatooficiais\/imprimir\/39CC83A1<\/a><\/span><\/li>\n<\/ul>\n<\/li>\n<li><span style=\"font-size: 12pt;color: #000000\"><strong>Regulamento das Atividades Acad\u00eamicas Complementares, AAC <\/strong><span style=\"color: #ff0000\"><a style=\"color: #ff0000\" href=\"https:\/\/sgu.unicentro.br\/pcatooficiais\/imprimir\/EB6660A5\" target=\"_blank\" rel=\"noopener\">https:\/\/sgu.unicentro.br\/pcatooficiais\/imprimir\/EB6660A5<\/a><\/span><span style=\"color: #ff0000\">\u00a0<\/span><\/span><\/li>\n<li><span style=\"font-size: 12pt;color: #000000\"><strong>Regulamento de Est\u00e1gio<\/strong> <span style=\"color: #ff0000\"><a style=\"color: #ff0000\" href=\"https:\/\/sgu.unicentro.br\/pcatooficiais\/imprimir\/CC1801EE\" target=\"_blank\" rel=\"noopener\">https:\/\/sgu.unicentro.br\/pcatooficiais\/imprimir\/CC1801EE<\/a><\/span><\/span>\n<ul>\n<li><span style=\"color: #000000\"><strong>Altera\u00e7\u00e3o do Regulamento<\/strong><\/span> <span style=\"color: #ff0000\"><a style=\"color: #ff0000\" href=\"https:\/\/sgu.unicentro.br\/pcatooficiais\/imprimir\/CB1E0182\" target=\"_blank\" rel=\"noopener\">https:\/\/sgu.unicentro.br\/pcatooficiais\/imprimir\/CB1E0182<\/a><\/span><\/li>\n<li><span style=\"color: #000000\"><strong>Retifica\u00e7\u00e3o da Alter\u00e7\u00e3o <\/strong><\/span><span style=\"color: #ff0000\"><a style=\"color: #ff0000\" href=\"https:\/\/sgu.unicentro.br\/pcatooficiais\/imprimir\/64F1089F\" target=\"_blank\" rel=\"noopener\">https:\/\/sgu.unicentro.br\/pcatooficiais\/imprimir\/64F1089F<\/a><\/span><\/li>\n<\/ul>\n<\/li>\n<li><span style=\"font-size: 12pt;color: #000000\"><strong>Regulamento de Trabalho de Conclus\u00e3o, TCC<\/strong> <span style=\"color: #ff0000\"><a style=\"color: #ff0000\" href=\"https:\/\/sgu.unicentro.br\/pcatooficiais\/imprimir\/701BC294\" target=\"_blank\" rel=\"noopener\">https:\/\/sgu.unicentro.br\/pcatooficiais\/imprimir\/701BC294<\/a><\/span><\/span><\/li>\n<\/ul>\n<\/li>\n<\/ul>\n<h2><span style=\"font-size: 18pt\"><strong><span style=\"color: #000000\">Ementas<\/span><\/strong><\/span><\/h2>\n<ul>\n<li><span style=\"color: #000000;font-size: 12pt\"><strong>Ementas (2014)<\/strong> <span style=\"color: #ff0000\"><a style=\"color: #ff0000\" href=\"https:\/\/www3.unicentro.br\/proen\/cursos\/matrizes-curriculares\/ementa-geografia-licenciatura-guarapuava-2014\/\" target=\"_blank\" rel=\"noopener\">https:\/\/www3.unicentro.br\/proen\/cursos\/matrizes-curriculares\/ementa-geografia-licenciatura-guarapuava-2014\/\u00a0<\/a><\/span><\/span><\/li>\n<li><span style=\"color: #000000;font-size: 12pt\"><strong>Ementas (2020 e 2023)<\/strong> <span style=\"color: #ff0000\"><a style=\"color: #ff0000\" href=\"https:\/\/www3.unicentro.br\/proen\/cursos\/matrizes-curriculares\/ementa-geografia-licenciatura-guarapuava-2020\/\" target=\"_blank\" rel=\"noopener\">https:\/\/www3.unicentro.br\/proen\/cursos\/matrizes-curriculares\/ementa-geografia-licenciatura-guarapuava-2020\/<\/a><\/span><\/span><\/li>\n<\/ul>\n<p>&nbsp;<\/p>\n","protected":false},"excerpt":{"rendered":"<p>Matrizes Matriz vigente (2014 e 2020) https:\/\/www3.unicentro.br\/proen\/cursos\/matrizes-curriculares\/matriz-geografia-licenciatura-guarapuava\/ Regulamento das Atividades Acad\u00eamicas Complementares, AAC https:\/\/sgu.unicentro.br\/pcatooficiais\/imprimir\/E7B939B2 Regulamento de Est\u00e1gio https:\/\/sgu.unicentro.br\/pcatooficiais\/imprimir\/CC1801EE Regulamento de Trabalho de Conclus\u00e3o, TCC https:\/\/sgu.unicentro.br\/pcatooficiais\/imprimir\/701BC294 Matriz vigente (2023) https:\/\/www3.unicentro.br\/proen\/wp-content\/uploads\/sites\/41\/2022\/12\/Matriz-Geografia_lic-2023.pdf Regulamento da Curriculariza\u00e7\u00e3o da Extens\u00e3o no curso de Licenciatura https:\/\/sgu.unicentro.br\/pcatooficiais\/imprimir\/1DF51CCF Altera\u00e7\u00e3o do regulamento https:\/\/sgu.unicentro.br\/pcatooficiais\/imprimir\/39CC83A1 Regulamento das Atividades Acad\u00eamicas Complementares, AAC https:\/\/sgu.unicentro.br\/pcatooficiais\/imprimir\/EB6660A5\u00a0 Regulamento de Est\u00e1gio https:\/\/sgu.unicentro.br\/pcatooficiais\/imprimir\/CC1801EE Altera\u00e7\u00e3o [&hellip;]<\/p>\n","protected":false},"author":603,"featured_media":0,"parent":60,"menu_order":0,"comment_status":"closed","ping_status":"closed","template":"","meta":{"_exactmetrics_skip_tracking":false,"_exactmetrics_sitenote_active":false,"_exactmetrics_sitenote_note":"","_exactmetrics_sitenote_category":0,"footnotes":"","_links_to":"","_links_to_target":""},"class_list":["post-115","page","type-page","status-publish","hentry"],"_links":{"self":[{"href":"https:\/\/www3.unicentro.br\/degeog\/wp-json\/wp\/v2\/pages\/115","targetHints":{"allow":["GET"]}}],"collection":[{"href":"https:\/\/www3.unicentro.br\/degeog\/wp-json\/wp\/v2\/pages"}],"about":[{"href":"https:\/\/www3.unicentro.br\/degeog\/wp-json\/wp\/v2\/types\/page"}],"author":[{"embeddable":true,"href":"https:\/\/www3.unicentro.br\/degeog\/wp-json\/wp\/v2\/users\/603"}],"replies":[{"embeddable":true,"href":"https:\/\/www3.unicentro.br\/degeog\/wp-json\/wp\/v2\/comments?post=115"}],"version-history":[{"count":0,"href":"https:\/\/www3.unicentro.br\/degeog\/wp-json\/wp\/v2\/pages\/115\/revisions"}],"up":[{"embeddable":true,"href":"https:\/\/www3.unicentro.br\/degeog\/wp-json\/wp\/v2\/pages\/60"}],"wp:attachment":[{"href":"https:\/\/www3.unicentro.br\/degeog\/wp-json\/wp\/v2\/media?parent=115"}],"curies":[{"name":"wp","href":"https:\/\/api.w.org\/{rel}","templated":true}]}}