{"id":85,"date":"2021-06-02T11:41:02","date_gmt":"2021-06-02T14:41:02","guid":{"rendered":"https:\/\/www3.unicentro.br\/defisio\/?page_id=85"},"modified":"2021-09-21T12:23:26","modified_gmt":"2021-09-21T15:23:26","slug":"estagios","status":"publish","type":"page","link":"https:\/\/www3.unicentro.br\/defisio\/departamento\/estagios\/","title":{"rendered":"Est\u00e1gios"},"content":{"rendered":"<p>O Est\u00e1gio Supervisionado Obrigat\u00f3rio em Fisioterapia ocorre nos 4\u00ba e 5\u00ba anos do curso sob supervis\u00e3o direta de um professor do Departamento. S\u00e3o mais de 800h de pr\u00e1tica fisioterap\u00eautica com paciente em diversos servi\u00e7os de sa\u00fade (cl\u00ednica, hospital, unidade b\u00e1sica de sa\u00fade). O est\u00e1gio ocorre em diversas \u00e1reas de atua\u00e7\u00e3o fisioterap\u00eautica: neurologia (adulto e infantil), ortopedia, traumatologia, gerontologia, cardiorrespirat\u00f3ria, sa\u00fade coletiva, sa\u00fade do trabalhador, entre outras, e tem por objetivo desenvolver as habilidades t\u00e9cnicas do estudante para o exerc\u00edcio profissional de forma generalista.<\/p>\n","protected":false},"excerpt":{"rendered":"<p>O Est\u00e1gio Supervisionado Obrigat\u00f3rio em Fisioterapia ocorre nos 4\u00ba e 5\u00ba anos do curso sob supervis\u00e3o direta de um professor do Departamento. S\u00e3o mais de 800h de pr\u00e1tica fisioterap\u00eautica com paciente em diversos servi\u00e7os de sa\u00fade (cl\u00ednica, hospital, unidade b\u00e1sica de sa\u00fade). O est\u00e1gio ocorre em diversas \u00e1reas de atua\u00e7\u00e3o fisioterap\u00eautica: neurologia (adulto e infantil), [&hellip;]<\/p>\n","protected":false},"author":3,"featured_media":0,"parent":17,"menu_order":0,"comment_status":"closed","ping_status":"closed","template":"","meta":{"_exactmetrics_skip_tracking":false,"_exactmetrics_sitenote_active":false,"_exactmetrics_sitenote_note":"","_exactmetrics_sitenote_category":0,"footnotes":"","_links_to":"","_links_to_target":""},"class_list":["post-85","page","type-page","status-publish","hentry"],"_links":{"self":[{"href":"https:\/\/www3.unicentro.br\/defisio\/wp-json\/wp\/v2\/pages\/85","targetHints":{"allow":["GET"]}}],"collection":[{"href":"https:\/\/www3.unicentro.br\/defisio\/wp-json\/wp\/v2\/pages"}],"about":[{"href":"https:\/\/www3.unicentro.br\/defisio\/wp-json\/wp\/v2\/types\/page"}],"author":[{"embeddable":true,"href":"https:\/\/www3.unicentro.br\/defisio\/wp-json\/wp\/v2\/users\/3"}],"replies":[{"embeddable":true,"href":"https:\/\/www3.unicentro.br\/defisio\/wp-json\/wp\/v2\/comments?post=85"}],"version-history":[{"count":0,"href":"https:\/\/www3.unicentro.br\/defisio\/wp-json\/wp\/v2\/pages\/85\/revisions"}],"up":[{"embeddable":true,"href":"https:\/\/www3.unicentro.br\/defisio\/wp-json\/wp\/v2\/pages\/17"}],"wp:attachment":[{"href":"https:\/\/www3.unicentro.br\/defisio\/wp-json\/wp\/v2\/media?parent=85"}],"curies":[{"name":"wp","href":"https:\/\/api.w.org\/{rel}","templated":true}]}}