{"id":79,"date":"2021-06-02T11:38:56","date_gmt":"2021-06-02T14:38:56","guid":{"rendered":"https:\/\/www3.unicentro.br\/defisio\/?page_id=79"},"modified":"2021-06-02T11:38:56","modified_gmt":"2021-06-02T14:38:56","slug":"grupos-de-pesquisa","status":"publish","type":"page","link":"https:\/\/www3.unicentro.br\/defisio\/departamento\/grupos-de-pesquisa\/","title":{"rendered":"Grupos de Pesquisa"},"content":{"rendered":"<ul>\n<li><a href=\"http:\/\/dgp.cnpq.br\/dgp\/espelhogrupo\/7445030453344800\">Sa\u00fade e Reabilita\u00e7\u00e3o<\/a><\/li>\n<li><a href=\"http:\/\/dgp.cnpq.br\/dgp\/espelhogrupo\/250283\">Estudos em Imunologia, Virologia e Neuroinflama\u00e7\u00e3o<\/a><\/li>\n<li><a href=\"http:\/\/dgp.cnpq.br\/dgp\/espelhogrupo\/1284568111113622\">Fisioterapia: investiga\u00e7\u00e3o, avalia\u00e7\u00e3o e interven\u00e7\u00e3o<\/a><\/li>\n<li><a href=\"http:\/\/dgp.cnpq.br\/dgp\/espelhogrupo\/1963196284449288\">N\u00facleo de Estudos em Fisioterapia<\/a><\/li>\n<\/ul>\n<p>&nbsp;<\/p>\n","protected":false},"excerpt":{"rendered":"<p>Sa\u00fade e Reabilita\u00e7\u00e3o Estudos em Imunologia, Virologia e Neuroinflama\u00e7\u00e3o Fisioterapia: investiga\u00e7\u00e3o, avalia\u00e7\u00e3o e interven\u00e7\u00e3o N\u00facleo de Estudos em Fisioterapia &nbsp;<\/p>\n","protected":false},"author":3,"featured_media":0,"parent":17,"menu_order":0,"comment_status":"closed","ping_status":"closed","template":"","meta":{"_exactmetrics_skip_tracking":false,"_exactmetrics_sitenote_active":false,"_exactmetrics_sitenote_note":"","_exactmetrics_sitenote_category":0,"footnotes":"","_links_to":"","_links_to_target":""},"class_list":["post-79","page","type-page","status-publish","hentry"],"_links":{"self":[{"href":"https:\/\/www3.unicentro.br\/defisio\/wp-json\/wp\/v2\/pages\/79","targetHints":{"allow":["GET"]}}],"collection":[{"href":"https:\/\/www3.unicentro.br\/defisio\/wp-json\/wp\/v2\/pages"}],"about":[{"href":"https:\/\/www3.unicentro.br\/defisio\/wp-json\/wp\/v2\/types\/page"}],"author":[{"embeddable":true,"href":"https:\/\/www3.unicentro.br\/defisio\/wp-json\/wp\/v2\/users\/3"}],"replies":[{"embeddable":true,"href":"https:\/\/www3.unicentro.br\/defisio\/wp-json\/wp\/v2\/comments?post=79"}],"version-history":[{"count":0,"href":"https:\/\/www3.unicentro.br\/defisio\/wp-json\/wp\/v2\/pages\/79\/revisions"}],"up":[{"embeddable":true,"href":"https:\/\/www3.unicentro.br\/defisio\/wp-json\/wp\/v2\/pages\/17"}],"wp:attachment":[{"href":"https:\/\/www3.unicentro.br\/defisio\/wp-json\/wp\/v2\/media?parent=79"}],"curies":[{"name":"wp","href":"https:\/\/api.w.org\/{rel}","templated":true}]}}