{"id":75,"date":"2021-06-02T11:26:55","date_gmt":"2021-06-02T14:26:55","guid":{"rendered":"https:\/\/www3.unicentro.br\/defisio\/?page_id=75"},"modified":"2021-07-26T10:57:07","modified_gmt":"2021-07-26T13:57:07","slug":"disciplinas","status":"publish","type":"page","link":"https:\/\/www3.unicentro.br\/defisio\/departamento\/disciplinas\/","title":{"rendered":"Disciplinas"},"content":{"rendered":"<div class=\"wpb-content-wrapper\"><p>[vc_row][vc_column][vc_tta_accordion style=&#8221;flat&#8221; shape=&#8221;square&#8221; spacing=&#8221;2&#8243; active_section=&#8221;100&#8243; collapsible_all=&#8221;true&#8221;][vc_tta_section title=&#8221;1\u00aa s\u00e9rie&#8221; tab_id=&#8221;1622643620608-47cd20d7-7661&#8243;][vc_column_text]<strong>ANATOMIA HUMANA C\/H 136 (1838)<\/strong><br \/>\nEstudo morfol\u00f3gico dos \u00f3rg\u00e3os e sistemas que constituem o organismo humano, com nfase para os aspectos que se relacionam a pr\u00e1tica da Fisioterapia.<\/p>\n<p><strong>BIOQU\u00cdMICA C\/H 68 (2382)<\/strong><br \/>\nQu\u00edmica e metabolismo de amino\u00e1cidos, prote\u00ednas, glic\u00eddeos, lip\u00eddeos, \u00e1cidos nucl\u00e9icos e porfirinas. Vitaminas, prote\u00ednas, enzimas e biocat\u00e1lise. Horm\u00f4nios nitrogenados e n\u00e3o nitrogenados. Vias metab\u00f3licas etransfer\u00eancia energ\u00e9tica. Oxida\u00e7\u00f5es biol\u00f3gicas. Fosforila\u00e7\u00e3o oxidativa. Metabolismo da \u00e1gua e dos eletr\u00f3litos. Bioqu\u00edmica dos l\u00edquidos biol\u00f3gicos. Explora\u00e7\u00e3o bioqu\u00edmica das principais vias metab\u00f3licas do organismo. T\u00f3picos iniciais em biologia molecular. Eletroforese.<\/p>\n<p><strong>CITOLOGIA E HISTOLOGIA C\/H 68 (2383)<\/strong><br \/>\nEstrutura celular. Estrutura do citoplasma e n\u00facleo. Divis\u00e3o celular. Aspectos morfol\u00f3gicos das c\u00e9lulas que comp\u00f5em os tecidos epiteliais, conjuntivo, cartilaginoso, \u00f3sseo, nervoso, muscular, circulat\u00f3rio, sangue, hemocitopoese e respirat\u00f3rio, com abordagem da morfologia e da histofisiologia das c\u00e9lulas e matrizes extracelulares que constituem esses tecidos.<\/p>\n<p><strong>FISIOLOGIA HUMANA C\/H 136 (2384)<\/strong><br \/>\nEstudo das membranas celulares, mecanismos de transporte. Estudo e integra\u00e7\u00e3o das fun\u00e7\u00f5es dos \u00f3rg\u00e3os e sistemas do corpo humano. Sistema nervoso, muscular, respirat\u00f3rio, cardiovascular, end\u00f3crino, digest\u00f3rio e urin\u00e1rio.<\/p>\n<p><strong>FUNDAMENTOS DE BIOF\u00cdSICA PARA RECURSOS FISIOTERAP\u00caUTICOS C\/H 68 (2386)<\/strong><br \/>\nIntrodu\u00e7\u00e3o a mec\u00e2nica relacionada ao corpo humano: for\u00e7as, alavancas, polias, sistemas de rota\u00e7\u00e3o e flex\u00e3o, principio da conserva\u00e7\u00e3o da energia mec\u00e2nica, elasticidade, plasticidade e fraturas. Princ\u00edpios da bioenerg\u00e9tica. Introdu\u00e7\u00e3o \u00e0 eletricidade: bioeletricidade, fontes de tens\u00e3o, corrente el\u00e9trica, resist\u00eancia e capacit\u00e2ncia no organismo. Efeitos e aplica\u00e7\u00f5es, terapia e diagn\u00f3stico. Princ\u00edpio de funcionamento de equipamentos fisioter\u00e1picos. Introdu\u00e7\u00e3o \u00e0 F\u00edsica Moderna: ondas eletromagn\u00e9ticas e sonoras. Efeitos, tratamentos e diagn\u00f3sticos das radia\u00e7\u00f5es. Terapia e diagn\u00f3stico.<\/p>\n<p><strong>FISIOTERAPIA E CULTURA C\/H 68 (3310)<\/strong><br \/>\nAbordagem social, cultural e dos Direitos Humanos no campo da sa\u00fade e suas implica\u00e7\u00f5es. Compreens\u00e3o do processo sa\u00fade doen\u00e7a das dimens\u00f5es s\u00f3cio-culturais da diversidade humana relacionados com a pr\u00e1tica da Fisioterapia. Contextualiza\u00e7\u00e3o \u00e0s quest\u00f5es relativas aos Direitos coletivos e individuais das maiorias e minorias.<\/p>\n<p><strong>HIST\u00d3RIA, CONCEITOS E EVOLU\u00c7\u00c3O DA FISIOTERAPIA C\/H 68 (2388)<\/strong><br \/>\nHist\u00f3ria e evolu\u00e7\u00e3o da Fisioterapia no mundo e no Brasil. Conceitos e campos de atua\u00e7\u00e3o fisioterap\u00eautica nas especialidades na \u00e1rea de Sa\u00fade. \u00d3rg\u00e3os regulamentadores da profiss\u00e3o de Fisioterapia. Estudo da rela\u00e7\u00f5es socioculturais e \u00e9tnico-raciais da Fisioterapia com enfoque em Sa\u00fade<\/p>\n<p><strong>INGL\u00caS INSTRUMENTAL EM SA\u00daDE C\/H 68 (2389)<\/strong><br \/>\nDesenvolvimento de estrat\u00e9gias de leitura de vocabul\u00e1rio e de gram\u00e1tica visando \u00e0 compreens\u00e3o geral detalhada de diferentes tipos de textos referentes \u00e0 \u00e1rea da sa\u00fade.<\/p>\n<p><strong>NEUROANATOMIA FUNCIONAL C\/H 68 (2390)<\/strong><br \/>\nConhecimento te\u00f3rico-pr\u00e1tico sobre a anatomia funcional do sistema nervoso nos seus m\u00faltiplos n\u00edveis. Estruturas nervosas e suas correla\u00e7\u00f5es fisiol\u00f3gicas b\u00e1sicas e aplica\u00e7\u00f5es na Fisioterapia.[\/vc_column_text][\/vc_tta_section][vc_tta_section title=&#8221;2\u00aa s\u00e9rie&#8221; tab_id=&#8221;1622643705408-28a2ee49-5f2b&#8221;][vc_column_text]<strong>BASES M\u00c9TODOS DE AVALIA\u00c7\u00c3O EM FISIOTERAPIA C\/H 68 (2405)<\/strong><br \/>\nConceitos b\u00e1sicos em Semiologia. M\u00e9todos e t\u00e9cnicas de avalia\u00e7\u00e3o nas diversas \u00e1reas de atua\u00e7\u00e3o fisioterap\u00eautica.<\/p>\n<p><strong>CINESIOLOGIA C\/H 136 (2406)<\/strong><br \/>\nDefini\u00e7\u00e3o, objetivos e considera\u00e7\u00f5es sobre Cinesiologia. Introdu\u00e7\u00e3o ao movimento. A coluna vertebral e suas deformidades, coordena\u00e7\u00e3o, transtornos circulat\u00f3rios, nas \u00e1reas de Neurologia, Ortopedia e Traumatologia, Pneumologia, Ginecologia e Obstetr\u00edcia, Cardiologia, Geriatria.<\/p>\n<p><strong>ELETROTERMOFOTOTERAPIA C\/H 136 (2407)<\/strong><br \/>\nO estudo e aplica\u00e7\u00e3o dos recursos da eletroterapia, termoterapia, fototerapia, campos magn\u00e9ticos e ac\u00fasticos. A terap\u00eautica atrav\u00e9s das correntes el\u00e9tricas e varia\u00e7\u00e3o de temperatura: princ\u00edpios f\u00edsicos e fisiol\u00f3gicos, propriedades terap\u00eauticas dos recursos el\u00e9tricos, t\u00e9rmicos, fototerap\u00eauticos, ac\u00fasticos, t\u00e9cnicas de aplica\u00e7\u00e3o e tratamento, indica\u00e7\u00f5es e contra-indica\u00e7\u00f5es.<\/p>\n<p><strong>FARMACOLOGIA C\/H 68 (2408)<\/strong><br \/>\nIntrodu\u00e7\u00e3o e conceitos em farmacologia. Farmacocin\u00e9tica. Farmacocin\u00e9tica clinica. Farmacodin\u00e2mica. Farmacologia dos sistemas nervoso central e aut\u00f4nomo, cardiovasculorenal, respirat\u00f3rio, digest\u00f3rio e imunol\u00f3gico. Farmacologia end\u00f3crina, da dor e inflama\u00e7\u00e3o. Terapia t\u00f3pica.<\/p>\n<p><strong>FISIOLOGIA DO EXERC\u00cdCIO TERAP\u00caUTICO C\/H 68 (2409)<\/strong><br \/>\nEstudo da fisiologia do exerc\u00edcio terap\u00eautico, bioenerg\u00e9tica e desempenho muscular. Rela\u00e7\u00e3o entre princ\u00edpios fisiol\u00f3gicos do sistema muscular, cardiovascular e respirat\u00f3rio durante exerc\u00edcio terap\u00eautico e suas aplica\u00e7\u00f5es clinicas.<\/p>\n<p><strong>FISIOTERAPIA PREVENTIVA E ERGONOMIA C\/H 136 (2410)<\/strong><br \/>\nConceitos, normas e fundamentos para a aplica\u00e7\u00e3o da Fisioterapia Preventiva. Atua\u00e7\u00e3o fisioterap\u00eautica preventiva em escolas, ind\u00fastrias, esporte, geriatria, obstetr\u00edcia e sociedade em geral. Campanhas preventivas. Sa\u00fade do trabalhador e reabilita\u00e7\u00e3o profissional. Introdu\u00e7\u00e3o ao estudo da Ergonomia. Metodologia de an\u00e1lise ergon\u00f4mica do trabalho e tecnologia aplic\u00e1veis. Recomenda\u00e7\u00f5es ergon\u00f4micas NR-17 \u2013 Ergonomia.<\/p>\n<p><strong>IMUNOLOGIA C\/H 68 (2411)<\/strong><br \/>\nImunidade inata e adaptativa. Resposta imune, humoral e celular. Ant\u00edgenos. Estrutura e fun\u00e7\u00e3o das imunoglobulinas. Fator complemento. Complexo principal de histocompatibilidade. Imuniza\u00e7\u00f5es. Hipersensibilidade. Transplante. Auto-imunidade.<\/p>\n<p><strong>MICROBIOLOGIA C\/H 68 (2412)<\/strong><br \/>\nEstudo do isolamento, identifica\u00e7\u00e3o e controle das bact\u00e9rias de interesse para as ci\u00eancias da sa\u00fade. Bioqu\u00edmica, a\u00e7\u00f5es sobre carboidratos e prote\u00ednas. Mat\u00e9rias-prima e meios de cultura. Classifica\u00e7\u00e3o, cultura e meio de crescimento. Infec\u00e7\u00e3o e controle. Microbiologia b\u00e1sica, pat\u00f3genos microbianos. M\u00e9todos de laborat\u00f3rios em microbiologia. Grupos importantes de bact\u00e9rias e v\u00edrus patog\u00eanicos. Generalidades sobre riqu\u00e9tsias, clam\u00eddeas, microplasmas e v\u00edrus.<\/p>\n<p><strong>PATOLOGIA GERAL DE \u00d3RG\u00c3OS E SISTEMAS C\/H 68 (2413)<\/strong><br \/>\nProcessos fisiopatol\u00f3gicos gerais dos \u00f3rg\u00e3os e sistemas humanos nos processos patol\u00f3gicos b\u00e1sicos. Adapta\u00e7\u00e3o celular, les\u00f5es revers\u00edveis e irrevers\u00edveis. Altera\u00e7\u00f5es celulares de crescimento e diferencia\u00e7\u00e3o. Inflama\u00e7\u00e3o e reparo. Dist\u00farbios h\u00eddricos e hemodin\u00e2micos. Dist\u00farbios nutricionais. Introdu\u00e7\u00e3o as principais doen\u00e7as dos diversos sistemas e aparelhos.<\/p>\n<p><strong>RECURSOS TERAP\u00caUTICOS MANUAIS C\/H 68 (2414)<\/strong><br \/>\nHist\u00f3rico, estudo e an\u00e1lise das t\u00e9cnicas de massagem, mobiliza\u00e7\u00e3o, manipula\u00e7\u00f5es articulares e outras t\u00e9cnicas complementares. Fisiologia, efeitos terap\u00eauticos, indica\u00e7\u00f5es e contra indica\u00e7\u00f5es.[\/vc_column_text][\/vc_tta_section][vc_tta_section title=&#8221;3\u00aa s\u00e9rie&#8221; tab_id=&#8221;1622643779078-01507f16-4c2c&#8221;][vc_column_text]<strong>ATIVIDADE DE OBSERVA\u00c7\u00c3O EM FISIOTERAPIA C\/H 68 (2415)<\/strong><br \/>\nObserva\u00e7\u00e3o supervisionada da atua\u00e7\u00e3o fisioterap\u00eautica nos diversos projetos de pesquisa e extens\u00e3o em desenvolvimento, nos campos de est\u00e1gio supervisionado e servi\u00e7os p\u00fablicos na \u00e1rea da sa\u00fade.<\/p>\n<p><strong>BIOESTAT\u00cdSTICA EM SA\u00daDE C\/H 68 (2416)<\/strong><br \/>\nFundamentos da Bioestat\u00edstica. Vari\u00e1veis e suas rela\u00e7\u00f5es. Popula\u00e7\u00e3o e amostra. Analise e distribui\u00e7\u00e3o de frequ\u00eancia, tend\u00eancia central e dispers\u00e3o. Infer\u00eancia estat\u00edstica. Apresenta\u00e7\u00e3o dos dados. An\u00e1lise qualitativa e quantitativa em pesquisas da \u00e1rea da sa\u00fade.<\/p>\n<p><strong>CINESIOTERAPIA C\/H 136 (2417)<\/strong><br \/>\nM\u00e9todos e t\u00e9cnicas de tratamento por exerc\u00edcios terap\u00eauticos: ativo livre, ativo assistido, ativo-resistido e passivo. Estudo dos efeitos an\u00e1tomo-fisiol\u00f3gicos, desenvolvimento e aplica\u00e7\u00e3o. Classifica\u00e7\u00e3o dos m\u00e9todos e t\u00e9cnicas de terapia por exerc\u00edcios aplicadas nas disfun\u00e7\u00f5es dos movimentos, da coordena\u00e7\u00e3o, equil\u00edbrio, postura, marcha, for\u00e7a, resist\u00eancia, amplitude de movimento, proprioceptivas. Educa\u00e7\u00e3o e re-educa\u00e7\u00e3o sens\u00f3ria motora e funcional.<\/p>\n<p><strong>COMPORTAMENTO MOTOR C\/H 68 (2418)<\/strong><br \/>\nIntrodu\u00e7\u00e3o ao estudo do desenvolvimento motor. Elementos e modelos te\u00f3ricos b\u00e1sicos da motricidade. Etapas e comportamentos do desenvolvimento motor normal. Aprendizagem motora e controle postural. Psicomotricidade e o brincar.<\/p>\n<p><strong>FISIOTERAPIA DESPORTIVA C\/H 68 (2419)<\/strong><br \/>\nDefini\u00e7\u00e3o e caracteriza\u00e7\u00e3o da atua\u00e7\u00e3o fisioterap\u00eautica nas diferentes modalidades desportivas. An\u00e1lise fisioterap\u00eautica no esporte. Avalia\u00e7\u00e3o e tratamento das les\u00f5es e disfun\u00e7\u00f5es mais comuns \u00e0 pr\u00e1tica desportiva. Papel da equipe multidisciplinar nos esportes. No\u00e7\u00f5es b\u00e1sicas sobre atendimento de urg\u00eancia\/emerg\u00eancia nas les\u00f5es ou intercorr\u00eancias decorrentes do esporte. Tratamentos e preven\u00e7\u00e3o em treinamentos e competi\u00e7\u00f5es. Sele\u00e7\u00e3o e execu\u00e7\u00e3o de recursos fisioterap\u00eauticos.<\/p>\n<p><strong>FISIOTERAPIA EM GERONTOLOGIA C\/H 136 (2420)<\/strong><br \/>\nConceitos e metodologia atuais em Geriatria e Gerontologia. Altera\u00e7\u00f5es morfofisiol\u00f3gicas e patol\u00f3gicas dos sistemas decorrentes do envelhecimento. Perfil bio-psico-social do idoso. Quedas e traumas. Atua\u00e7\u00e3o fisioterap\u00eautica no processo de envelhecimento.<\/p>\n<p><strong>FISIOTERAPIA EM REUMATOLOGIA C\/H 136 (2421)<\/strong><br \/>\nHist\u00f3ria, conceito e classifica\u00e7\u00e3o das doen\u00e7as reum\u00e1ticas. Etiopatogenia, semiologia, proped\u00eautica, tratamento fisioterap\u00eautico das doen\u00e7as reum\u00e1ticas. Cuidados precoces na preven\u00e7\u00e3o das deformidades e incapacidades funcionais. Avalia\u00e7\u00e3o f\u00edsico-funcional e utiliza\u00e7\u00e3o de instrumentos espec\u00edficos.<\/p>\n<p><strong>FISIOTERAPIA TRAUMATO-ORTOP\u00c9DICA FUNCIONAL C\/H 136 (2422)<\/strong><br \/>\nFisiopatologia das afec\u00e7\u00f5es osteomioarticulares do aparelho locomotor, semiologia e proped\u00eautica. Tratamento cl\u00ednico, cir\u00fargico e fisioterap\u00eautico das doen\u00e7as ortop\u00e9dicas e traum\u00e1ticas. M\u00e9todos e t\u00e9cnicas de avalia\u00e7\u00e3o em fisioterapia traumato-ortop\u00e9dicas. Sele\u00e7\u00e3o e execu\u00e7\u00e3o de recursos fisioterap\u00eauticos.<\/p>\n<p><strong>IMAGENOLOGIA C\/H 68 (2423)<\/strong><br \/>\nNo\u00e7\u00f5es b\u00e1sicas de radiologia cl\u00ednica. F\u00edsica de processos de produ\u00e7\u00e3o de raios X. Intera\u00e7\u00e3o dos raios X com a mat\u00e9ria. Prote\u00e7\u00e3o radiol\u00f3gica. Forma\u00e7\u00e3o e obten\u00e7\u00e3o das imagens produzidas por raios X. No\u00e7\u00f5es de f\u00edsica b\u00e1sica da ultrasonografia, tomografia computadorizada e resson\u00e2ncia magn\u00e9tica. No\u00e7\u00f5es de indica\u00e7\u00e3o e interpreta\u00e7\u00e3o dos diversos m\u00e9todos de diagn\u00f3stico por imagem.<\/p>\n<p><strong>METODOLOGIA DA PESQUISA EM SA\u00daDE C\/H 68 (2424)<\/strong><br \/>\nTipologia e concep\u00e7\u00f5es de pesquisa. Embasamento te\u00f3rico-pr\u00e1tico para a realiza\u00e7\u00e3o de pesquisas, projetos, fichamento de documentos, organiza\u00e7\u00e3o do material, elabora\u00e7\u00e3o de instrumentos de pesquisa, coleta, levantamento, an\u00e1lise e interpreta\u00e7\u00e3o de dados. Reda\u00e7\u00e3o da pesquisa cient\u00edfica. Aspectos gr\u00e1ficos e t\u00e9cnicos de um trabalho cient\u00edfico de acordo com a ABNT.<\/p>\n<p><strong>PR\u00d3TESE, \u00d3RTESE E AMPUTADOS C\/H 68 (2425)<\/strong><br \/>\nHist\u00f3rico das pr\u00f3teses, \u00f3rteses e dispositivos auxiliares. Etiologia e tipos de amputa\u00e7\u00e3o. Deformidades e corre\u00e7\u00f5es ort\u00e9ticas. Pr\u00f3teses, \u00f3rteses e dispositivos auxiliares e suas indica\u00e7\u00f5es. Avalia\u00e7\u00e3o, prescri\u00e7\u00e3o, confec\u00e7\u00e3o, orienta\u00e7\u00e3o e treinamento para utiliza\u00e7\u00e3o de pr\u00f3tese, \u00f3rtese e dispositivos auxiliares.[\/vc_column_text][\/vc_tta_section][vc_tta_section title=&#8221;4\u00aa s\u00e9rie&#8221; tab_id=&#8221;1622643868267-6be83fcb-6477&#8243;][vc_column_text]<strong>ATIVIDADES CL\u00cdNICAS PR\u00c1TICAS DE FISIOTERAPIA I C\/H 68 (2426)<\/strong><br \/>\nCapacita\u00e7\u00e3o em semiologia geral, por meio do contato com o paciente em n\u00edvel terap\u00eautico e ambulatorial. Exerc\u00edcio metodol\u00f3gico da observa\u00e7\u00e3o cient\u00edfica. Pr\u00e1tica fisioterap\u00eautica supervisionada, ambulatorial e hospitalar, nas \u00e1reas da pneumologia cardiologia, ortopedia e traumatologia, reumatologia, pediatria, cl\u00ednica m\u00e9dica, ginecologia e obstetr\u00edcia, neurologia, geriatria e oncologia, unidade de terapia intensiva, hidroterapia e atendimento domiciliar.<\/p>\n<p><strong>ATIVIDADES CL\u00cdNICAS PR\u00c1TICAS DE FISIOTERAPIA II C\/H 68 (2427)<\/strong><br \/>\nCapacita\u00e7\u00e3o em semiologia geral, por meio do contato com o paciente em n\u00edvel terap\u00eautico e ambulatorial. Exerc\u00edcio metodol\u00f3gico da observa\u00e7\u00e3o cient\u00edfica. Pr\u00e1tica fisioterap\u00eautica supervisionada, ambulatorial e hospitalar, nas \u00e1reas da pneumologia cardiologia, ortopedia e traumatologia, reumatologia, pediatria, cl\u00ednica m\u00e9dica, ginecologia e obstetr\u00edcia, neurologia, geriatria e oncologia, unidade de terapia intensiva, hidroterapia e atendimento domiciliar.<\/p>\n<p><strong>FISIOTERAPIA AQU\u00c1TICA C\/H 136 (2428)<\/strong><br \/>\nAspectos das aplica\u00e7\u00f5es da Fisioterapia Aqu\u00e1tica nas diferentes \u00e1reas de atua\u00e7\u00e3o fisioterap\u00eautica, suas indica\u00e7\u00f5es e contra-indica\u00e7\u00f5es. Conhecimento b\u00e1sico dos principais m\u00e9todos de Fisioterapia Aqu\u00e1tica. Desenvolvimento, planejamento e execu\u00e7\u00e3o do servi\u00e7o de Fisioterapia Aqu\u00e1tica.<\/p>\n<p><strong>FISIOTERAPIA DERMATO-FUNCIONAL C\/H 136 (2429)<\/strong><br \/>\nConceitos b\u00e1sicos do sistema tegumentar, end\u00f3crino e linf\u00e1tico. Fundamentos de Dermatologia, Angiologia, Cosmetologia e recursos terap\u00eauticos aplicados a Fisioterapia Dermato-funcional. Fisioterapia no pr\u00e9 e p\u00f3scirurgia pl\u00e1stica. Fisioterapia em queimados.<\/p>\n<p><strong>FISIOTERAPIA EM CARDIOLOGIA C\/H 136 (2430)<\/strong><br \/>\nEstudo an\u00e1tomo-fisiol\u00f3gico do sistema cardiovascular, patologias, tratamento cl\u00ednico e exames complementares em cardiologia. M\u00e9todos de tratamento, reabilita\u00e7\u00e3o e profilaxia das doen\u00e7as cardiovasculares. T\u00e9cnicas utilizadas no Pr\u00e9 e P\u00f3s-cir\u00fargico de interven\u00e7\u00f5es e cirurgias cardiovasculares, reanima\u00e7\u00e3o cardio-respirat\u00f3ria, orienta\u00e7\u00e3o e prescri\u00e7\u00e3o de exerc\u00edcios, fatores de risco dos cardiopatas e das doen\u00e7as metab\u00f3licas, orienta\u00e7\u00e3o e prescri\u00e7\u00e3o testes ergom\u00e9tricos de campo e esteira. Avalia\u00e7\u00e3o, programa\u00e7\u00e3o terap\u00eautica e interven\u00e7\u00e3o em fisioterapia cardiovascular.<\/p>\n<p><strong>FISIOTERAPIA EM GINECOLOGIA E OBSTETR\u00cdCIA C\/H 136 (2431)<\/strong><br \/>\nSemiologia do aparelho genital feminino e mamas. Patologias e complica\u00e7\u00f5es relacionadas \u00e0 gesta\u00e7\u00e3o. Avalia\u00e7\u00e3o e programa\u00e7\u00e3o da interven\u00e7\u00e3o fisioterapeutica na prepara\u00e7\u00e3o para o parto, na assist\u00eancia pr\u00e9-natal, durante o parto e p\u00f3s-natal. Fisioterapia em ginecologia, mastologia e urologia.<\/p>\n<p><strong>FISIOTERAPIA EM PEDIATRIA C\/H 136 (2432)<\/strong><br \/>\nNo\u00e7\u00f5es b\u00e1sicas de neonatologia e puericultura. Aspectos nutricionais, imuniza\u00e7\u00e3o, crescimento e desenvolvimento infantil e suas disfun\u00e7\u00f5es. Cl\u00ednica pedi\u00e1trica em altera\u00e7\u00f5es cardiovasculares, respirat\u00f3rias, neurol\u00f3gicas, trauma-ortop\u00e9dicas e gen\u00e9ticas.<\/p>\n<p><strong>FISIOTERAPIA EM PNEUMOLOGIA E TERAPIA INTENSIVA C\/H 136 (2433)<\/strong><br \/>\nFisiopatologia das disfun\u00e7\u00f5es pneumol\u00f3gicas e cir\u00fargicas do t\u00f3rax. Semiologia, proped\u00eautica e terap\u00eautica clinica. Avalia\u00e7\u00e3o da mec\u00e2nica respirat\u00f3ria e das altera\u00e7\u00f5es toracopulmonares, ventilometria e espirometria. Interven\u00e7\u00f5es e tratamento fisioterap\u00eautico respirat\u00f3rio ambulatorial e de UTI. Ventila\u00e7\u00e3o mec\u00e2nica.<\/p>\n<p><strong>FISIOTERAPIA NEURO-FUNCIONAL C\/H 136 (2434)<\/strong><br \/>\nConhecimento te\u00f3rico\/pr\u00e1tico das altera\u00e7\u00f5es sens\u00f3rio-motoras volunt\u00e1rias e involunt\u00e1rias do Sistema Nervoso. Diagn\u00f3stico da incapacidade funcional e aplica\u00e7\u00e3o de m\u00e9todos e t\u00e9cnicas utilizadas na reabilita\u00e7\u00e3o do paciente neurol\u00f3gico.[\/vc_column_text][\/vc_tta_section][vc_tta_section title=&#8221;5\u00aa s\u00e9rie&#8221; tab_id=&#8221;1622643936735-8d6a2ef2-35e6&#8243;][vc_column_text]<strong>ADMINISTRA\u00c7\u00c3O EM FISIOTERAPIA C\/H 68 (2435)<\/strong><br \/>\nIntrodu\u00e7\u00e3o, princ\u00edpios, bases legais e elementos da administra\u00e7\u00e3o. Atua\u00e7\u00e3o da fisioterapia nos servi\u00e7os p\u00fablico e privado. Rotinas administrativas, desenvolvimento, planejamento e coordena\u00e7\u00e3o dos servi\u00e7os de Fisioterapia. Registro e impostos, conv\u00eanios e encargos trabalhistas. Empreendedorismo, gest\u00e3o e marketing em sa\u00fade.<\/p>\n<p><strong>\u00c9TICA E DEONTOLOGIA EM SA\u00daDE C\/H 68 (2438)<\/strong><br \/>\nFundamentos b\u00e1sicos de \u00e9tica e deontologia. A bio\u00e9tica, normas disciplinares do exerc\u00edcio profissional e correla\u00e7\u00f5es com a equipe multi e interdisciplinar e do paciente\/fam\u00edlia.<\/p>\n<p><strong>PSICOLOGIA EM FISIOTERAPIA C\/H 68 (2439)<\/strong><br \/>\nEstudo dos conceitos b\u00e1sicos e da fun\u00e7\u00e3o da Psicologia e sua aplica\u00e7\u00e3o pela Fisioterapia. Rela\u00e7\u00e3o terapeutapaciente nas \u00e1reas de especialidade. Desenvolvimento humano, vinculo, separa\u00e7\u00e3o, perdas, dor sofrimento, defici\u00eancia. A imagem corporal como referencial psicol\u00f3gico. Doen\u00e7as psicossom\u00e1ticas e suas implica\u00e7\u00f5es nas situa\u00e7\u00f5es de sa\u00fade, adoecimento e morte.<\/p>\n<p><em><strong>Disciplinas Optavivas<\/strong><\/em><\/p>\n<p><strong>FISIOTERAPIA EM ONCOLOGIA C\/H 68 (2791)<\/strong><br \/>\nIdentifica\u00e7\u00e3o e conhecimentos gerais e espec\u00edficos da \u00e1rea oncol\u00f3gica e aplica\u00e7\u00e3o dos recursos fisioterap\u00eauticos, discutindo indica\u00e7\u00f5es, contra-indica\u00e7\u00f5es e preuca\u00e7\u00f5es dos recursos no tratamento oncol\u00f3gico.<\/p>\n<p><strong>L\u00cdNGUA BRASILEIRA DE SINAIS \u2013 LIBRAS C\/H 68 (2789)<\/strong><br \/>\nAspectos Hist\u00f3ricos: cultura surda, identidade e l\u00edngua de sinais. Estudo da legisla\u00e7\u00e3o e das pol\u00edticas de inclus\u00e3o de pessoas com surdez. O ensino de Libras e no\u00e7\u00f5es b\u00e1sicas dos aspectos lingu\u00edsticos. Introdu\u00e7\u00e3o \u00e0s pr\u00e1ticas de compreens\u00e3o e produ\u00e7\u00e3o em LIBRAS por meio do uso de estruturas e fun\u00e7\u00f5es comunicativas elementares.<\/p>\n<p><strong>TECNOLOGIA EM FISIOTERAPIA C\/H 68 (2792)<\/strong><br \/>\nApresenta\u00e7\u00e3o, estudo e formula\u00e7\u00e3o de novas tecnologias aplicadas a Fisioterapia nas \u00e1reas de avalia\u00e7\u00e3o, terap\u00eautica e manuten\u00e7\u00e3o reabilitacional.[\/vc_column_text][\/vc_tta_section][\/vc_tta_accordion][\/vc_column][\/vc_row]<\/p>\n<\/div>","protected":false},"excerpt":{"rendered":"<p>[vc_row][vc_column][vc_tta_accordion style=&#8221;flat&#8221; shape=&#8221;square&#8221; spacing=&#8221;2&#8243; active_section=&#8221;100&#8243; collapsible_all=&#8221;true&#8221;][vc_tta_section title=&#8221;1\u00aa s\u00e9rie&#8221; tab_id=&#8221;1622643620608-47cd20d7-7661&#8243;][vc_column_text]ANATOMIA HUMANA C\/H 136 (1838) Estudo morfol\u00f3gico dos \u00f3rg\u00e3os e sistemas que constituem o organismo humano, com nfase para os aspectos que se relacionam a pr\u00e1tica da Fisioterapia. BIOQU\u00cdMICA C\/H 68 (2382) Qu\u00edmica e metabolismo de amino\u00e1cidos, prote\u00ednas, glic\u00eddeos, lip\u00eddeos, \u00e1cidos nucl\u00e9icos e porfirinas. Vitaminas, prote\u00ednas, enzimas [&hellip;]<\/p>\n","protected":false},"author":3,"featured_media":0,"parent":17,"menu_order":0,"comment_status":"closed","ping_status":"closed","template":"","meta":{"_exactmetrics_skip_tracking":false,"_exactmetrics_sitenote_active":false,"_exactmetrics_sitenote_note":"","_exactmetrics_sitenote_category":0,"footnotes":"","_links_to":"","_links_to_target":""},"class_list":["post-75","page","type-page","status-publish","hentry"],"_links":{"self":[{"href":"https:\/\/www3.unicentro.br\/defisio\/wp-json\/wp\/v2\/pages\/75","targetHints":{"allow":["GET"]}}],"collection":[{"href":"https:\/\/www3.unicentro.br\/defisio\/wp-json\/wp\/v2\/pages"}],"about":[{"href":"https:\/\/www3.unicentro.br\/defisio\/wp-json\/wp\/v2\/types\/page"}],"author":[{"embeddable":true,"href":"https:\/\/www3.unicentro.br\/defisio\/wp-json\/wp\/v2\/users\/3"}],"replies":[{"embeddable":true,"href":"https:\/\/www3.unicentro.br\/defisio\/wp-json\/wp\/v2\/comments?post=75"}],"version-history":[{"count":0,"href":"https:\/\/www3.unicentro.br\/defisio\/wp-json\/wp\/v2\/pages\/75\/revisions"}],"up":[{"embeddable":true,"href":"https:\/\/www3.unicentro.br\/defisio\/wp-json\/wp\/v2\/pages\/17"}],"wp:attachment":[{"href":"https:\/\/www3.unicentro.br\/defisio\/wp-json\/wp\/v2\/media?parent=75"}],"curies":[{"name":"wp","href":"https:\/\/api.w.org\/{rel}","templated":true}]}}