{"id":59,"date":"2021-06-01T11:39:30","date_gmt":"2021-06-01T14:39:30","guid":{"rendered":"https:\/\/www3.unicentro.br\/defisio\/?page_id=59"},"modified":"2021-06-01T11:39:30","modified_gmt":"2021-06-01T14:39:30","slug":"contato","status":"publish","type":"page","link":"https:\/\/www3.unicentro.br\/defisio\/clinica-escola\/contato\/","title":{"rendered":"Contato"},"content":{"rendered":"<p>Hor\u00e1rio de atendimento: segunda a sexta-feira, das 08:00 \u00e0s 17:00.<\/p>\n<p>Telefone: (42) 3629-8138.<\/p>\n<p>Secret\u00e1rias: Eva e Vanessa.<\/p>\n","protected":false},"excerpt":{"rendered":"<p>Hor\u00e1rio de atendimento: segunda a sexta-feira, das 08:00 \u00e0s 17:00. Telefone: (42) 3629-8138. Secret\u00e1rias: Eva e Vanessa.<\/p>\n","protected":false},"author":3,"featured_media":0,"parent":19,"menu_order":0,"comment_status":"closed","ping_status":"closed","template":"","meta":{"_exactmetrics_skip_tracking":false,"_exactmetrics_sitenote_active":false,"_exactmetrics_sitenote_note":"","_exactmetrics_sitenote_category":0,"footnotes":"","_links_to":"","_links_to_target":""},"class_list":["post-59","page","type-page","status-publish","hentry"],"_links":{"self":[{"href":"https:\/\/www3.unicentro.br\/defisio\/wp-json\/wp\/v2\/pages\/59","targetHints":{"allow":["GET"]}}],"collection":[{"href":"https:\/\/www3.unicentro.br\/defisio\/wp-json\/wp\/v2\/pages"}],"about":[{"href":"https:\/\/www3.unicentro.br\/defisio\/wp-json\/wp\/v2\/types\/page"}],"author":[{"embeddable":true,"href":"https:\/\/www3.unicentro.br\/defisio\/wp-json\/wp\/v2\/users\/3"}],"replies":[{"embeddable":true,"href":"https:\/\/www3.unicentro.br\/defisio\/wp-json\/wp\/v2\/comments?post=59"}],"version-history":[{"count":0,"href":"https:\/\/www3.unicentro.br\/defisio\/wp-json\/wp\/v2\/pages\/59\/revisions"}],"up":[{"embeddable":true,"href":"https:\/\/www3.unicentro.br\/defisio\/wp-json\/wp\/v2\/pages\/19"}],"wp:attachment":[{"href":"https:\/\/www3.unicentro.br\/defisio\/wp-json\/wp\/v2\/media?parent=59"}],"curies":[{"name":"wp","href":"https:\/\/api.w.org\/{rel}","templated":true}]}}