{"id":57,"date":"2021-06-01T11:38:57","date_gmt":"2021-06-01T14:38:57","guid":{"rendered":"https:\/\/www3.unicentro.br\/defisio\/?page_id=57"},"modified":"2021-06-01T11:38:57","modified_gmt":"2021-06-01T14:38:57","slug":"documentos-necessarios","status":"publish","type":"page","link":"https:\/\/www3.unicentro.br\/defisio\/clinica-escola\/documentos-necessarios\/","title":{"rendered":"Documentos necess\u00e1rios"},"content":{"rendered":"<ul>\n<li>Documento pessoal de identifica\u00e7\u00e3o com foto<\/li>\n<li>Encaminhamento m\u00e9dico do SUS (guia)<\/li>\n<li>Cart\u00e3o SUS<\/li>\n<li>Comprovante de resid\u00eancia<\/li>\n<\/ul>\n","protected":false},"excerpt":{"rendered":"<p>Documento pessoal de identifica\u00e7\u00e3o com foto Encaminhamento m\u00e9dico do SUS (guia) Cart\u00e3o SUS Comprovante de resid\u00eancia<\/p>\n","protected":false},"author":3,"featured_media":0,"parent":19,"menu_order":0,"comment_status":"closed","ping_status":"closed","template":"","meta":{"_exactmetrics_skip_tracking":false,"_exactmetrics_sitenote_active":false,"_exactmetrics_sitenote_note":"","_exactmetrics_sitenote_category":0,"footnotes":"","_links_to":"","_links_to_target":""},"class_list":["post-57","page","type-page","status-publish","hentry"],"_links":{"self":[{"href":"https:\/\/www3.unicentro.br\/defisio\/wp-json\/wp\/v2\/pages\/57","targetHints":{"allow":["GET"]}}],"collection":[{"href":"https:\/\/www3.unicentro.br\/defisio\/wp-json\/wp\/v2\/pages"}],"about":[{"href":"https:\/\/www3.unicentro.br\/defisio\/wp-json\/wp\/v2\/types\/page"}],"author":[{"embeddable":true,"href":"https:\/\/www3.unicentro.br\/defisio\/wp-json\/wp\/v2\/users\/3"}],"replies":[{"embeddable":true,"href":"https:\/\/www3.unicentro.br\/defisio\/wp-json\/wp\/v2\/comments?post=57"}],"version-history":[{"count":0,"href":"https:\/\/www3.unicentro.br\/defisio\/wp-json\/wp\/v2\/pages\/57\/revisions"}],"up":[{"embeddable":true,"href":"https:\/\/www3.unicentro.br\/defisio\/wp-json\/wp\/v2\/pages\/19"}],"wp:attachment":[{"href":"https:\/\/www3.unicentro.br\/defisio\/wp-json\/wp\/v2\/media?parent=57"}],"curies":[{"name":"wp","href":"https:\/\/api.w.org\/{rel}","templated":true}]}}