{"id":55,"date":"2021-06-01T11:38:31","date_gmt":"2021-06-01T14:38:31","guid":{"rendered":"https:\/\/www3.unicentro.br\/defisio\/?page_id=55"},"modified":"2021-06-01T11:38:31","modified_gmt":"2021-06-01T14:38:31","slug":"faq","status":"publish","type":"page","link":"https:\/\/www3.unicentro.br\/defisio\/clinica-escola\/faq\/","title":{"rendered":"Perguntas Frequentes"},"content":{"rendered":"<div class=\"wpb-content-wrapper\"><p>[vc_row][vc_column][vc_toggle title=&#8221;Os servi\u00e7os da Cl\u00ednica Escola s\u00e3o gratuitos?&#8221;]Sim. Todos os atendimentos prestados pela Cl\u00ednica Escola de Fisioterapia s\u00e3o gratuitos, via Sistema \u00danico de Sa\u00fade (SUS).[\/vc_toggle][vc_toggle title=&#8221;Como fa\u00e7o para marcar um atendimento fisioterap\u00eautico?&#8221;]Para agendar seu atendimento, \u00e9 necess\u00e1rio ser encaminhado via SUS. O procedimento \u00e9 o seguinte:<\/p>\n<p>1) agendar consulta na Unidade B\u00e1sica de Sa\u00fade (posto de sa\u00fade) mais pr\u00f3ximo da sua resid\u00eancia;<\/p>\n<p>2) ter encaminhamento para tratamento fisioterap\u00eautico;<\/p>\n<p>3) solicitar para a UBS que encaminhe a guia para a regula\u00e7\u00e3o do munic\u00edpio, que ir\u00e1 realizar o agendamento determinando o dia e hor\u00e1rio para o primeiro contato com a cl\u00ednica e devolver\u00e1 a guia;<\/p>\n<p>4) a UBS dever\u00e1 entregar a guia j\u00e1 regulada ao paciente que dever\u00e1 comparecer na cl\u00ednica na data e hor\u00e1rio pr\u00e9-agendado;<\/p>\n<p>5) n\u00e3o s\u00e3o aceitas guias entregues fora da data agendada[\/vc_toggle][vc_toggle title=&#8221;Primeira avalia\u00e7\u00e3o, o que devo levar?&#8221;]Para essa avalia\u00e7\u00e3o \u00e9 importante que o paciente leve todos os exames que tiver (ex: radiografias, tomografias, resson\u00e2ncia magn\u00e9tica, etc.) e que venha com roupas confort\u00e1veis para facilitar o exame fisioterap\u00eautico.[\/vc_toggle][vc_toggle title=&#8221;O que \u00e9 uma Cl\u00ednica Escola?&#8221;]\u00c9 uma unidade de sa\u00fade ligada a uma institui\u00e7\u00e3o de ensino superior, com papel semelhante ao de um hospital universit\u00e1rio. Tem como principal objetivo dar suporte \u00e0 forma\u00e7\u00e3o de profissionais de sa\u00fade. Na Unicentro, a Cl\u00ednica Escola de Fisioterapia oferece infraestrutura para o ensino nos cursos de gradua\u00e7\u00e3o e p\u00f3s-gradua\u00e7\u00e3o em Fisioterapia, apoia projetos de pesquisa e extens\u00e3o na \u00e1rea e presta atendimento \u00e0 popula\u00e7\u00e3o.[\/vc_toggle][vc_toggle title=&#8221;A Cl\u00ednica Escola atende casos de emerg\u00eancia?&#8221;]N\u00e3o. A Cl\u00ednica Escola de Fisioterapia n\u00e3o \u00e9 um pronto-socorro. Casos emergenciais devem ser encaminhados \u00e0s Unidades de Pronto Atendimento (UPA) municipais ou \u00e0s emerg\u00eancias dos hospitais da regi\u00e3o.[\/vc_toggle][vc_toggle title=&#8221;Quem faz os atendimentos na Cl\u00ednica?&#8221;]Os pacientes s\u00e3o atendidos por estudantes de gradua\u00e7\u00e3o em Fisioterapia, sempre com a supervis\u00e3o do professor respons\u00e1vel que acompanha o procedimento e tamb\u00e9m por docentes do curso de Fisioterapia.[\/vc_toggle][\/vc_column][\/vc_row]<\/p>\n<\/div>","protected":false},"excerpt":{"rendered":"<p>[vc_row][vc_column][vc_toggle title=&#8221;Os servi\u00e7os da Cl\u00ednica Escola s\u00e3o gratuitos?&#8221;]Sim. Todos os atendimentos prestados pela Cl\u00ednica Escola de Fisioterapia s\u00e3o gratuitos, via Sistema \u00danico de Sa\u00fade (SUS).[\/vc_toggle][vc_toggle title=&#8221;Como fa\u00e7o para marcar um atendimento fisioterap\u00eautico?&#8221;]Para agendar seu atendimento, \u00e9 necess\u00e1rio ser encaminhado via SUS. O procedimento \u00e9 o seguinte: 1) agendar consulta na Unidade B\u00e1sica de Sa\u00fade (posto [&hellip;]<\/p>\n","protected":false},"author":3,"featured_media":0,"parent":19,"menu_order":0,"comment_status":"closed","ping_status":"closed","template":"","meta":{"_exactmetrics_skip_tracking":false,"_exactmetrics_sitenote_active":false,"_exactmetrics_sitenote_note":"","_exactmetrics_sitenote_category":0,"footnotes":"","_links_to":"","_links_to_target":""},"class_list":["post-55","page","type-page","status-publish","hentry"],"_links":{"self":[{"href":"https:\/\/www3.unicentro.br\/defisio\/wp-json\/wp\/v2\/pages\/55","targetHints":{"allow":["GET"]}}],"collection":[{"href":"https:\/\/www3.unicentro.br\/defisio\/wp-json\/wp\/v2\/pages"}],"about":[{"href":"https:\/\/www3.unicentro.br\/defisio\/wp-json\/wp\/v2\/types\/page"}],"author":[{"embeddable":true,"href":"https:\/\/www3.unicentro.br\/defisio\/wp-json\/wp\/v2\/users\/3"}],"replies":[{"embeddable":true,"href":"https:\/\/www3.unicentro.br\/defisio\/wp-json\/wp\/v2\/comments?post=55"}],"version-history":[{"count":0,"href":"https:\/\/www3.unicentro.br\/defisio\/wp-json\/wp\/v2\/pages\/55\/revisions"}],"up":[{"embeddable":true,"href":"https:\/\/www3.unicentro.br\/defisio\/wp-json\/wp\/v2\/pages\/19"}],"wp:attachment":[{"href":"https:\/\/www3.unicentro.br\/defisio\/wp-json\/wp\/v2\/media?parent=55"}],"curies":[{"name":"wp","href":"https:\/\/api.w.org\/{rel}","templated":true}]}}