{"id":50,"date":"2021-06-01T11:32:49","date_gmt":"2021-06-01T14:32:49","guid":{"rendered":"https:\/\/www3.unicentro.br\/defisio\/?page_id=50"},"modified":"2021-09-21T11:54:26","modified_gmt":"2021-09-21T14:54:26","slug":"estrutura","status":"publish","type":"page","link":"https:\/\/www3.unicentro.br\/defisio\/clinica-escola\/estrutura\/","title":{"rendered":"Estrutura"},"content":{"rendered":"<div class=\"wpb-content-wrapper\"><p>[vc_row][vc_column][vc_column_text]A cl\u00ednica ocupa uma \u00e1rea de aproximadamente 900 m\u00b2 de \u00e1rea \u00fatil.<\/p>\n<p>\u00c9 dividida nos seguintes espa\u00e7os:<\/p>\n<ul>\n<li>Recep\u00e7\u00e3o de pacientes;<\/li>\n<li>02 salas de atendimento coletivo;<\/li>\n<li>02 gin\u00e1sios de atendimento fisioterap\u00eautico;<\/li>\n<li>02 consult\u00f3rios de avalia\u00e7\u00e3o;<\/li>\n<li>10 salas de atendimento individualizado;<\/li>\n<li>01 consult\u00f3rio de atendimento de psicologia;<\/li>\n<li>01 consult\u00f3rio de atendimento de fonoaudiologia;<\/li>\n<li>01 consult\u00f3rio de atendimento terapia ocupacional;<\/li>\n<li>Sala de professores;<\/li>\n<li>Sala de alunos;<\/li>\n<\/ul>\n<p>[\/vc_column_text][\/vc_column][\/vc_row][vc_row][vc_column][vc_images_carousel images=&#8221;141,142,143,144,145&#8243; img_size=&#8221;800&#215;600&#8243; autoplay=&#8221;yes&#8221; el_class=&#8221;slider&#8221;][\/vc_column][\/vc_row]<\/p>\n<\/div>","protected":false},"excerpt":{"rendered":"<p>[vc_row][vc_column][vc_column_text]A cl\u00ednica ocupa uma \u00e1rea de aproximadamente 900 m\u00b2 de \u00e1rea \u00fatil. \u00c9 dividida nos seguintes espa\u00e7os: Recep\u00e7\u00e3o de pacientes; 02 salas de atendimento coletivo; 02 gin\u00e1sios de atendimento fisioterap\u00eautico; 02 consult\u00f3rios de avalia\u00e7\u00e3o; 10 salas de atendimento individualizado; 01 consult\u00f3rio de atendimento de psicologia; 01 consult\u00f3rio de atendimento de fonoaudiologia; 01 consult\u00f3rio de atendimento [&hellip;]<\/p>\n","protected":false},"author":3,"featured_media":0,"parent":19,"menu_order":0,"comment_status":"closed","ping_status":"closed","template":"","meta":{"_exactmetrics_skip_tracking":false,"_exactmetrics_sitenote_active":false,"_exactmetrics_sitenote_note":"","_exactmetrics_sitenote_category":0,"footnotes":"","_links_to":"","_links_to_target":""},"class_list":["post-50","page","type-page","status-publish","hentry"],"_links":{"self":[{"href":"https:\/\/www3.unicentro.br\/defisio\/wp-json\/wp\/v2\/pages\/50","targetHints":{"allow":["GET"]}}],"collection":[{"href":"https:\/\/www3.unicentro.br\/defisio\/wp-json\/wp\/v2\/pages"}],"about":[{"href":"https:\/\/www3.unicentro.br\/defisio\/wp-json\/wp\/v2\/types\/page"}],"author":[{"embeddable":true,"href":"https:\/\/www3.unicentro.br\/defisio\/wp-json\/wp\/v2\/users\/3"}],"replies":[{"embeddable":true,"href":"https:\/\/www3.unicentro.br\/defisio\/wp-json\/wp\/v2\/comments?post=50"}],"version-history":[{"count":0,"href":"https:\/\/www3.unicentro.br\/defisio\/wp-json\/wp\/v2\/pages\/50\/revisions"}],"up":[{"embeddable":true,"href":"https:\/\/www3.unicentro.br\/defisio\/wp-json\/wp\/v2\/pages\/19"}],"wp:attachment":[{"href":"https:\/\/www3.unicentro.br\/defisio\/wp-json\/wp\/v2\/media?parent=50"}],"curies":[{"name":"wp","href":"https:\/\/api.w.org\/{rel}","templated":true}]}}