{"id":48,"date":"2021-06-01T11:31:28","date_gmt":"2021-06-01T14:31:28","guid":{"rendered":"https:\/\/www3.unicentro.br\/defisio\/?page_id=48"},"modified":"2021-06-01T11:31:28","modified_gmt":"2021-06-01T14:31:28","slug":"equipe","status":"publish","type":"page","link":"https:\/\/www3.unicentro.br\/defisio\/clinica-escola\/equipe\/","title":{"rendered":"Equipe"},"content":{"rendered":"<ul>\n<li>Aline Cristiane Binda<\/li>\n<li>Aline Cristina Carrasco<\/li>\n<li>Ana Carolina Dorigoni Bini<\/li>\n<li>Andersom Ricardo Fr\u00e9z<\/li>\n<li>Angela Dubiela Julik<\/li>\n<li>Christiane Riedi Daniel<\/li>\n<li>C\u00edntia Raquel Bim Quartiero<\/li>\n<li>Eliane Gon\u00e7alves de Jesus Fonseca<\/li>\n<li>Ernani Jos\u00e9 Zampier<\/li>\n<li>Fulviana Silva Nishiyama<\/li>\n<li>Giovana Frazon de Andrade<\/li>\n<li>Hilana Rickli Fiuza Martins<\/li>\n<li>Ivo Ilvan Kerppers<\/li>\n<li>Jo\u00e3o Afonso Ruaro<\/li>\n<li>Jo\u00e3o Paulo Freitas<\/li>\n<li>Josiane Lopes<\/li>\n<li>Luciano Pavan Rossi<\/li>\n<li>Luiz Alfredo Braun Ferreira<\/li>\n<li>Marina Pegoraro Baroni<\/li>\n<li>M\u00e1rio C\u00e9sar da Silva Pereira<\/li>\n<li>Patricia Pacheco Tyski Suckow<\/li>\n<li>Rubia Caldas Umburana<\/li>\n<li>Sibele de Andrade Melo Knaut<\/li>\n<li>Vanessa Cristina Novak<\/li>\n<li>Vasco Junqueira Morgado Filho<\/li>\n<li>Wagner Menna Pereira<\/li>\n<\/ul>\n","protected":false},"excerpt":{"rendered":"<p>Aline Cristiane Binda Aline Cristina Carrasco Ana Carolina Dorigoni Bini Andersom Ricardo Fr\u00e9z Angela Dubiela Julik Christiane Riedi Daniel C\u00edntia Raquel Bim Quartiero Eliane Gon\u00e7alves de Jesus Fonseca Ernani Jos\u00e9 Zampier Fulviana Silva Nishiyama Giovana Frazon de Andrade Hilana Rickli Fiuza Martins Ivo Ilvan Kerppers Jo\u00e3o Afonso Ruaro Jo\u00e3o Paulo Freitas Josiane Lopes Luciano Pavan [&hellip;]<\/p>\n","protected":false},"author":3,"featured_media":0,"parent":19,"menu_order":0,"comment_status":"closed","ping_status":"closed","template":"","meta":{"_exactmetrics_skip_tracking":false,"_exactmetrics_sitenote_active":false,"_exactmetrics_sitenote_note":"","_exactmetrics_sitenote_category":0,"footnotes":"","_links_to":"","_links_to_target":""},"class_list":["post-48","page","type-page","status-publish","hentry"],"_links":{"self":[{"href":"https:\/\/www3.unicentro.br\/defisio\/wp-json\/wp\/v2\/pages\/48","targetHints":{"allow":["GET"]}}],"collection":[{"href":"https:\/\/www3.unicentro.br\/defisio\/wp-json\/wp\/v2\/pages"}],"about":[{"href":"https:\/\/www3.unicentro.br\/defisio\/wp-json\/wp\/v2\/types\/page"}],"author":[{"embeddable":true,"href":"https:\/\/www3.unicentro.br\/defisio\/wp-json\/wp\/v2\/users\/3"}],"replies":[{"embeddable":true,"href":"https:\/\/www3.unicentro.br\/defisio\/wp-json\/wp\/v2\/comments?post=48"}],"version-history":[{"count":0,"href":"https:\/\/www3.unicentro.br\/defisio\/wp-json\/wp\/v2\/pages\/48\/revisions"}],"up":[{"embeddable":true,"href":"https:\/\/www3.unicentro.br\/defisio\/wp-json\/wp\/v2\/pages\/19"}],"wp:attachment":[{"href":"https:\/\/www3.unicentro.br\/defisio\/wp-json\/wp\/v2\/media?parent=48"}],"curies":[{"name":"wp","href":"https:\/\/api.w.org\/{rel}","templated":true}]}}