{"id":19,"date":"2021-06-01T10:19:55","date_gmt":"2021-06-01T13:19:55","guid":{"rendered":"https:\/\/www3.unicentro.br\/defisio\/?page_id=19"},"modified":"2021-06-01T11:24:59","modified_gmt":"2021-06-01T14:24:59","slug":"clinica-escola","status":"publish","type":"page","link":"https:\/\/www3.unicentro.br\/defisio\/clinica-escola\/","title":{"rendered":"Cl\u00ednica Escola"},"content":{"rendered":"<div class=\"wpb-content-wrapper\"><p>[vc_row][vc_column][vc_column_text]Localizada no Campus<em>\u00a0<\/em>Cedeteg, a Cl\u00ednica Escola de Fisioterapia da Unicentro presta servi\u00e7os gratuitos para a comunidade. Os pacientes s\u00e3o atendidos por estudantes de gradua\u00e7\u00e3o em Fisioterapia (sempre com a supervis\u00e3o do professor respons\u00e1vel que acompanha o procedimento) e tamb\u00e9m por docentes do curso de Fisioterapia.<\/p>\n<p>Os atendimentos s\u00e3o realizados nas \u00e1reas de fisioterapia traumato-ortop\u00e9dica, neurofuncional e cardiorrespirat\u00f3ria.<\/p>\n<p>A Cl\u00ednica Escola de Fisioterapia da Unicentro \u00e9 um centro de refer\u00eancia em Fisioterapia no munic\u00edpio de Guarapuava. S\u00e3o in\u00fameros os atendimentos prestados a pacientes encaminhados pela rede p\u00fablica de sa\u00fade, al\u00e9m do suporte aos projetos de pesquisa e extens\u00e3o desenvolvidos pelos alunos e professores do curso.<\/p>\n<p>Com rela\u00e7\u00e3o \u00e0 assist\u00eancia fisioterap\u00eautica prestada, em 2018 foram realizados 14602 atendimentos; em 2019, 17.268 \u00a0atendimentos, e, em 2020, foram 8309 atendimentos. O n\u00famero de atendimentos no ano de 2020 caiu significativamente em virtude da pandemia de Covid-19.<\/p>\n<p>Para agendar seu atendimento, \u00e9 necess\u00e1rio ser encaminhado via SUS. O procedimento \u00e9 o seguinte:<\/p>\n<p>1) agendar consulta na Unidade B\u00e1sica de Sa\u00fade (posto de sa\u00fade) mais pr\u00f3ximo da sua resid\u00eancia;<\/p>\n<p>2) ter encaminhamento para tratamento fisioterap\u00eautico;<\/p>\n<p>3) solicitar para a UBS que encaminhe a guia para a regula\u00e7\u00e3o do munic\u00edpio, que ir\u00e1 realizar o agendamento determinando o dia e hor\u00e1rio para o primeiro contato com a cl\u00ednica e devolver\u00e1 a guia;<\/p>\n<p>4) a UBS dever\u00e1 entregar a guia j\u00e1 regulada ao paciente que dever\u00e1 comparecer na cl\u00ednica na data e hor\u00e1rio pr\u00e9-agendado;<\/p>\n<p>5) n\u00e3o s\u00e3o aceitas guias entregues fora da data agendada<\/p>\n<p>O hor\u00e1rio de atendimento da cl\u00ednica vai de segunda a sexta-feira, das 08:00 \u00e0s 17:00.<\/p>\n<p>O telefone de contato da cl\u00ednica \u00e9: (42)3629-8138.[\/vc_column_text][vc_images_carousel images=&#8221;24,43,42,41,40,39,38,37,36,35,34,33,32,31,30,29,28,27,26,25&#8243; img_size=&#8221;full&#8221; slides_per_view=&#8221;3&#8243; autoplay=&#8221;yes&#8221; partial_view=&#8221;yes&#8221; wrap=&#8221;yes&#8221; el_class=&#8221;slider-fotos&#8221;][\/vc_column][\/vc_row]<\/p>\n<\/div>","protected":false},"excerpt":{"rendered":"<p>[vc_row][vc_column][vc_column_text]Localizada no Campus\u00a0Cedeteg, a Cl\u00ednica Escola de Fisioterapia da Unicentro presta servi\u00e7os gratuitos para a comunidade. Os pacientes s\u00e3o atendidos por estudantes de gradua\u00e7\u00e3o em Fisioterapia (sempre com a supervis\u00e3o do professor respons\u00e1vel que acompanha o procedimento) e tamb\u00e9m por docentes do curso de Fisioterapia. Os atendimentos s\u00e3o realizados nas \u00e1reas de fisioterapia traumato-ortop\u00e9dica, neurofuncional [&hellip;]<\/p>\n","protected":false},"author":3,"featured_media":0,"parent":0,"menu_order":0,"comment_status":"closed","ping_status":"closed","template":"","meta":{"_exactmetrics_skip_tracking":false,"_exactmetrics_sitenote_active":false,"_exactmetrics_sitenote_note":"","_exactmetrics_sitenote_category":0,"footnotes":"","_links_to":"","_links_to_target":""},"class_list":["post-19","page","type-page","status-publish","hentry"],"_links":{"self":[{"href":"https:\/\/www3.unicentro.br\/defisio\/wp-json\/wp\/v2\/pages\/19","targetHints":{"allow":["GET"]}}],"collection":[{"href":"https:\/\/www3.unicentro.br\/defisio\/wp-json\/wp\/v2\/pages"}],"about":[{"href":"https:\/\/www3.unicentro.br\/defisio\/wp-json\/wp\/v2\/types\/page"}],"author":[{"embeddable":true,"href":"https:\/\/www3.unicentro.br\/defisio\/wp-json\/wp\/v2\/users\/3"}],"replies":[{"embeddable":true,"href":"https:\/\/www3.unicentro.br\/defisio\/wp-json\/wp\/v2\/comments?post=19"}],"version-history":[{"count":0,"href":"https:\/\/www3.unicentro.br\/defisio\/wp-json\/wp\/v2\/pages\/19\/revisions"}],"wp:attachment":[{"href":"https:\/\/www3.unicentro.br\/defisio\/wp-json\/wp\/v2\/media?parent=19"}],"curies":[{"name":"wp","href":"https:\/\/api.w.org\/{rel}","templated":true}]}}