{"id":77,"date":"2024-05-03T15:03:19","date_gmt":"2024-05-03T18:03:19","guid":{"rendered":"https:\/\/www3.unicentro.br\/defis\/?page_id=77"},"modified":"2024-05-03T15:03:50","modified_gmt":"2024-05-03T18:03:50","slug":"amostras","status":"publish","type":"page","link":"https:\/\/www3.unicentro.br\/defis\/pesquisa\/laboratorios\/amostras\/","title":{"rendered":"Laborat\u00f3rio de s\u00edntese e prepara\u00e7\u00e3o de amostras"},"content":{"rendered":"<p>Laborat\u00f3rio de pesquisa com 48 m<sup>2<\/sup> voltado para a s\u00edntese e caracteriza\u00e7\u00e3o de amostras em geral (\u00f3xidos, filmes finos, amostras de solo, cer\u00e2mica, entre outras) relacionados com as linhas de pesquisa do mestrado em F\u00edsica. Equipamentos em fase de instala\u00e7\u00e3o ou fase final de aquisi\u00e7\u00e3o: Forno tubular 1100<sup>o<\/sup>C, peneiras granulom\u00e9tricas, mesa vibrat\u00f3ria para peneiras, moinho de bolas, moinho exc\u00eantrico, agitador magn\u00e9tico, balan\u00e7a digital, capelas, destilador de \u00e1gua, prensas hidr\u00e1ulicas de 10T e 15T, vidrarias em geral, 2 estufas, 2 computadores.<\/p>\n<p>&nbsp;<\/p>\n","protected":false},"excerpt":{"rendered":"<p>Laborat\u00f3rio de pesquisa com 48 m2 voltado para a s\u00edntese e caracteriza\u00e7\u00e3o de amostras em geral (\u00f3xidos, filmes finos, amostras de solo, cer\u00e2mica, entre outras) relacionados com as linhas de pesquisa do mestrado em F\u00edsica. Equipamentos em fase de instala\u00e7\u00e3o ou fase final de aquisi\u00e7\u00e3o: Forno tubular 1100oC, peneiras granulom\u00e9tricas, mesa vibrat\u00f3ria para peneiras, moinho [&hellip;]<\/p>\n","protected":false},"author":3,"featured_media":0,"parent":66,"menu_order":0,"comment_status":"closed","ping_status":"closed","template":"","meta":{"_exactmetrics_skip_tracking":false,"_exactmetrics_sitenote_active":false,"_exactmetrics_sitenote_note":"","_exactmetrics_sitenote_category":0,"footnotes":"","_links_to":"","_links_to_target":""},"class_list":["post-77","page","type-page","status-publish","hentry"],"_links":{"self":[{"href":"https:\/\/www3.unicentro.br\/defis\/wp-json\/wp\/v2\/pages\/77","targetHints":{"allow":["GET"]}}],"collection":[{"href":"https:\/\/www3.unicentro.br\/defis\/wp-json\/wp\/v2\/pages"}],"about":[{"href":"https:\/\/www3.unicentro.br\/defis\/wp-json\/wp\/v2\/types\/page"}],"author":[{"embeddable":true,"href":"https:\/\/www3.unicentro.br\/defis\/wp-json\/wp\/v2\/users\/3"}],"replies":[{"embeddable":true,"href":"https:\/\/www3.unicentro.br\/defis\/wp-json\/wp\/v2\/comments?post=77"}],"version-history":[{"count":1,"href":"https:\/\/www3.unicentro.br\/defis\/wp-json\/wp\/v2\/pages\/77\/revisions"}],"predecessor-version":[{"id":78,"href":"https:\/\/www3.unicentro.br\/defis\/wp-json\/wp\/v2\/pages\/77\/revisions\/78"}],"up":[{"embeddable":true,"href":"https:\/\/www3.unicentro.br\/defis\/wp-json\/wp\/v2\/pages\/66"}],"wp:attachment":[{"href":"https:\/\/www3.unicentro.br\/defis\/wp-json\/wp\/v2\/media?parent=77"}],"curies":[{"name":"wp","href":"https:\/\/api.w.org\/{rel}","templated":true}]}}