{"id":75,"date":"2024-05-03T14:55:03","date_gmt":"2024-05-03T17:55:03","guid":{"rendered":"https:\/\/www3.unicentro.br\/defis\/?page_id=75"},"modified":"2024-05-03T14:55:03","modified_gmt":"2024-05-03T17:55:03","slug":"materiais","status":"publish","type":"page","link":"https:\/\/www3.unicentro.br\/defis\/pesquisa\/laboratorios\/materiais\/","title":{"rendered":"Laborat\u00f3rio de F\u00edsica Aplicada a Materiais"},"content":{"rendered":"<p>O laborat\u00f3rio apresenta uma \u00e1rea total de 30 m<sup>2<\/sup> e possui infra-estrutura destinada \u00e0 s\u00edntese de materiais via qu\u00edmica sol-gel (vidraria, 02 balan\u00e7as anal\u00edticas digitais, 02 chapas aquecedoras, 02 agitadores, term\u00f4metros, 01 destilador de \u00e1gua, 01 medidor de pH, reagentes) e s\u00edntese de materiais cer\u00e2micos, 01 viscos\u00edmetro, 01 estufa de secagem, 01 mufla 1200 <sup>o<\/sup>C, 01 mufla 1350 <sup>o<\/sup>C, 01 prensa 10 Ton, 01 dip-coating, 01 spin-coating, 01 centr\u00edfuga, 01 geladeira, 04 computadores. Equipamentos em fase de aquisi\u00e7\u00e3o: 01 oscilosc\u00f3pio, 01 gerador de fun\u00e7\u00f5es, 01 sistema de v\u00e1cuo, 01 m\u00e1quina universal de ensaios.<\/p>\n<p>&nbsp;<\/p>\n","protected":false},"excerpt":{"rendered":"<p>O laborat\u00f3rio apresenta uma \u00e1rea total de 30 m2 e possui infra-estrutura destinada \u00e0 s\u00edntese de materiais via qu\u00edmica sol-gel (vidraria, 02 balan\u00e7as anal\u00edticas digitais, 02 chapas aquecedoras, 02 agitadores, term\u00f4metros, 01 destilador de \u00e1gua, 01 medidor de pH, reagentes) e s\u00edntese de materiais cer\u00e2micos, 01 viscos\u00edmetro, 01 estufa de secagem, 01 mufla 1200 oC, [&hellip;]<\/p>\n","protected":false},"author":3,"featured_media":0,"parent":66,"menu_order":0,"comment_status":"closed","ping_status":"closed","template":"","meta":{"_exactmetrics_skip_tracking":false,"_exactmetrics_sitenote_active":false,"_exactmetrics_sitenote_note":"","_exactmetrics_sitenote_category":0,"footnotes":"","_links_to":"","_links_to_target":""},"class_list":["post-75","page","type-page","status-publish","hentry"],"_links":{"self":[{"href":"https:\/\/www3.unicentro.br\/defis\/wp-json\/wp\/v2\/pages\/75","targetHints":{"allow":["GET"]}}],"collection":[{"href":"https:\/\/www3.unicentro.br\/defis\/wp-json\/wp\/v2\/pages"}],"about":[{"href":"https:\/\/www3.unicentro.br\/defis\/wp-json\/wp\/v2\/types\/page"}],"author":[{"embeddable":true,"href":"https:\/\/www3.unicentro.br\/defis\/wp-json\/wp\/v2\/users\/3"}],"replies":[{"embeddable":true,"href":"https:\/\/www3.unicentro.br\/defis\/wp-json\/wp\/v2\/comments?post=75"}],"version-history":[{"count":1,"href":"https:\/\/www3.unicentro.br\/defis\/wp-json\/wp\/v2\/pages\/75\/revisions"}],"predecessor-version":[{"id":76,"href":"https:\/\/www3.unicentro.br\/defis\/wp-json\/wp\/v2\/pages\/75\/revisions\/76"}],"up":[{"embeddable":true,"href":"https:\/\/www3.unicentro.br\/defis\/wp-json\/wp\/v2\/pages\/66"}],"wp:attachment":[{"href":"https:\/\/www3.unicentro.br\/defis\/wp-json\/wp\/v2\/media?parent=75"}],"curies":[{"name":"wp","href":"https:\/\/api.w.org\/{rel}","templated":true}]}}