{"id":73,"date":"2024-05-03T14:54:05","date_gmt":"2024-05-03T17:54:05","guid":{"rendered":"https:\/\/www3.unicentro.br\/defis\/?page_id=73"},"modified":"2024-05-03T14:54:05","modified_gmt":"2024-05-03T17:54:05","slug":"fotoacustica","status":"publish","type":"page","link":"https:\/\/www3.unicentro.br\/defis\/pesquisa\/laboratorios\/fotoacustica\/","title":{"rendered":"Laborat\u00f3rio de Espectroscopia Fotoac\u00fastica"},"content":{"rendered":"<p>Laborat\u00f3rio de pesquisa voltado para o estudo e caracteriza\u00e7\u00e3o n\u00e3o-destrutiva de materiais s\u00f3lidos e l\u00edquidos, e que visa, principalmente, \u00e0 obten\u00e7\u00e3o de par\u00e2metros \u00f3pticos e t\u00e9rmicos relevantes para cada material.<\/p>\n<p><strong>Infra-estrutura:<\/strong> laborat\u00f3rio com \u00e1rea total de 40 m<sup>2<\/sup>.<\/p>\n<p><strong>Equipamentos:<\/strong> fonte de luz de Xen\u00f4nio (Xe) de 1kW; monocromador; c\u00e9lula fotoac\u00fastica fechada com detector e fonte; modulador mec\u00e2nico (chopper); lock-in; computadores; 2 mesas \u00f3ptica de granito com base de sustenta\u00e7\u00e3o; estabilizador de alta voltagem 5 kW; ar condicionado split. Laser de HeNe com fonte de alimenta\u00e7\u00e3o; Laser de \u00edons de Arg\u00f4nio com 4 linhas selecion\u00e1veis; Laser de estado s\u00f3lido 405 nm 100mW; criostato (77K at\u00e9 500K); espectr\u00f4metro \u00f3ptico e acess\u00f3rios, e 2 computadores. Est\u00e3o sendo adquiridos: controlador de temperatura e sistema de v\u00e1cuo para o criostato.<\/p>\n","protected":false},"excerpt":{"rendered":"<p>Laborat\u00f3rio de pesquisa voltado para o estudo e caracteriza\u00e7\u00e3o n\u00e3o-destrutiva de materiais s\u00f3lidos e l\u00edquidos, e que visa, principalmente, \u00e0 obten\u00e7\u00e3o de par\u00e2metros \u00f3pticos e t\u00e9rmicos relevantes para cada material. Infra-estrutura: laborat\u00f3rio com \u00e1rea total de 40 m2. Equipamentos: fonte de luz de Xen\u00f4nio (Xe) de 1kW; monocromador; c\u00e9lula fotoac\u00fastica fechada com detector e fonte; [&hellip;]<\/p>\n","protected":false},"author":3,"featured_media":0,"parent":66,"menu_order":0,"comment_status":"closed","ping_status":"closed","template":"","meta":{"_exactmetrics_skip_tracking":false,"_exactmetrics_sitenote_active":false,"_exactmetrics_sitenote_note":"","_exactmetrics_sitenote_category":0,"footnotes":"","_links_to":"","_links_to_target":""},"class_list":["post-73","page","type-page","status-publish","hentry"],"_links":{"self":[{"href":"https:\/\/www3.unicentro.br\/defis\/wp-json\/wp\/v2\/pages\/73","targetHints":{"allow":["GET"]}}],"collection":[{"href":"https:\/\/www3.unicentro.br\/defis\/wp-json\/wp\/v2\/pages"}],"about":[{"href":"https:\/\/www3.unicentro.br\/defis\/wp-json\/wp\/v2\/types\/page"}],"author":[{"embeddable":true,"href":"https:\/\/www3.unicentro.br\/defis\/wp-json\/wp\/v2\/users\/3"}],"replies":[{"embeddable":true,"href":"https:\/\/www3.unicentro.br\/defis\/wp-json\/wp\/v2\/comments?post=73"}],"version-history":[{"count":1,"href":"https:\/\/www3.unicentro.br\/defis\/wp-json\/wp\/v2\/pages\/73\/revisions"}],"predecessor-version":[{"id":74,"href":"https:\/\/www3.unicentro.br\/defis\/wp-json\/wp\/v2\/pages\/73\/revisions\/74"}],"up":[{"embeddable":true,"href":"https:\/\/www3.unicentro.br\/defis\/wp-json\/wp\/v2\/pages\/66"}],"wp:attachment":[{"href":"https:\/\/www3.unicentro.br\/defis\/wp-json\/wp\/v2\/media?parent=73"}],"curies":[{"name":"wp","href":"https:\/\/api.w.org\/{rel}","templated":true}]}}