{"id":70,"date":"2024-05-03T14:46:50","date_gmt":"2024-05-03T17:46:50","guid":{"rendered":"https:\/\/www3.unicentro.br\/defis\/?page_id=70"},"modified":"2024-05-03T14:47:46","modified_gmt":"2024-05-03T17:47:46","slug":"caracterizacao","status":"publish","type":"page","link":"https:\/\/www3.unicentro.br\/defis\/pesquisa\/laboratorios\/caracterizacao\/","title":{"rendered":"Laborat\u00f3rio de Caracteriza\u00e7\u00e3o de materiais"},"content":{"rendered":"<p>Laborat\u00f3rio de pesquisa com 48 m<sup>2<\/sup> destinado a caracteriza\u00e7\u00e3o de materiais atrav\u00e9s de metodologias \u00f3pticas, el\u00e9tricas e t\u00e9cnicas espectrosc\u00f3picas. Forno mulfa de 1400<sup>o<\/sup>C, 2 fornos mufla de 1000<sup>o<\/sup>C, al\u00e9m de outros equipamentos que est\u00e3o em processo de compra.<\/p>\n","protected":false},"excerpt":{"rendered":"<p>Laborat\u00f3rio de pesquisa com 48 m2 destinado a caracteriza\u00e7\u00e3o de materiais atrav\u00e9s de metodologias \u00f3pticas, el\u00e9tricas e t\u00e9cnicas espectrosc\u00f3picas. Forno mulfa de 1400oC, 2 fornos mufla de 1000oC, al\u00e9m de outros equipamentos que est\u00e3o em processo de compra.<\/p>\n","protected":false},"author":3,"featured_media":0,"parent":66,"menu_order":0,"comment_status":"closed","ping_status":"closed","template":"","meta":{"_exactmetrics_skip_tracking":false,"_exactmetrics_sitenote_active":false,"_exactmetrics_sitenote_note":"","_exactmetrics_sitenote_category":0,"footnotes":"","_links_to":"","_links_to_target":""},"class_list":["post-70","page","type-page","status-publish","hentry"],"_links":{"self":[{"href":"https:\/\/www3.unicentro.br\/defis\/wp-json\/wp\/v2\/pages\/70","targetHints":{"allow":["GET"]}}],"collection":[{"href":"https:\/\/www3.unicentro.br\/defis\/wp-json\/wp\/v2\/pages"}],"about":[{"href":"https:\/\/www3.unicentro.br\/defis\/wp-json\/wp\/v2\/types\/page"}],"author":[{"embeddable":true,"href":"https:\/\/www3.unicentro.br\/defis\/wp-json\/wp\/v2\/users\/3"}],"replies":[{"embeddable":true,"href":"https:\/\/www3.unicentro.br\/defis\/wp-json\/wp\/v2\/comments?post=70"}],"version-history":[{"count":1,"href":"https:\/\/www3.unicentro.br\/defis\/wp-json\/wp\/v2\/pages\/70\/revisions"}],"predecessor-version":[{"id":72,"href":"https:\/\/www3.unicentro.br\/defis\/wp-json\/wp\/v2\/pages\/70\/revisions\/72"}],"up":[{"embeddable":true,"href":"https:\/\/www3.unicentro.br\/defis\/wp-json\/wp\/v2\/pages\/66"}],"wp:attachment":[{"href":"https:\/\/www3.unicentro.br\/defis\/wp-json\/wp\/v2\/media?parent=70"}],"curies":[{"name":"wp","href":"https:\/\/api.w.org\/{rel}","templated":true}]}}