{"id":68,"date":"2024-05-03T14:44:57","date_gmt":"2024-05-03T17:44:57","guid":{"rendered":"https:\/\/www3.unicentro.br\/defis\/?page_id=68"},"modified":"2024-05-03T14:45:13","modified_gmt":"2024-05-03T17:45:13","slug":"lan","status":"publish","type":"page","link":"https:\/\/www3.unicentro.br\/defis\/pesquisa\/laboratorios\/lan\/","title":{"rendered":"Laborat\u00f3rio de Aplica\u00e7\u00f5es Nucleares"},"content":{"rendered":"<p>O Laborat\u00f3rio de Aplica\u00e7\u00f5es Nucleares da Unicentro (LAN-Unicentro) tem como objetivo geral a aplica\u00e7\u00e3o de t\u00e9cnicas nucleares nas diversas \u00e1reas, como qu\u00edmica ambiental, geof\u00edsica, geomorfologia, arqueometria, caracteriza\u00e7\u00e3o de materiais entre outras. Atualmente as t\u00e9cnicas implantadas no laborat\u00f3rio s\u00e3o espectrometria gama, fluoresc\u00eancia de raios X e an\u00e1lise de tra\u00e7os nucleares em detectores pl\u00e1sticos.<\/p>\n<p>Atualmente est\u00e3o em fase de aquisi\u00e7\u00e3o um sistema de espectrometria gama com detector cil\u00edndrico de NaI(Tl) com volume de 3\u201d x 6\u201d e um sistema de EDXRF port\u00e1til. J\u00e1 se encontra dispon\u00edvel equipamentos, vidraria, reagentes e padr\u00f5es para prepara\u00e7\u00e3o de amostras diversas, al\u00e9m alguns de materiais de referencia certificados (SRM) para valida\u00e7\u00e3o das metodologias desenvolvidas. O laborat\u00f3rio est\u00e1 alocado no Bloco de F\u00edsica em uma sala de 20m2<\/p>\n","protected":false},"excerpt":{"rendered":"<p>O Laborat\u00f3rio de Aplica\u00e7\u00f5es Nucleares da Unicentro (LAN-Unicentro) tem como objetivo geral a aplica\u00e7\u00e3o de t\u00e9cnicas nucleares nas diversas \u00e1reas, como qu\u00edmica ambiental, geof\u00edsica, geomorfologia, arqueometria, caracteriza\u00e7\u00e3o de materiais entre outras. Atualmente as t\u00e9cnicas implantadas no laborat\u00f3rio s\u00e3o espectrometria gama, fluoresc\u00eancia de raios X e an\u00e1lise de tra\u00e7os nucleares em detectores pl\u00e1sticos. Atualmente est\u00e3o em [&hellip;]<\/p>\n","protected":false},"author":3,"featured_media":0,"parent":66,"menu_order":0,"comment_status":"closed","ping_status":"closed","template":"","meta":{"_exactmetrics_skip_tracking":false,"_exactmetrics_sitenote_active":false,"_exactmetrics_sitenote_note":"","_exactmetrics_sitenote_category":0,"footnotes":"","_links_to":"","_links_to_target":""},"class_list":["post-68","page","type-page","status-publish","hentry"],"_links":{"self":[{"href":"https:\/\/www3.unicentro.br\/defis\/wp-json\/wp\/v2\/pages\/68","targetHints":{"allow":["GET"]}}],"collection":[{"href":"https:\/\/www3.unicentro.br\/defis\/wp-json\/wp\/v2\/pages"}],"about":[{"href":"https:\/\/www3.unicentro.br\/defis\/wp-json\/wp\/v2\/types\/page"}],"author":[{"embeddable":true,"href":"https:\/\/www3.unicentro.br\/defis\/wp-json\/wp\/v2\/users\/3"}],"replies":[{"embeddable":true,"href":"https:\/\/www3.unicentro.br\/defis\/wp-json\/wp\/v2\/comments?post=68"}],"version-history":[{"count":1,"href":"https:\/\/www3.unicentro.br\/defis\/wp-json\/wp\/v2\/pages\/68\/revisions"}],"predecessor-version":[{"id":69,"href":"https:\/\/www3.unicentro.br\/defis\/wp-json\/wp\/v2\/pages\/68\/revisions\/69"}],"up":[{"embeddable":true,"href":"https:\/\/www3.unicentro.br\/defis\/wp-json\/wp\/v2\/pages\/66"}],"wp:attachment":[{"href":"https:\/\/www3.unicentro.br\/defis\/wp-json\/wp\/v2\/media?parent=68"}],"curies":[{"name":"wp","href":"https:\/\/api.w.org\/{rel}","templated":true}]}}