{"id":42,"date":"2024-05-03T14:16:25","date_gmt":"2024-05-03T17:16:25","guid":{"rendered":"https:\/\/www3.unicentro.br\/defis\/?page_id=42"},"modified":"2025-05-28T14:38:14","modified_gmt":"2025-05-28T17:38:14","slug":"administracao","status":"publish","type":"page","link":"https:\/\/www3.unicentro.br\/defis\/defis\/administracao\/","title":{"rendered":"Administra\u00e7\u00e3o"},"content":{"rendered":"<p><strong>Chefia:<\/strong><\/p>\n<p style=\"padding-left: 40px\">Chefe: Prof. Dr. Paulo Jos\u00e9 dos Reis<br \/>\nVice-Chefe: Prof. Dr. Eduardo Vicentini<\/p>\n<p><strong>Secretaria:<\/strong><\/p>\n<p style=\"padding-left: 40px\">Tarde e noite: Cristiane Moreira<\/p>\n<p><strong>Hor\u00e1rio de Funcionamento da Secretaria da F\u00edsica<\/strong><\/p>\n<p style=\"padding-left: 40px\">Tarde: 13h \u00e0s 17h<br \/>\nNoite: 18h at\u00e9 22h<\/p>\n<p><strong>Contatos:<\/strong><\/p>\n<p style=\"padding-left: 40px\">Telefone: (42) 3629-8129<\/p>\n<p><strong>Endere\u00e7o para correspond\u00eancia:<\/strong><\/p>\n<p style=\"padding-left: 40px\">Universidade Estadual do Centro-Oeste<br \/>\nCampus Cedeteg<br \/>\nDepartamento de F\u00edsica<br \/>\nRua Sime\u00e3o Camargo Varella de S\u00e1, 03.<br \/>\nCEP 85040-080 \u2013 Guarapuava \u2013 PR<\/p>\n","protected":false},"excerpt":{"rendered":"<p>Chefia: Chefe: Prof. Dr. Paulo Jos\u00e9 dos Reis Vice-Chefe: Prof. Dr. Eduardo Vicentini Secretaria: Tarde e noite: Cristiane Moreira Hor\u00e1rio de Funcionamento da Secretaria da F\u00edsica Tarde: 13h \u00e0s 17h Noite: 18h at\u00e9 22h Contatos: Telefone: (42) 3629-8129 Endere\u00e7o para correspond\u00eancia: Universidade Estadual do Centro-Oeste Campus Cedeteg Departamento de F\u00edsica Rua Sime\u00e3o Camargo Varella de [&hellip;]<\/p>\n","protected":false},"author":3,"featured_media":0,"parent":46,"menu_order":0,"comment_status":"closed","ping_status":"closed","template":"","meta":{"_exactmetrics_skip_tracking":false,"_exactmetrics_sitenote_active":false,"_exactmetrics_sitenote_note":"","_exactmetrics_sitenote_category":0,"footnotes":"","_links_to":"","_links_to_target":""},"class_list":["post-42","page","type-page","status-publish","hentry"],"_links":{"self":[{"href":"https:\/\/www3.unicentro.br\/defis\/wp-json\/wp\/v2\/pages\/42","targetHints":{"allow":["GET"]}}],"collection":[{"href":"https:\/\/www3.unicentro.br\/defis\/wp-json\/wp\/v2\/pages"}],"about":[{"href":"https:\/\/www3.unicentro.br\/defis\/wp-json\/wp\/v2\/types\/page"}],"author":[{"embeddable":true,"href":"https:\/\/www3.unicentro.br\/defis\/wp-json\/wp\/v2\/users\/3"}],"replies":[{"embeddable":true,"href":"https:\/\/www3.unicentro.br\/defis\/wp-json\/wp\/v2\/comments?post=42"}],"version-history":[{"count":1,"href":"https:\/\/www3.unicentro.br\/defis\/wp-json\/wp\/v2\/pages\/42\/revisions"}],"predecessor-version":[{"id":208,"href":"https:\/\/www3.unicentro.br\/defis\/wp-json\/wp\/v2\/pages\/42\/revisions\/208"}],"up":[{"embeddable":true,"href":"https:\/\/www3.unicentro.br\/defis\/wp-json\/wp\/v2\/pages\/46"}],"wp:attachment":[{"href":"https:\/\/www3.unicentro.br\/defis\/wp-json\/wp\/v2\/media?parent=42"}],"curies":[{"name":"wp","href":"https:\/\/api.w.org\/{rel}","templated":true}]}}