{"id":95,"date":"2020-05-05T15:57:39","date_gmt":"2020-05-05T18:57:39","guid":{"rendered":"https:\/\/www3.unicentro.br\/defil\/?page_id=95"},"modified":"2024-10-10T13:31:11","modified_gmt":"2024-10-10T16:31:11","slug":"corpo-docente","status":"publish","type":"page","link":"https:\/\/www3.unicentro.br\/defil\/o-curso\/corpo-docente\/","title":{"rendered":"Corpo Docente"},"content":{"rendered":"<p style=\"text-align: center\"><span style=\"font-size: 14pt\"><strong>Professores Efetivos<\/strong><\/span><\/p>\n<p style=\"text-align: center\"><a href=\"http:\/\/lattes.cnpq.br\/5327736796639139\"><strong>Prof. Dr. Augusto Bach\u00a0<\/strong><\/a><br \/>\n<a href=\"mailto:augustobach@yahoo.com.br\">augustobach@yahoo.com.br<\/a><\/p>\n<p style=\"text-align: center\"><a href=\"http:\/\/lattes.cnpq.br\/3054991168768852\"><strong>Prof. Dr. Claudio C\u00e9sar Andrade<\/strong><\/a><br \/>\n<a href=\"mailto:mestreclaudio@uol.com.br\">mestreclaudio@uol.com.br<\/a><\/p>\n<p style=\"text-align: center\"><a href=\"http:\/\/lattes.cnpq.br\/2203498702375288\"><strong>Prof. Dr. Darlan Faccin Weide<\/strong><\/a><br \/>\n<a href=\"mailto:darlan@unicentro.br\">darlan@unicentro.br<\/a><\/p>\n<p style=\"text-align: center\"><a href=\"http:\/\/lattes.cnpq.br\/1553370618054264\"><strong>Prof. Me. Ernesto Maria Giusti<\/strong><\/a><br \/>\n<a href=\"mailto:egiusti@gmail.com\">egiusti@gmail.com<\/a><\/p>\n<p style=\"text-align: center\"><a href=\"http:\/\/lattes.cnpq.br\/4956666497437927\"><strong>Prof. Dr. Evandro Oliveira de Brito<\/strong><\/a><br \/>\n<a href=\"mailto:evandro@unicentro.br\">evandro@unicentro.br<\/a><\/p>\n<p style=\"text-align: center\"><a href=\"http:\/\/lattes.cnpq.br\/5346829839040018\"><strong>Prof. Dr. Gilmar Evandro Szczepanik<\/strong><\/a><br \/>\n<a href=\"mailto:cienciamaluca@yahoo.com.br\">cienciamaluca@yahoo.com.br<\/a><\/p>\n<p style=\"text-align: center\"><a href=\"http:\/\/lattes.cnpq.br\/7628646980025429\"><strong>Prof. Dr. Manuel Moreira da Silva<\/strong><\/a><br \/>\n<a href=\"mailto:mmdsilva@yahoo.com.br\">mmdsilva@yahoo.com.br<\/a><\/p>\n<p style=\"text-align: center\"><a href=\"http:\/\/lattes.cnpq.br\/7589108445201141\"><strong>Prof. Dr. Marciano Ad\u00edlio Spica<\/strong><\/a><br \/>\n<a href=\"mailto:marciano.spica@gmail.com\">marciano.spica@gmail.com<\/a><\/p>\n<p>&nbsp;<\/p>\n<p style=\"text-align: center\"><span style=\"font-size: 14pt\"><strong>Professores Colaboradores<\/strong><\/span><\/p>\n<p style=\"text-align: center\"><strong><a href=\"http:\/\/lattes.cnpq.br\/9833504300220067\">Prof. Dr. Bruno Aisl\u00e3 Gon\u00e7alves dos Santos<\/a><\/strong><br \/>\n<a href=\"mailto:brunoaisla@hotmail.com\">brunoaisla@hotmail.com<\/a>\/<a href=\"mailto:brunosantos@gmail.com\">brunosantos@gmail.com<\/a><\/p>\n<p style=\"text-align: center\"><a href=\"https:\/\/buscatextual.cnpq.br\/buscatextual\/visualizacv.do;jsessionid=EDCA35FDFB9496993E06F8C49744275E.buscatextual_0\"><strong>Prof. Dra. Patr\u00edcia Riffel de Almeida<\/strong><\/a><br \/>\n<a href=\"mailto:patriciariffel@gmail.com\">patriciariffel@gmail.com<\/a><\/p>\n<p style=\"text-align: center\"><a href=\"http:\/\/lattes.cnpq.br\/6362777531071296\"><strong>Prof. Dr. Marcelo Prates<\/strong><\/a><br \/>\n<a href=\"mailto:marceloprates@unicentro.br\">marceloprates@unicentro.br<\/a><\/p>\n<p>&nbsp;<\/p>\n<p style=\"text-align: center\"><span style=\"font-size: 14pt\"><strong>Professores Aposentados<\/strong><\/span><\/p>\n<p style=\"text-align: center\"><a href=\"http:\/\/lattes.cnpq.br\/0087366847544626\"><strong>Prof. Dr. Elias Dallabrida<\/strong><\/a><br \/>\n<a href=\"mailto:edall@pop.com.br\">edall@pop.com.br<\/a><\/p>\n<p style=\"text-align: center\"><a href=\"http:\/\/lattes.cnpq.br\/4888439642839415\"><strong>Prof. Dr. G\u00e9rman Calder\u00f3n Calder\u00f3n<\/strong><\/a><br \/>\n<a href=\"mailto:calderon@unicentro.br\">calderon@unicentro.br<\/a><\/p>\n<p style=\"text-align: center\"><a href=\"http:\/\/lattes.cnpq.br\/5235684922075835\"><strong>Profa. Ma. Ruth Rieth Leonhardt<\/strong><\/a><\/p>\n<p style=\"text-align: center\"><strong><a href=\"http:\/\/lattes.cnpq.br\/6018264208188484\">Prof. Dr. Waldemar Feller<\/a><\/strong><\/p>\n","protected":false},"excerpt":{"rendered":"<p>Professores Efetivos Prof. Dr. Augusto Bach\u00a0 augustobach@yahoo.com.br Prof. Dr. Claudio C\u00e9sar Andrade mestreclaudio@uol.com.br Prof. Dr. Darlan Faccin Weide darlan@unicentro.br Prof. Me. Ernesto Maria Giusti egiusti@gmail.com Prof. Dr. Evandro Oliveira de Brito evandro@unicentro.br Prof. Dr. Gilmar Evandro Szczepanik cienciamaluca@yahoo.com.br Prof. Dr. Manuel Moreira da Silva mmdsilva@yahoo.com.br Prof. Dr. Marciano Ad\u00edlio Spica marciano.spica@gmail.com &nbsp; Professores Colaboradores Prof. [&hellip;]<\/p>\n","protected":false},"author":3,"featured_media":0,"parent":84,"menu_order":0,"comment_status":"closed","ping_status":"closed","template":"","meta":{"_exactmetrics_skip_tracking":false,"_exactmetrics_sitenote_active":false,"_exactmetrics_sitenote_note":"","_exactmetrics_sitenote_category":0,"footnotes":"","_links_to":"","_links_to_target":""},"class_list":["post-95","page","type-page","status-publish","hentry"],"_links":{"self":[{"href":"https:\/\/www3.unicentro.br\/defil\/wp-json\/wp\/v2\/pages\/95","targetHints":{"allow":["GET"]}}],"collection":[{"href":"https:\/\/www3.unicentro.br\/defil\/wp-json\/wp\/v2\/pages"}],"about":[{"href":"https:\/\/www3.unicentro.br\/defil\/wp-json\/wp\/v2\/types\/page"}],"author":[{"embeddable":true,"href":"https:\/\/www3.unicentro.br\/defil\/wp-json\/wp\/v2\/users\/3"}],"replies":[{"embeddable":true,"href":"https:\/\/www3.unicentro.br\/defil\/wp-json\/wp\/v2\/comments?post=95"}],"version-history":[{"count":2,"href":"https:\/\/www3.unicentro.br\/defil\/wp-json\/wp\/v2\/pages\/95\/revisions"}],"predecessor-version":[{"id":454,"href":"https:\/\/www3.unicentro.br\/defil\/wp-json\/wp\/v2\/pages\/95\/revisions\/454"}],"up":[{"embeddable":true,"href":"https:\/\/www3.unicentro.br\/defil\/wp-json\/wp\/v2\/pages\/84"}],"wp:attachment":[{"href":"https:\/\/www3.unicentro.br\/defil\/wp-json\/wp\/v2\/media?parent=95"}],"curies":[{"name":"wp","href":"https:\/\/api.w.org\/{rel}","templated":true}]}}