{"id":86,"date":"2020-05-05T15:47:36","date_gmt":"2020-05-05T18:47:36","guid":{"rendered":"https:\/\/www3.unicentro.br\/defil\/?page_id=86"},"modified":"2020-10-06T12:54:55","modified_gmt":"2020-10-06T15:54:55","slug":"a-filosofia-na-unicentro","status":"publish","type":"page","link":"https:\/\/www3.unicentro.br\/defil\/o-curso\/a-filosofia-na-unicentro\/","title":{"rendered":"A Filosofia na Unicentro"},"content":{"rendered":"<p><span style=\"font-size: 14pt\"><strong>Grupo p\u00fablico<\/strong> no Facebook: <a href=\"https:\/\/www.facebook.com\/groups\/427656867284990\">https:\/\/www.facebook.com\/groups\/427656867284990<\/a><\/span><\/p>\n<p><span style=\"font-size: 14pt\"><strong>P\u00e1gina do curso<\/strong> no Facebook: <a href=\"https:\/\/www.facebook.com\/FilosofiaUnicentroDepartamento\">https:\/\/www.facebook.com\/FilosofiaUnicentroDepartamento<\/a><\/span><\/p>\n<p>&nbsp;<\/p>\n<p><span style=\"font-size: 14pt\"><strong>A filosofia na Unicentro<\/strong><\/span><\/p>\n<p><span style=\"font-size: 14pt\">O curso de filosofia na Unicentro foi criado em 2000 e reconhecido em 2004. Ele veio da necessidade de atender as demandas internas da universidade e externas da sociedade, sobretudo num per\u00edodo de retorno da filosofia ao ensino m\u00e9dio e pela defasagem do n\u00famero de profissionais licenciados na \u00e1rea. Assim, o curso forma profissionais licenciados em filosofia. Em 20 anos tem atendido Guarapuava e regi\u00e3o formando professores e fil\u00f3sofos que retribuem diretamente, como professores ou p\u00f3s-graduandos em programas de mestrado e doutorado, ou indiretamente, como cidad\u00e3os aut\u00f4nomos e cr\u00edticos, que apresentam melhor desempenho intelectual nas mais diversas \u00e1reas profissionais e sociais.<\/span><\/p>\n<p><span style=\"font-size: 14pt\">Em 2016, com base no Conceito Preliminar de Curso (CPC) divulgado pelo\u00a0Minist\u00e9rio da Educa\u00e7\u00e3o (MEC), o <strong><em>curso de Licenciatura em Filosofia da Unicentro foi considerado o melhor entre todos os cursos licenciaturas em Filosofia do Paran\u00e1, o terceiro da regi\u00e3o Sul e o s\u00e9timo do pa\u00eds.<\/em><\/strong><\/span><\/p>\n<p><span style=\"font-size: 14pt\">Diversos egressos s\u00e3o hoje professores de col\u00e9gios p\u00fablicos ou privados. Outros ingressaram em programas de p\u00f3s-gradua\u00e7\u00e3o de alta qualidade. Tantos outros trabalham em diversos ramos e reconhecem o valor do curso para a sua forma\u00e7\u00e3o profissional atual e sua vida privada e cidad\u00e3.<\/span><\/p>\n<p><span style=\"font-size: 14pt\">O curso \u00e9 ofertado no per\u00edodo noturno. Possu\u00ed 40 vagas por ano.<\/span><\/p>\n<p><span style=\"font-size: 14pt\"><strong><em>Ressalta-se ainda, que \u00e9 oferecido aos alunos um grande n\u00famero de bolsas de estudos, para auxili\u00e1-los em sua forma\u00e7\u00e3o.<\/em><\/strong><\/span><\/p>\n<p>&nbsp;<\/p>\n<p><span style=\"font-size: 14pt\"><strong>Por que fazer a primeira gradua\u00e7\u00e3o em filosofia?<\/strong><\/span><\/p>\n<p><span style=\"font-size: 14pt\">Primeiramente ela \u00e9 prop\u00edcia para aqueles que desejam ser professores seja do ensino m\u00e9dio, seja do ensino superior ou ingressarem em programas de pesquisa em filosofia a n\u00edvel de mestrado e doutorado. Mas ela \u00e9 tamb\u00e9m destinada \u00e0queles que sentem a necessidade de aperfei\u00e7oamento intelectual antes que profissional, que ainda n\u00e3o decidiram qual o tipo de profiss\u00e3o que desejam para a sua vida, e pensam que melhor conhecendo a realidade mais bem capacitados e aut\u00f4nomos estar\u00e3o para lidar com ela. V\u00e1rios egressos do curso reconhecem que o aprendizado realizado no curso facilitou a ingress\u00e3o \u00e0 outros cursos superiores ou \u00e0 vida profissional, uma vez que hoje o perfil do profissional aut\u00f4nomo (de pensamento, e n\u00e3o em termos econ\u00f4micos)\u00a0 \u00e9 um dos mais desej\u00e1veis pelo mercado, haja vista o ganho de capacidades e habilidades que este profissional adquiriu a partir da forma\u00e7\u00e3o filos\u00f3fica.<\/span><\/p>\n<p>&nbsp;<\/p>\n<p><span style=\"font-size: 14pt\"><strong>Por que fazer a segunda gradua\u00e7\u00e3o em filosofia?<\/strong><\/span><\/p>\n<p><span style=\"font-size: 14pt\">Uma segunda gradua\u00e7\u00e3o em filosofia \u00e9 buscada por aqueles profissionais que reconhecem a necessidade de uma base filos\u00f3fica ao conhecimento e habilidades j\u00e1 adquiridas da sua primeira forma\u00e7\u00e3o, seja porque perceberam isso por sua primeira \u00e1rea de forma\u00e7\u00e3o pelos conte\u00fados filos\u00f3ficos que a envolviam, seja porque sentiram que faltava para si mesmos, em sua autonomia intelectual, um melhor desenvolvimento, cujas capacidades e habilidades a filosofia seria capaz de fornecer ou de aperfei\u00e7oar. O curso da Unicentro tem recebido profissionais das mais diversas \u00e1reas que reconhecem a qualidade do curso e o ganho para suas forma\u00e7\u00f5es e profiss\u00f5es.<\/span><\/p>\n","protected":false},"excerpt":{"rendered":"<p>Grupo p\u00fablico no Facebook: https:\/\/www.facebook.com\/groups\/427656867284990 P\u00e1gina do curso no Facebook: https:\/\/www.facebook.com\/FilosofiaUnicentroDepartamento &nbsp; A filosofia na Unicentro O curso de filosofia na Unicentro foi criado em 2000 e reconhecido em 2004. Ele veio da necessidade de atender as demandas internas da universidade e externas da sociedade, sobretudo num per\u00edodo de retorno da filosofia ao ensino m\u00e9dio [&hellip;]<\/p>\n","protected":false},"author":3,"featured_media":0,"parent":84,"menu_order":0,"comment_status":"closed","ping_status":"closed","template":"","meta":{"_exactmetrics_skip_tracking":false,"_exactmetrics_sitenote_active":false,"_exactmetrics_sitenote_note":"","_exactmetrics_sitenote_category":0,"footnotes":"","_links_to":"","_links_to_target":""},"class_list":["post-86","page","type-page","status-publish","hentry"],"_links":{"self":[{"href":"https:\/\/www3.unicentro.br\/defil\/wp-json\/wp\/v2\/pages\/86","targetHints":{"allow":["GET"]}}],"collection":[{"href":"https:\/\/www3.unicentro.br\/defil\/wp-json\/wp\/v2\/pages"}],"about":[{"href":"https:\/\/www3.unicentro.br\/defil\/wp-json\/wp\/v2\/types\/page"}],"author":[{"embeddable":true,"href":"https:\/\/www3.unicentro.br\/defil\/wp-json\/wp\/v2\/users\/3"}],"replies":[{"embeddable":true,"href":"https:\/\/www3.unicentro.br\/defil\/wp-json\/wp\/v2\/comments?post=86"}],"version-history":[{"count":0,"href":"https:\/\/www3.unicentro.br\/defil\/wp-json\/wp\/v2\/pages\/86\/revisions"}],"up":[{"embeddable":true,"href":"https:\/\/www3.unicentro.br\/defil\/wp-json\/wp\/v2\/pages\/84"}],"wp:attachment":[{"href":"https:\/\/www3.unicentro.br\/defil\/wp-json\/wp\/v2\/media?parent=86"}],"curies":[{"name":"wp","href":"https:\/\/api.w.org\/{rel}","templated":true}]}}