{"id":196,"date":"2020-05-08T15:59:32","date_gmt":"2020-05-08T18:59:32","guid":{"rendered":"https:\/\/www3.unicentro.br\/defil\/?page_id=196"},"modified":"2020-05-20T10:58:27","modified_gmt":"2020-05-20T13:58:27","slug":"espaco-discente","status":"publish","type":"page","link":"https:\/\/www3.unicentro.br\/defil\/espaco-discente\/","title":{"rendered":"Espa\u00e7o Discente"},"content":{"rendered":"<div class=\"wpb-content-wrapper\"><p>[vc_row][vc_column]<aside class=\"ul-custom-css-inline\">\t\t\t\t\t\t\t\t\t\t\r\n\t\t\t\t\t\t\t\t\t\t<link rel=\"stylesheet\" id=\"ul-google-fonts-css\" href=\"https:\/\/fonts.googleapis.com\/css?family=Open+Sans%7COpen+Sans%7COpen+Sans%7COpen+Sans%7COpen+Sans%7COpen+Sans\" type=\"text\/css\" media=\"all\" \/><style type=\"text\/css\">#ul40177.ultimate-layouts-container h3.ultimate-layouts-title, \r\n\t\t\t\t\t\t\t\t\t#ul40177.ultimate-layouts-container h3.ultimate-layouts-title a{font-family:\"Open Sans\" !important;font-size:12px !important;}.ul_quickview_p_ul40177.ul-quick-view-style h3.ultimate-layouts-title,\r\n\t\t\t\t\t\t\t\t\t\t.ul_quickview_p_ul40177.ul-quick-view-style h3.ultimate-layouts-title a{font-family:\"Open Sans\" !important;}#ul40177.ultimate-layouts-container .ul-cb-style-listing h3.ultimate-layouts-title, \r\n\t\t\t\t\t\t\t\t\t\t#ul40177.ultimate-layouts-container .ul-cb-style-listing h3.ultimate-layouts-title a{\r\n\t\t\t\t\t\t\t\t\t\t\tfont-size:calc(12px * 0.78) !important;\r\n\t\t\t\t\t\t\t\t\t\t\tfont-size:-webkit-calc(12px * 0.78) !important;\r\n\t\t\t\t\t\t\t\t\t\t\tfont-size:-moz-calc(12px * 0.78) !important;\r\n\t\t\t\t\t\t\t\t\t\t\tfont-size:-ms-calc(12px * 0.78) !important;\r\n\t\t\t\t\t\t\t\t\t\t\tfont-size:-o-calc(12px * 0.78) !important;\r\n\t\t\t\t\t\t\t\t\t\t}#ul40177.ultimate-layouts-container .ultimate-layouts-excerpt,#ul40177.ultimate-layouts-container .ultimate-layouts-excerpt p,\r\n\t\t\t\t\t\t\t\t\t.ul_quickview_p_ul40177.ul-quick-view-style .ul-quick-view-content .ul-quick-view-body .ul-single-post-content,\r\n\t\t\t\t\t\t\t\t\t.ul_quickview_p_ul40177.ul-quick-view-style .ul-quick-view-content .ul-quick-view-body .ul-single-post-content p{font-family:\"Open Sans\" !important;}#ul40177.ultimate-layouts-container .ultimate-layouts-metas>.ultimate-layouts-metas-wrap>*, \r\n\t\t\t\t\t\t\t\t\t#ul40177.ultimate-layouts-container .ultimate-layouts-metas-st2>.ultimate-layouts-metas-wrap>*,\r\n\t\t\t\t\t\t\t\t\t#ul40177.ultimate-layouts-container .ultimate-layouts-metas a, \r\n\t\t\t\t\t\t\t\t\t#ul40177.ultimate-layouts-container .ultimate-layouts-metas-st2 a,\r\n\t\t\t\t\t\t\t\t\t#ul40177.ultimate-layouts-container .ultimate-layouts-categories>a,\r\n\t\t\t\t\t\t\t\t\t#ul40177.ultimate-layouts-container .ultimate-layouts-metas>.ultimate-layouts-metas-wrap>* .ldc-ul_cont span, \r\n\t\t\t\t\t\t\t\t\t#ul40177.ultimate-layouts-container .ultimate-layouts-metas-st2>.ultimate-layouts-metas-wrap>* .ldc-ul_cont span,\r\n\t\t\t\t\t\t\t\t\t.ul_quickview_p_ul40177.ul-quick-view-style .ultimate-layouts-metas>.ultimate-layouts-metas-wrap>*,\r\n\t\t\t\t\t\t\t\t\t.ul_quickview_p_ul40177.ul-quick-view-style .ultimate-layouts-metas a,\r\n\t\t\t\t\t\t\t\t\t.ul_quickview_p_ul40177.ul-quick-view-style .ultimate-layouts-categories>a,\r\n\t\t\t\t\t\t\t\t\t.ul_quickview_p_ul40177.ul-quick-view-style .ultimate-layouts-metas>.ultimate-layouts-metas-wrap>* .ldc-ul_cont span,\r\n\t\t\t\t\t\t\t\t\t.ul_quickview_p_ul40177.ul-quick-view-style .ultimate-layouts-metas-st2>.ultimate-layouts-metas-wrap>* .ldc-ul_cont span{font-family:\"Open Sans\" !important;}#ul40177.ultimate-layouts-container .ultimate-layouts-filter-container .ultimate-layouts-sc-filter-container .ultimate-layouts-filter-item{font-family:\"Open Sans\" !important;}#ul40177.ultimate-layouts-container .ultimate-layouts-filter-container .ul-smart-tab-filter .ul-smart-tab-title-wrap .ul-smart-tab-title{font-family:\"Open Sans\" !important;}#ul40177.ultimate-layouts-container .ul-pagination-wrap .ul-loadmore-style,\r\n\t\t\t\t\t\t\t\t\t\t#ul40177.ultimate-layouts-container .ul-pagination-wrap .ul-page-numbers .paginationjs .paginationjs-pages ul li>a {font-family:\"Open Sans\" !important;}<\/style><style type=\"text\/css\">#ul40177.ultimate-layouts-container .ultimate-layouts-item{background-color:#e5e5e5 !important;}#ul40177.ultimate-layouts-container .ultimate-layouts-filter-container .ul-smart-tab-filter{border-bottom-color:#ededed !important;}#ul40177.ultimate-layouts-container .ultimate-layouts-filter-container .ul-smart-tab-filter .ul-smart-tab-title-wrap .ul-smart-tab-title{background-color:#ededed !important;}<\/style>\r\n\t\t\t\t\t\t\t\t\t\t<h6>h6<\/h6>\r\n\t\t\t\t\t\t\t\t\t<\/aside><script>if(typeof(ultimate_layouts_ajax_url)==\"undefined\"){var ultimate_layouts_ajax_url=[]};ultimate_layouts_ajax_url[\"ul40177\"]=\"https:\/\/www3.unicentro.br\/defil\/wp-admin\/admin-ajax.php\";if(typeof(ultimate_layouts_query_params)==\"undefined\"){var ultimate_layouts_query_params=[]};ultimate_layouts_query_params[\"ul40177\"]={\"post_types\":\"post\",\"i_attachment\":\"\",\"taxonomies\":\"category\",\"multi_post_types\":\"\",\"multi_taxonomies\":\"\",\"query_types\":\"0\",\"i_taxonomies\":\"12\",\"e_taxonomies\":\"\",\"i_ids\":\"\",\"cq_operator\":\"0\",\"e_ids\":\"\",\"query_author\":\"\",\"query_offset\":\"\",\"query_include_children\":\"1\",\"today_post\":\"0\",\"datetime_meta\":\"\",\"woo_query\":\"0\",\"post_count\":\"-1\",\"posts_per_page\":\"10\",\"d_i_filter\":\"\"};if(typeof(ultimate_layouts_filter)==\"undefined\"){var ultimate_layouts_filter=[]};ultimate_layouts_filter[\"ul40177\"]=\"\";if(typeof(ultimate_layouts_order)==\"undefined\"){var ultimate_layouts_order=[]};ultimate_layouts_order[\"ul40177\"]=\"DESC\";if(typeof(ultimate_layouts_orderby)==\"undefined\"){var ultimate_layouts_orderby=[]};ultimate_layouts_orderby[\"ul40177\"]=\"date\";if(typeof(ultimate_layouts_sub_opt_query)==\"undefined\"){var ultimate_layouts_sub_opt_query=[]};ultimate_layouts_sub_opt_query[\"ul40177\"]={\"meta_key_query\":\"\",\"paged\":1,\"first_query\":\"on\",\"total_pages\":1,\"items_last_page\":0};if(typeof(ultimate_layouts_options)==\"undefined\"){var ultimate_layouts_options=[]};ultimate_layouts_options[\"ul40177\"]={\"layout_style\":\"4\",\"button_gallery_name\":\"Gallery\",\"grid_style\":\"0\",\"list_style\":\"9\",\"carousel_t_style\":\"0\",\"carousel_f_style\":\"0\",\"creative_style\":\"0\",\"timeline_style\":\"0\",\"block_content_style\":\"0\",\"sync_slider_style\":\"0\",\"grid_masonry\":\"0\",\"show_arrows\":\"1\",\"arrows_outside\":\"0\",\"show_dots\":\"1\",\"infinite\":\"1\",\"autoplay\":\"1\",\"autoplayspeed\":5000,\"scrollperpage\":\"1\",\"speed\":500,\"centermode\":\"0\",\"sync_slider_height_d\":\"\",\"sync_slider_height_t\":\"\",\"sync_slider_height_m\":\"\",\"sync_slider_width_d\":\"\",\"sync_slider_width_t\":\"\",\"sync_slider_width_m\":\"\",\"show_elements\":\"0\",\"av_content\":\"0\",\"cc_mobile\":\"0\",\"cc_portrait_tablet\":\"0\",\"cc_landscape_tablet\":\"0\",\"cc_small_desktop\":\"0\",\"cc_medium_desktop\":\"0\",\"cc_large_desktop\":\"0\",\"cc_extra_large_desktop\":\"0\",\"image_size\":\"thumbnail\",\"image_size_s\":\"thumbnail\",\"s_image\":\"0\",\"s_image_link\":\"1\",\"s_image_link_target\":\"0\",\"s_icon_lightbox_video\":\"0\",\"video_url_meta\":\"0\",\"video_url_meta_key\":\"\",\"s_icon_lightbox_image\":\"1\",\"s_icon_link\":\"1\",\"s_icon_link_target\":\"0\",\"s_image_hover_effect\":\"0\",\"s_overlay_hover_effect\":\"\",\"s_overlay_settings\":\"0\",\"s_overlay_color\":\"\",\"s_image_post_format\":\"0\",\"s_image_post_format_pos\":\"ul-bottom-right\",\"s_image_avatar\":\"0\",\"s_title\":\"1\",\"s_title_limit\":\"0\",\"s_title_link\":\"1\",\"s_title_link_target\":\"0\",\"s_excerpt\":\"0\",\"s_excerpt_rbtn\":\"0\",\"s_excerpt_f\":\"get_the_excerpt\",\"s_excerpt_sc\":\"1\",\"s_excerpt_sh\":\"1\",\"s_excerpt_length\":0,\"s_categories\":\"0\",\"s_s_categories\":\"0\",\"s_s_categories_parent\":\"0\",\"ex_items_taxonomies\":\"\",\"s_c_categories\":\"0\",\"s_ct_categories\":\"\",\"s_cb_categories\":\"\",\"s_categories_target\":\"0\",\"s_metas_o\":\"0\",\"s_metas_o_author\":\"1\",\"s_metas_o_author_avatar\":\"0\",\"s_metas_o_time\":\"1\",\"time_format\":\"F j, Y\",\"s_metas_o_comment\":\"1\",\"s_metas_o_like\":\"0\",\"s_metas_o_share\":\"0\",\"custom_meta_o\":\"\",\"s_metas_t\":\"0\",\"s_metas_t_author\":\"0\",\"s_metas_t_author_avatar\":\"0\",\"s_metas_t_time\":\"0\",\"time_format_t\":\"F j, Y\",\"s_metas_t_comment\":\"0\",\"s_metas_t_like\":\"1\",\"s_metas_t_share\":\"1\",\"custom_meta_t\":\"\",\"s_metas_t_readmore\":\"1\",\"s_metas_t_readmore_link_target\":\"0\",\"share_text\":\"Compartilhar\",\"read_more_text\":\"\",\"before_author_text\":\"\",\"pagination\":\"1\",\"loadmore_text\":\"\",\"prev_text\":\"\",\"next_text\":\"\",\"animate\":\"default\",\"lazyload\":\"1\",\"lazyload_p\":\"\",\"geodirectory_rating\":\"0\",\"quick_view\":\"1\",\"quick_view_mode\":\"0\",\"extra_class\":\"\",\"rnd_id\":\"ul40177\",\"s_title_small\":\"1\",\"s_title_limit_small\":\"0\",\"s_title_link_small\":\"1\",\"s_title_link_target_small\":\"0\",\"s_categories_small\":\"1\",\"s_s_categories_small\":\"0\",\"s_s_categories_parent_small\":\"0\",\"ex_items_taxonomies_small\":\"\",\"s_c_categories_small\":\"0\",\"s_ct_categories_small\":\"\",\"s_cb_categories_small\":\"\",\"s_categories_target_small\":\"0\",\"s_metas_o_small\":\"1\",\"s_metas_o_author_small\":\"1\",\"s_metas_o_author_avatar_small\":\"0\",\"s_metas_o_time_small\":\"1\",\"time_format_small\":\"F j, Y\",\"s_metas_o_comment_small\":\"1\",\"s_metas_o_like_small\":\"0\",\"s_metas_o_share_small\":\"0\",\"custom_meta_o_small\":\"\",\"woo_show_price\":\"0\",\"woo_show_rating\":\"0\",\"woo_show_cart\":\"0\",\"qv_s_title\":\"1\",\"qv_s_categories\":\"0\",\"qv_s_s_categories\":\"0\",\"qv_s_s_categories_parent\":\"0\",\"qv_ex_items_taxonomies\":\"\",\"qv_s_c_categories\":\"0\",\"qv_s_ct_categories\":\"\",\"qv_s_cb_categories\":\"\",\"qv_s_categories_target\":\"0\",\"qv_s_metas_o\":\"1\",\"qv_s_metas_o_author\":\"0\",\"qv_s_metas_o_author_avatar\":\"0\",\"qv_s_metas_o_time\":\"0\",\"qv_time_format\":\"F j, Y\",\"qv_s_metas_o_comment\":\"0\",\"qv_s_metas_o_like\":\"0\",\"qv_custom_meta_o\":\"\",\"qv_show_content\":\"0\",\"qv_content_stripsc\":\"0\",\"qv_show_share\":\"1\",\"qv_woo_show_rating\":\"0\",\"qv_s_featured_image\":\"0\",\"goo_ads_client\":\"\",\"goo_ads_id\":\"\",\"goo_ads_offset\":\"1\",\"css_class\":\" vc_custom_1589983103908\"};<\/script><div id=\"ul40177\" class=\"ultimate-layouts-container ul-filter-gridlist-normal ultimate-layouts-wrapper-control   vc_custom_1589983103908\"><div class=\"\r\n\t\t\t\t\t\t\t\t\t\t\t\tultimate-layouts-listing-wrap \r\n\t\t\t\t\t\t\t\t\t\t\t\tultimate-layouts-listing-list-10\r\n\t\t\t\t\t\t\t\t\t\t\t\t\r\n\t\t\t\t\t\t\t\t\t\t\t\tultimate-layouts-effect-icon\r\n\t\t\t\t\t\t\t\t\t\t\t\"><!--post item--> \r\n<article class=\"ultimate-layouts-item hentry\">\r\n    <!--entry content-->\r\n    <div class=\"ultimate-layouts-entry-wrapper entry-content\">\r\n        <!--picture-->\r\n                <!--picture-->\r\n        <!--content-->\r\n        <div class=\"ultimate-layouts-content entry\">    \r\n        \t        \r\n            <h3 class=\"ultimate-layouts-title entry-title  \"><a  data-post-id=\"371\" href=\"https:\/\/www3.unicentro.br\/defil\/2022\/07\/19\/discere-podcast-do-pet-filosofia\/\" title=\"Discere &#8211; PodCast do PET Filosofia\"   class=\"ultimate-layouts-title-link\">Discere &#8211; PodCast do PET Filosofia<\/a><\/h3>            \r\n                         \r\n                                        \r\n        <\/div><!--content-->\r\n    <\/div><!--entry content-->            \r\n<\/article><!--post item--><!--post item--> \r\n<article class=\"ultimate-layouts-item hentry\">\r\n    <!--entry content-->\r\n    <div class=\"ultimate-layouts-entry-wrapper entry-content\">\r\n        <!--picture-->\r\n                <!--picture-->\r\n        <!--content-->\r\n        <div class=\"ultimate-layouts-content entry\">    \r\n        \t        \r\n            <h3 class=\"ultimate-layouts-title entry-title  \"><a  data-post-id=\"231\" href=\"https:\/\/www3.unicentro.br\/defil\/2020\/05\/20\/pagina-do-pet-filosofia-no-instagram-promovera-diversos-conteudos-e-eventos-no-periodo-da-pandemia\/\" title=\"P\u00e1gina do PET Filosofia no Instagram promover\u00e1 diversos conte\u00fados e eventos no per\u00edodo da pandemia.\"   class=\"ultimate-layouts-title-link\">P\u00e1gina do PET Filosofia no Instagram promover\u00e1 diversos conte\u00fados e eventos no per\u00edodo da pandemia.<\/a><\/h3>            \r\n                         \r\n                                        \r\n        <\/div><!--content-->\r\n    <\/div><!--entry content-->            \r\n<\/article><!--post item--><\/div><\/div>[\/vc_column][\/vc_row]<\/p>\n<\/div>","protected":false},"excerpt":{"rendered":"<p>[vc_row][vc_column][\/vc_column][\/vc_row]<\/p>\n","protected":false},"author":3,"featured_media":0,"parent":0,"menu_order":0,"comment_status":"closed","ping_status":"closed","template":"","meta":{"_exactmetrics_skip_tracking":false,"_exactmetrics_sitenote_active":false,"_exactmetrics_sitenote_note":"","_exactmetrics_sitenote_category":0,"footnotes":"","_links_to":"","_links_to_target":""},"class_list":["post-196","page","type-page","status-publish","hentry"],"_links":{"self":[{"href":"https:\/\/www3.unicentro.br\/defil\/wp-json\/wp\/v2\/pages\/196","targetHints":{"allow":["GET"]}}],"collection":[{"href":"https:\/\/www3.unicentro.br\/defil\/wp-json\/wp\/v2\/pages"}],"about":[{"href":"https:\/\/www3.unicentro.br\/defil\/wp-json\/wp\/v2\/types\/page"}],"author":[{"embeddable":true,"href":"https:\/\/www3.unicentro.br\/defil\/wp-json\/wp\/v2\/users\/3"}],"replies":[{"embeddable":true,"href":"https:\/\/www3.unicentro.br\/defil\/wp-json\/wp\/v2\/comments?post=196"}],"version-history":[{"count":0,"href":"https:\/\/www3.unicentro.br\/defil\/wp-json\/wp\/v2\/pages\/196\/revisions"}],"wp:attachment":[{"href":"https:\/\/www3.unicentro.br\/defil\/wp-json\/wp\/v2\/media?parent=196"}],"curies":[{"name":"wp","href":"https:\/\/api.w.org\/{rel}","templated":true}]}}