{"id":133,"date":"2020-05-05T16:14:22","date_gmt":"2020-05-05T19:14:22","guid":{"rendered":"https:\/\/www3.unicentro.br\/defil\/?page_id=133"},"modified":"2020-10-06T12:51:21","modified_gmt":"2020-10-06T15:51:21","slug":"links-uteis","status":"publish","type":"page","link":"https:\/\/www3.unicentro.br\/defil\/arquivos\/links-uteis\/","title":{"rendered":"Links \u00dateis"},"content":{"rendered":"<ul>\n<li><span style=\"font-size: 14pt\"><a href=\"https:\/\/www3.unicentro.br\/calendario\/\">Calend\u00e1rio acad\u00eamico<\/a><\/span><\/li>\n<li><span style=\"font-size: 14pt\"><a href=\"http:\/\/sguweb.unicentro.br\/pesquisacertificados\">Central de certificados da Unicentro<\/a><\/span><\/li>\n<li><span style=\"font-size: 14pt\"><a href=\"https:\/\/www.facebook.com\/FilosofiaUnicentroDepartamento?fref=ts\">Perfil do Defil no Facebook<\/a><\/span><\/li>\n<li><span style=\"font-size: 14pt\"><a href=\"http:\/\/www.anpof.org.br\/\">Anpof<\/a><\/span><\/li>\n<li><span style=\"font-size: 14pt\"><a href=\"http:\/\/www.capes.gov.br\/%E2%80%8E\">Capes<\/a><\/span><\/li>\n<li><span style=\"font-size: 14pt\"><a href=\"http:\/\/www.dominiopublico.gov.br\/\">Dom\u00ednio P\u00fablico<\/a><\/span><\/li>\n<li><span style=\"font-size: 14pt\"><a href=\"http:\/\/www.cnpq.br\/%E2%80%8E\">CNPq<\/a><\/span><\/li>\n<li><span style=\"font-size: 14pt\"><a href=\"http:\/\/lattes.cnpq.br\/%E2%80%8E\">Plataforma Lattes<\/a><\/span><\/li>\n<\/ul>\n","protected":false},"excerpt":{"rendered":"<p>Calend\u00e1rio acad\u00eamico Central de certificados da Unicentro Perfil do Defil no Facebook Anpof Capes Dom\u00ednio P\u00fablico CNPq Plataforma Lattes<\/p>\n","protected":false},"author":3,"featured_media":0,"parent":127,"menu_order":0,"comment_status":"closed","ping_status":"closed","template":"","meta":{"_exactmetrics_skip_tracking":false,"_exactmetrics_sitenote_active":false,"_exactmetrics_sitenote_note":"","_exactmetrics_sitenote_category":0,"footnotes":"","_links_to":"","_links_to_target":""},"class_list":["post-133","page","type-page","status-publish","hentry"],"_links":{"self":[{"href":"https:\/\/www3.unicentro.br\/defil\/wp-json\/wp\/v2\/pages\/133","targetHints":{"allow":["GET"]}}],"collection":[{"href":"https:\/\/www3.unicentro.br\/defil\/wp-json\/wp\/v2\/pages"}],"about":[{"href":"https:\/\/www3.unicentro.br\/defil\/wp-json\/wp\/v2\/types\/page"}],"author":[{"embeddable":true,"href":"https:\/\/www3.unicentro.br\/defil\/wp-json\/wp\/v2\/users\/3"}],"replies":[{"embeddable":true,"href":"https:\/\/www3.unicentro.br\/defil\/wp-json\/wp\/v2\/comments?post=133"}],"version-history":[{"count":0,"href":"https:\/\/www3.unicentro.br\/defil\/wp-json\/wp\/v2\/pages\/133\/revisions"}],"up":[{"embeddable":true,"href":"https:\/\/www3.unicentro.br\/defil\/wp-json\/wp\/v2\/pages\/127"}],"wp:attachment":[{"href":"https:\/\/www3.unicentro.br\/defil\/wp-json\/wp\/v2\/media?parent=133"}],"curies":[{"name":"wp","href":"https:\/\/api.w.org\/{rel}","templated":true}]}}