{"id":109,"date":"2020-05-05T16:06:38","date_gmt":"2020-05-05T19:06:38","guid":{"rendered":"https:\/\/www3.unicentro.br\/defil\/?page_id=109"},"modified":"2020-10-06T13:00:26","modified_gmt":"2020-10-06T16:00:26","slug":"revista-guairaca","status":"publish","type":"page","link":"https:\/\/www3.unicentro.br\/defil\/programas\/revista-guairaca\/","title":{"rendered":"Revista Guairac\u00e1"},"content":{"rendered":"<p><span style=\"font-size: 14pt\"><strong>Revista Guairac\u00e1 de Filosofia<\/strong><\/span><\/p>\n<p><span style=\"font-size: 14pt\">A Revista Guairac\u00e1 \u00e9 uma publica\u00e7\u00e3o da Editora da Unicentro \u2013 Universidade Estadual do Centro Oeste do Paran\u00e1 \u2013 Brasil \u2013 Surgiu em 1982 e desde ent\u00e3o vem se consolidando como ve\u00edculo de divulga\u00e7\u00e3o de trabalhos e pesquisas dos professores da Unicentro e de outras Institui\u00e7\u00f5es.<\/span><\/p>\n<p><span style=\"font-size: 14pt\"><a href=\"http:\/\/revistas.unicentro.br\/index.php\/guaiaraca\">Clique aqui para acessar o acervo<\/a><\/span><\/p>\n","protected":false},"excerpt":{"rendered":"<p>Revista Guairac\u00e1 de Filosofia A Revista Guairac\u00e1 \u00e9 uma publica\u00e7\u00e3o da Editora da Unicentro \u2013 Universidade Estadual do Centro Oeste do Paran\u00e1 \u2013 Brasil \u2013 Surgiu em 1982 e desde ent\u00e3o vem se consolidando como ve\u00edculo de divulga\u00e7\u00e3o de trabalhos e pesquisas dos professores da Unicentro e de outras Institui\u00e7\u00f5es. Clique aqui para acessar o [&hellip;]<\/p>\n","protected":false},"author":3,"featured_media":0,"parent":99,"menu_order":0,"comment_status":"closed","ping_status":"closed","template":"","meta":{"_exactmetrics_skip_tracking":false,"_exactmetrics_sitenote_active":false,"_exactmetrics_sitenote_note":"","_exactmetrics_sitenote_category":0,"footnotes":"","_links_to":"","_links_to_target":""},"class_list":["post-109","page","type-page","status-publish","hentry"],"_links":{"self":[{"href":"https:\/\/www3.unicentro.br\/defil\/wp-json\/wp\/v2\/pages\/109","targetHints":{"allow":["GET"]}}],"collection":[{"href":"https:\/\/www3.unicentro.br\/defil\/wp-json\/wp\/v2\/pages"}],"about":[{"href":"https:\/\/www3.unicentro.br\/defil\/wp-json\/wp\/v2\/types\/page"}],"author":[{"embeddable":true,"href":"https:\/\/www3.unicentro.br\/defil\/wp-json\/wp\/v2\/users\/3"}],"replies":[{"embeddable":true,"href":"https:\/\/www3.unicentro.br\/defil\/wp-json\/wp\/v2\/comments?post=109"}],"version-history":[{"count":0,"href":"https:\/\/www3.unicentro.br\/defil\/wp-json\/wp\/v2\/pages\/109\/revisions"}],"up":[{"embeddable":true,"href":"https:\/\/www3.unicentro.br\/defil\/wp-json\/wp\/v2\/pages\/99"}],"wp:attachment":[{"href":"https:\/\/www3.unicentro.br\/defil\/wp-json\/wp\/v2\/media?parent=109"}],"curies":[{"name":"wp","href":"https:\/\/api.w.org\/{rel}","templated":true}]}}