{"id":107,"date":"2020-05-05T16:06:03","date_gmt":"2020-05-05T19:06:03","guid":{"rendered":"https:\/\/www3.unicentro.br\/defil\/?page_id=107"},"modified":"2020-10-06T12:57:22","modified_gmt":"2020-10-06T15:57:22","slug":"grupos-de-estudo","status":"publish","type":"page","link":"https:\/\/www3.unicentro.br\/defil\/programas\/grupos-de-estudo\/","title":{"rendered":"Grupos de Estudo"},"content":{"rendered":"<p><span style=\"font-size: 14pt\"><strong>Grupo de Estudo PET\/Filosofia<\/strong><\/span><\/p>\n<ul>\n<li><span style=\"font-size: 14pt\"><strong>Oposi\u00e7\u00f5es filos\u00f3ficas<\/strong><\/span><\/li>\n<\/ul>\n<p><span style=\"font-size: 14pt\">O PET \u2013 Filosofia est\u00e1 promovendo o grupo de estudos quinzenais, que ser\u00e1 ministrado pelo Prof. Dr. Gilmar Szczepanik (Unicentro), o qual ir\u00e1 abordar quest\u00f5es sobre epistemologia e temas afins, tendo como obra principal \u201cOposi\u00e7\u00f5es Filos\u00f3ficas: A epistemologia e suas pol\u00eamicas\u201d do Prof. Dr. Luiz Henrique de Araujo Dutra (UFSC). Os estudos ser\u00e3o distribuidos em seis partes, que correspondem aos seis cap\u00edtulos que comp\u00f5em a obra, abordando as tem\u00e1ticas: cetiscismo, positivismo, naturalismo, instrumentalismo, behavorismo e pragmatismo.<\/span><\/p>\n<p><span style=\"font-size: 14pt\">In\u00edcio: 04-03 (Sexta-feira)<\/span><\/p>\n<p><span style=\"font-size: 14pt\">Hor\u00e1rio: 15h \u00e0s 17h<\/span><\/p>\n<p><span style=\"font-size: 14pt\">Local: Sala do PET \u2013 Filosofia, ao lado do Defil \u2013 Unicentro \u2013 <em>campus<\/em>\u00a0Santa Cruz<\/span><\/p>\n<p><span style=\"font-size: 14pt\">Haver\u00e1 certifica\u00e7\u00e3o das horas correspondente.<\/span><\/p>\n<p><span style=\"font-size: 14pt\">Leia mais:\u00a0<a href=\"http:\/\/petfilosofiaunicentro.webnode.com.br\/news\/grupo-de-estudos-quinzenais-oposicoes-filosoficas\/?utm_source=copy&amp;utm_medium=paste&amp;utm_campaign=copypaste&amp;utm_content=http%3A%2F%2Fpetfilosofiaunicentro.webnode.com.br%2Fnews%2Fgrupo-de-estudos-quinzenais-oposicoes-filosoficas%2F\">http:\/\/petfilosofiaunicentro.webnode.com.br\/news\/grupo-de-estudos-quinzenais-oposicoes-filosoficas\/<\/a><\/span><\/p>\n<p>&nbsp;<\/p>\n<p><span style=\"font-size: 14pt\"><strong>Grupo de Estudos Racionalidade e Intencionalidade<\/strong><\/span><\/p>\n<p><span style=\"font-size: 14pt\">Grupo semanal \u2013 Toda quinta-feira<\/span><br \/>\n<span style=\"font-size: 14pt\">Data de in\u00edcio: 12\/05<\/span><br \/>\n<span style=\"font-size: 14pt\">Hor\u00e1rio: 15h \u00e0s 16h30<\/span><br \/>\n<span style=\"font-size: 14pt\">Local: Sala PET- Filosofia, Bloco D.<\/span><\/p>\n<p><span style=\"font-size: 14pt\">Coordena\u00e7\u00e3o:<\/span><\/p>\n<ul>\n<li><span style=\"font-size: 14pt\">Evandro O. Britto (Unicentro)<\/span><\/li>\n<li><span style=\"font-size: 14pt\">Ernesto Giusti (Unicentro)<\/span><\/li>\n<li><span style=\"font-size: 14pt\">Charles Feldhaus (UEL) \u2013 Videoconfer\u00eancia<\/span><\/li>\n<\/ul>\n<p><span style=\"font-size: 14pt\">Textos:<\/span><\/p>\n<p><span style=\"font-size: 14pt\"><strong>Franz Brentano<\/strong><\/span><\/p>\n<ul>\n<li><span style=\"font-size: 14pt\">FRANZ, Brentano \u2013 ABAJO LOS PREJUICIOS: aviso dirigido al presente para que se libre de todo ciego \u201ca priori\u201d, conforme al esp\u00edritu e Bacon y Descartes \u2013 (Xerox na Casinha Vermelha \u2013 na pasta do primeiro ano.)<\/span><\/li>\n<\/ul>\n<p><span style=\"font-size: 14pt\"><strong>Imannuel Kant<\/strong><\/span><\/p>\n<ul>\n<li><span style=\"font-size: 14pt\">Kant \u2013 Metaphysik der Sitten Vigilantius (alem\u00e3o) Link em pdf:<a href=\"https:\/\/drive.google.com\/file\/d\/0B3IGSSl4jPuLSmxNdjFCYjFJOUU\/view\">https:\/\/drive.google.com\/file\/d\/0B3IGSSl4jPuLSmxNdjFCYjFJOUU\/view<\/a><\/span><\/li>\n<li><span style=\"font-size: 14pt\">Kant \u2013 Lectures on Ethics (ingl\u00eas) \u2013 Link em pdf:<a href=\"https:\/\/drive.google.com\/file\/d\/0B3IGSSl4jPuLMEk3SUJCS0xOM0E\/view\">https:\/\/drive.google.com\/file\/d\/0B3IGSSl4jPuLMEk3SUJCS0xOM0E\/view<\/a><\/span><\/li>\n<li><span style=\"font-size: 14pt\">Kant \u2013 Lecciones de \u00c9tica (espanhol) \u2013 Link em pdf:<a href=\"https:\/\/drive.google.com\/file\/d\/0B3IGSSl4jPuLa3VUR2tCSFRzaXM\/view\">https:\/\/drive.google.com\/file\/d\/0B3IGSSl4jPuLa3VUR2tCSFRzaXM\/view<\/a><\/span><br \/>\n<span style=\"font-size: 14pt\">*Haver\u00e1 certifica\u00e7\u00e3o a partir de 75% de frequ\u00eancia;<\/span><\/li>\n<\/ul>\n","protected":false},"excerpt":{"rendered":"<p>Grupo de Estudo PET\/Filosofia Oposi\u00e7\u00f5es filos\u00f3ficas O PET \u2013 Filosofia est\u00e1 promovendo o grupo de estudos quinzenais, que ser\u00e1 ministrado pelo Prof. Dr. Gilmar Szczepanik (Unicentro), o qual ir\u00e1 abordar quest\u00f5es sobre epistemologia e temas afins, tendo como obra principal \u201cOposi\u00e7\u00f5es Filos\u00f3ficas: A epistemologia e suas pol\u00eamicas\u201d do Prof. Dr. Luiz Henrique de Araujo Dutra [&hellip;]<\/p>\n","protected":false},"author":3,"featured_media":0,"parent":99,"menu_order":0,"comment_status":"closed","ping_status":"closed","template":"","meta":{"_exactmetrics_skip_tracking":false,"_exactmetrics_sitenote_active":false,"_exactmetrics_sitenote_note":"","_exactmetrics_sitenote_category":0,"footnotes":"","_links_to":"","_links_to_target":""},"class_list":["post-107","page","type-page","status-publish","hentry"],"_links":{"self":[{"href":"https:\/\/www3.unicentro.br\/defil\/wp-json\/wp\/v2\/pages\/107","targetHints":{"allow":["GET"]}}],"collection":[{"href":"https:\/\/www3.unicentro.br\/defil\/wp-json\/wp\/v2\/pages"}],"about":[{"href":"https:\/\/www3.unicentro.br\/defil\/wp-json\/wp\/v2\/types\/page"}],"author":[{"embeddable":true,"href":"https:\/\/www3.unicentro.br\/defil\/wp-json\/wp\/v2\/users\/3"}],"replies":[{"embeddable":true,"href":"https:\/\/www3.unicentro.br\/defil\/wp-json\/wp\/v2\/comments?post=107"}],"version-history":[{"count":0,"href":"https:\/\/www3.unicentro.br\/defil\/wp-json\/wp\/v2\/pages\/107\/revisions"}],"up":[{"embeddable":true,"href":"https:\/\/www3.unicentro.br\/defil\/wp-json\/wp\/v2\/pages\/99"}],"wp:attachment":[{"href":"https:\/\/www3.unicentro.br\/defil\/wp-json\/wp\/v2\/media?parent=107"}],"curies":[{"name":"wp","href":"https:\/\/api.w.org\/{rel}","templated":true}]}}