{"id":105,"date":"2020-05-05T16:04:24","date_gmt":"2020-05-05T19:04:24","guid":{"rendered":"https:\/\/www3.unicentro.br\/defil\/?page_id=105"},"modified":"2020-10-06T12:57:56","modified_gmt":"2020-10-06T15:57:56","slug":"pet","status":"publish","type":"page","link":"https:\/\/www3.unicentro.br\/defil\/programas\/pet\/","title":{"rendered":"PET"},"content":{"rendered":"<p><span style=\"font-size: 14pt\">O Projeto PET\/FILOSOFIA \u00e9 uma proposta do Departamento de Filosofia da Universidade Estadual do Centro-Oeste e tem como objetivo fazer um intenso trabalho de articula\u00e7\u00e3o entre ensino, pesquisa e extens\u00e3o, visando melhorar a qualidade do curso de filosofia desta institui\u00e7\u00e3o. Atualmente o projeto possui 12 bolsistas e 1 volunt\u00e1rio e \u00e9 coordenado pelo Prof. Dr. Gilmar Evandro Szczepanik.\u00a0Maiores informa\u00e7\u00f5es:<\/span><\/p>\n<p><span style=\"font-size: 14pt\"><a href=\"https:\/\/www3.unicentro.br\/petfilosofia\/\">https:\/\/www3.unicentro.br\/petfilosofia\/<\/a><\/span><\/p>\n<p><span style=\"font-size: 14pt\"><a href=\"https:\/\/www.facebook.com\/PETFILOSOFIA?fref=ts\">Perfil no Facebook<\/a><\/span><\/p>\n<p><span style=\"font-size: 14pt\"><a href=\"https:\/\/www.instagram.com\/petfilosofiaunicentro\/\">Perfil no Instagram<\/a><\/span><\/p>\n","protected":false},"excerpt":{"rendered":"<p>O Projeto PET\/FILOSOFIA \u00e9 uma proposta do Departamento de Filosofia da Universidade Estadual do Centro-Oeste e tem como objetivo fazer um intenso trabalho de articula\u00e7\u00e3o entre ensino, pesquisa e extens\u00e3o, visando melhorar a qualidade do curso de filosofia desta institui\u00e7\u00e3o. Atualmente o projeto possui 12 bolsistas e 1 volunt\u00e1rio e \u00e9 coordenado pelo Prof. Dr. [&hellip;]<\/p>\n","protected":false},"author":3,"featured_media":0,"parent":99,"menu_order":0,"comment_status":"closed","ping_status":"closed","template":"","meta":{"_exactmetrics_skip_tracking":false,"_exactmetrics_sitenote_active":false,"_exactmetrics_sitenote_note":"","_exactmetrics_sitenote_category":0,"footnotes":"","_links_to":"","_links_to_target":""},"class_list":["post-105","page","type-page","status-publish","hentry"],"_links":{"self":[{"href":"https:\/\/www3.unicentro.br\/defil\/wp-json\/wp\/v2\/pages\/105","targetHints":{"allow":["GET"]}}],"collection":[{"href":"https:\/\/www3.unicentro.br\/defil\/wp-json\/wp\/v2\/pages"}],"about":[{"href":"https:\/\/www3.unicentro.br\/defil\/wp-json\/wp\/v2\/types\/page"}],"author":[{"embeddable":true,"href":"https:\/\/www3.unicentro.br\/defil\/wp-json\/wp\/v2\/users\/3"}],"replies":[{"embeddable":true,"href":"https:\/\/www3.unicentro.br\/defil\/wp-json\/wp\/v2\/comments?post=105"}],"version-history":[{"count":0,"href":"https:\/\/www3.unicentro.br\/defil\/wp-json\/wp\/v2\/pages\/105\/revisions"}],"up":[{"embeddable":true,"href":"https:\/\/www3.unicentro.br\/defil\/wp-json\/wp\/v2\/pages\/99"}],"wp:attachment":[{"href":"https:\/\/www3.unicentro.br\/defil\/wp-json\/wp\/v2\/media?parent=105"}],"curies":[{"name":"wp","href":"https:\/\/api.w.org\/{rel}","templated":true}]}}