{"id":103,"date":"2020-05-05T16:02:55","date_gmt":"2020-05-05T19:02:55","guid":{"rendered":"https:\/\/www3.unicentro.br\/defil\/?page_id=103"},"modified":"2020-10-06T12:59:03","modified_gmt":"2020-10-06T15:59:03","slug":"pibid-residencia-pedagogica","status":"publish","type":"page","link":"https:\/\/www3.unicentro.br\/defil\/programas\/pibid-residencia-pedagogica\/","title":{"rendered":"Pibid\/Resid\u00eancia Pedag\u00f3gica"},"content":{"rendered":"<p><span style=\"font-size: 14pt\">O Programa Institucional de Bolsas de inicia\u00e7\u00e3o a doc\u00eancia, PIBID, atua desde agosto de 2012.<\/span><\/p>\n","protected":false},"excerpt":{"rendered":"<p>O Programa Institucional de Bolsas de inicia\u00e7\u00e3o a doc\u00eancia, PIBID, atua desde agosto de 2012.<\/p>\n","protected":false},"author":3,"featured_media":0,"parent":99,"menu_order":0,"comment_status":"closed","ping_status":"closed","template":"","meta":{"_exactmetrics_skip_tracking":false,"_exactmetrics_sitenote_active":false,"_exactmetrics_sitenote_note":"","_exactmetrics_sitenote_category":0,"footnotes":"","_links_to":"","_links_to_target":""},"class_list":["post-103","page","type-page","status-publish","hentry"],"_links":{"self":[{"href":"https:\/\/www3.unicentro.br\/defil\/wp-json\/wp\/v2\/pages\/103","targetHints":{"allow":["GET"]}}],"collection":[{"href":"https:\/\/www3.unicentro.br\/defil\/wp-json\/wp\/v2\/pages"}],"about":[{"href":"https:\/\/www3.unicentro.br\/defil\/wp-json\/wp\/v2\/types\/page"}],"author":[{"embeddable":true,"href":"https:\/\/www3.unicentro.br\/defil\/wp-json\/wp\/v2\/users\/3"}],"replies":[{"embeddable":true,"href":"https:\/\/www3.unicentro.br\/defil\/wp-json\/wp\/v2\/comments?post=103"}],"version-history":[{"count":0,"href":"https:\/\/www3.unicentro.br\/defil\/wp-json\/wp\/v2\/pages\/103\/revisions"}],"up":[{"embeddable":true,"href":"https:\/\/www3.unicentro.br\/defil\/wp-json\/wp\/v2\/pages\/99"}],"wp:attachment":[{"href":"https:\/\/www3.unicentro.br\/defil\/wp-json\/wp\/v2\/media?parent=103"}],"curies":[{"name":"wp","href":"https:\/\/api.w.org\/{rel}","templated":true}]}}