{"id":101,"date":"2020-05-05T16:02:09","date_gmt":"2020-05-05T19:02:09","guid":{"rendered":"https:\/\/www3.unicentro.br\/defil\/?page_id=101"},"modified":"2020-10-06T12:58:43","modified_gmt":"2020-10-06T15:58:43","slug":"grupos-de-pesquisa","status":"publish","type":"page","link":"https:\/\/www3.unicentro.br\/defil\/programas\/grupos-de-pesquisa\/","title":{"rendered":"Grupos de Pesquisa"},"content":{"rendered":"<p><span style=\"font-size: 14pt\"><strong>Grupo de pesquisa \u201c\u00c9tica, Pol\u00edtica e Cidadania\u201d<\/strong><\/span><\/p>\n<p><span style=\"font-size: 14pt\">Formado, em sua maioria, por pesquisadores do Departamento de Filosofia da Unicentro, al\u00e9m de alguns professores de outras \u00e1reas, o grupo de pesquisa \u201c\u00c9tica, Pol\u00edtica e Cidadania\u201d tem como objetivo fomentar a discuss\u00e3o a respeito dos fundamentos filos\u00f3ficos da \u00e9tica, da pol\u00edtica e da cidadania. Desde a sua cria\u00e7\u00e3o, o grupo tem organizado congressos, grupos de estudos e publicado livros. Al\u00e9m disso, o grupo tem organizado grupos de estudo sobre obras cl\u00e1ssicas da filosofia que reflitam sobre os temas da \u00e9tica, da pol\u00edtica e da cidadania, envolvendo os professores, os alunos e demais interessados.<\/span><\/p>\n<p><span style=\"font-size: 14pt\">L\u00edder(es) do grupo:<\/span><\/p>\n<ul>\n<li><span style=\"font-size: 14pt\">Dr. Evandro Oliveira de Brito<\/span><\/li>\n<li><span style=\"font-size: 14pt\">Dr. Marciano Adilio Spica<\/span><\/li>\n<\/ul>\n<p><span style=\"font-size: 14pt\">Endere\u00e7o para acessar este espelho: <a href=\"http:\/\/dgp.cnpq.br\/dgp\/espelhogrupo\/1799587998364825\">dgp.cnpq.br\/dgp\/espelhogrupo\/1799587998364825<\/a><\/span><\/p>\n<hr \/>\n<p><span style=\"font-size: 14pt\"><strong>Grupo de Pesquisa \u201cHist\u00f3ria da Filosofia\u201d<\/strong><\/span><\/p>\n<p><span style=\"font-size: 14pt\">O GPI \u201cHist\u00f3ria da Filosofia\u201d investiga os temas centrais da Filosofia em seu desenvolvimento hist\u00f3rico e sua articula\u00e7\u00e3o sistem\u00e1tica. Especial \u00eanfase \u00e9 dada \u00e0 L\u00f3gica e \u00e0 Metaf\u00edsica, \u00e0 Teoria do Conhecimento e \u00e0 Filosofia da Linguagem. Essas as disciplinas que, de um modo ou de outro, foram tomadas como determina\u00e7\u00f5es da Filosofia primeira. A partir do problema da identidade e da diferen\u00e7a (ou da oposi\u00e7\u00e3o) entre o Transcendental e o Especulativo, buscar-se-\u00e1 realizar pesquisas integradas em torno dos limites e do alcance de tais pontos de vista, tanto no que diz respeito \u00e0 filosofia te\u00f3rica quanto no que tange \u00e0 filosofia pr\u00e1tica. Neste sentido, pretende-se realizar eventos em torno das pesquisas levadas a cabo pelos integrantes do GPI, bem como, no bojo dessas pesquisas, consolidar a colabora\u00e7\u00e3o efetiva entre pesquisadores, IES e PPGFs envolvidos; isso, sobretudo no tocante a v\u00ednculos institucionais espec\u00edficos, relativos \u00e0s atividades dos membros do GPI \u201cHist\u00f3ria da Filosofia\u201d em suas institui\u00e7\u00f5es de origem.<\/span><\/p>\n<p><span style=\"font-size: 14pt\">L\u00edder(es) do grupo:<\/span><\/p>\n<ul>\n<li><span style=\"font-size: 14pt\">Dr. Manuel Moreira da Silva<\/span><\/li>\n<li><span style=\"font-size: 14pt\">Me. Ernesto Maria Giusti<\/span><\/li>\n<\/ul>\n<p><span style=\"font-size: 14pt\">Endere\u00e7o para acessar este espelho: dgp.cnpq.br\/dgp\/espelhogrupo\/8226024894110463<\/span><\/p>\n<hr \/>\n<p><span style=\"font-size: 14pt\"><strong>Conhecimento, secularismo e religi\u00e3o<\/strong><\/span><\/p>\n<p><span style=\"font-size: 14pt\">O grupo \u00e9 formado em sua maioria por professores e alunos do Departamento de Filosofia da Unicentro e busca fazer uma abordagem filos\u00f3fica das quest\u00f5es contempor\u00e2neas que envolvem conhecimento, secularismo e religi\u00e3o. Mais especificamente busca-se compreender o estatuto epistemol\u00f3gico da religi\u00e3o, a rela\u00e7\u00e3o desta com a ci\u00eancia e com o secularismo, atrav\u00e9s do estudo dos pressupostos epistemol\u00f3gicos da cren\u00e7a religiosa. Nesse sentido, os estudos realizados pelo grupo abrangem quest\u00f5es que relacional Teoria do Conhecimento e Filosofia da Religi\u00e3o, Filosofia da Ci\u00eancia e Filosofia da Religi\u00e3o e Filosofia Pr\u00e1tica (\u00c9tica e Pol\u00edtica) e Filosofia da Religi\u00e3o. O Grupo de pesquisa pretende fomentar as discuss\u00f5es filos\u00f3ficas contempor\u00e2neas sobre religi\u00e3o no Brasil, atrav\u00e9s do estudo de tem\u00e1ticas e pensadores atuais.<\/span><\/p>\n<p><span style=\"font-size: 14pt\">L\u00edder(es) do grupo:<\/span><\/p>\n<ul>\n<li><span style=\"font-size: 14pt\">Marciano Adilio Spica<\/span><\/li>\n<li><span style=\"font-size: 14pt\">Gilmar Evandro Szczepanik<\/span><\/li>\n<\/ul>\n<p><span style=\"font-size: 14pt\">Endere\u00e7o para acessar este espelho: <a href=\"http:\/\/dgp.cnpq.br\/dgp\/espelhogrupo\/7439177641433096\">dgp.cnpq.br\/dgp\/espelhogrupo\/7439177641433096<\/a><\/span><\/p>\n","protected":false},"excerpt":{"rendered":"<p>Grupo de pesquisa \u201c\u00c9tica, Pol\u00edtica e Cidadania\u201d Formado, em sua maioria, por pesquisadores do Departamento de Filosofia da Unicentro, al\u00e9m de alguns professores de outras \u00e1reas, o grupo de pesquisa \u201c\u00c9tica, Pol\u00edtica e Cidadania\u201d tem como objetivo fomentar a discuss\u00e3o a respeito dos fundamentos filos\u00f3ficos da \u00e9tica, da pol\u00edtica e da cidadania. Desde a sua [&hellip;]<\/p>\n","protected":false},"author":3,"featured_media":0,"parent":99,"menu_order":0,"comment_status":"closed","ping_status":"closed","template":"","meta":{"_exactmetrics_skip_tracking":false,"_exactmetrics_sitenote_active":false,"_exactmetrics_sitenote_note":"","_exactmetrics_sitenote_category":0,"footnotes":"","_links_to":"","_links_to_target":""},"class_list":["post-101","page","type-page","status-publish","hentry"],"_links":{"self":[{"href":"https:\/\/www3.unicentro.br\/defil\/wp-json\/wp\/v2\/pages\/101","targetHints":{"allow":["GET"]}}],"collection":[{"href":"https:\/\/www3.unicentro.br\/defil\/wp-json\/wp\/v2\/pages"}],"about":[{"href":"https:\/\/www3.unicentro.br\/defil\/wp-json\/wp\/v2\/types\/page"}],"author":[{"embeddable":true,"href":"https:\/\/www3.unicentro.br\/defil\/wp-json\/wp\/v2\/users\/3"}],"replies":[{"embeddable":true,"href":"https:\/\/www3.unicentro.br\/defil\/wp-json\/wp\/v2\/comments?post=101"}],"version-history":[{"count":0,"href":"https:\/\/www3.unicentro.br\/defil\/wp-json\/wp\/v2\/pages\/101\/revisions"}],"up":[{"embeddable":true,"href":"https:\/\/www3.unicentro.br\/defil\/wp-json\/wp\/v2\/pages\/99"}],"wp:attachment":[{"href":"https:\/\/www3.unicentro.br\/defil\/wp-json\/wp\/v2\/media?parent=101"}],"curies":[{"name":"wp","href":"https:\/\/api.w.org\/{rel}","templated":true}]}}