{"id":956,"date":"2023-04-18T10:51:42","date_gmt":"2023-04-18T13:51:42","guid":{"rendered":"https:\/\/www3.unicentro.br\/dedufg\/?page_id=956"},"modified":"2023-04-18T11:25:37","modified_gmt":"2023-04-18T14:25:37","slug":"grupo-de-pesquisas-em-mecanica-e-energetica-do-movimento-humano-memh","status":"publish","type":"page","link":"https:\/\/www3.unicentro.br\/dedufg\/laboratorios\/laboratorio-de-biomecanica-e-energetica-do-movimento-humano\/grupo-de-pesquisas-em-mecanica-e-energetica-do-movimento-humano-memh\/","title":{"rendered":"Grupo de pesquisas em Mec\u00e2nica e Energ\u00e9tica do Movimento Humano (MEMH)"},"content":{"rendered":"<p style=\"text-align: justify\"><span style=\"font-size: 14pt;color: #000000\">O Grupo de Pesquisa em Mec\u00e2nica e Energ\u00e9tica do Movimento Humano (MEMH), vinculado ao Laborat\u00f3rio de Biomec\u00e2nica desenvolve atividades de ENSINO, PESQUISA e EXTENS\u00c3O UNIVERSIT\u00c1RIA, al\u00e9m de desempenhar orienta\u00e7\u00f5es de MESTRADO e DOUTORADO em Desempenho F\u00edsico\/Esportivo e Tecnologia junto aos Programas de P\u00f3s-Gradua\u00e7\u00e3o em Educa\u00e7\u00e3o F\u00edsica (PPGEDF\/UFPR \u2013 capes 6) e de Propriedade Intelectual e Transfer\u00eancia de Tecnologia para Inova\u00e7\u00e3o (PROFNIT\/UNICENTRO).<\/span><\/p>\n<p style=\"text-align: justify\"><span style=\"font-size: 14pt;color: #000000\">Para maiores informa\u00e7\u00f5es acesse o site:<\/span><br \/>\n<span style=\"font-size: 14pt;color: #3366ff\"><a style=\"color: #3366ff\" href=\"https:\/\/sites.google.com\/view\/memh\">https:\/\/sites.google.com\/view\/memh<\/a><\/span><\/p>\n","protected":false},"excerpt":{"rendered":"<p>O Grupo de Pesquisa em Mec\u00e2nica e Energ\u00e9tica do Movimento Humano (MEMH), vinculado ao Laborat\u00f3rio de Biomec\u00e2nica desenvolve atividades de ENSINO, PESQUISA e EXTENS\u00c3O UNIVERSIT\u00c1RIA, al\u00e9m de desempenhar orienta\u00e7\u00f5es de MESTRADO e DOUTORADO em Desempenho F\u00edsico\/Esportivo e Tecnologia junto aos Programas de P\u00f3s-Gradua\u00e7\u00e3o em Educa\u00e7\u00e3o F\u00edsica (PPGEDF\/UFPR \u2013 capes 6) e de Propriedade Intelectual e [&hellip;]<\/p>\n","protected":false},"author":601,"featured_media":0,"parent":770,"menu_order":0,"comment_status":"closed","ping_status":"closed","template":"","meta":{"_exactmetrics_skip_tracking":false,"_exactmetrics_sitenote_active":false,"_exactmetrics_sitenote_note":"","_exactmetrics_sitenote_category":0,"footnotes":"","_links_to":"","_links_to_target":""},"class_list":["post-956","page","type-page","status-publish","hentry"],"_links":{"self":[{"href":"https:\/\/www3.unicentro.br\/dedufg\/wp-json\/wp\/v2\/pages\/956","targetHints":{"allow":["GET"]}}],"collection":[{"href":"https:\/\/www3.unicentro.br\/dedufg\/wp-json\/wp\/v2\/pages"}],"about":[{"href":"https:\/\/www3.unicentro.br\/dedufg\/wp-json\/wp\/v2\/types\/page"}],"author":[{"embeddable":true,"href":"https:\/\/www3.unicentro.br\/dedufg\/wp-json\/wp\/v2\/users\/601"}],"replies":[{"embeddable":true,"href":"https:\/\/www3.unicentro.br\/dedufg\/wp-json\/wp\/v2\/comments?post=956"}],"version-history":[{"count":0,"href":"https:\/\/www3.unicentro.br\/dedufg\/wp-json\/wp\/v2\/pages\/956\/revisions"}],"up":[{"embeddable":true,"href":"https:\/\/www3.unicentro.br\/dedufg\/wp-json\/wp\/v2\/pages\/770"}],"wp:attachment":[{"href":"https:\/\/www3.unicentro.br\/dedufg\/wp-json\/wp\/v2\/media?parent=956"}],"curies":[{"name":"wp","href":"https:\/\/api.w.org\/{rel}","templated":true}]}}