{"id":949,"date":"2023-04-18T09:42:39","date_gmt":"2023-04-18T12:42:39","guid":{"rendered":"https:\/\/www3.unicentro.br\/dedufg\/?page_id=949"},"modified":"2024-06-27T15:56:34","modified_gmt":"2024-06-27T18:56:34","slug":"apresentacao-caeef","status":"publish","type":"page","link":"https:\/\/www3.unicentro.br\/dedufg\/caeef\/apresentacao-caeef\/","title":{"rendered":"Apresenta\u00e7\u00e3o CAEEF"},"content":{"rendered":"<div class=\"wp-block-image\">\n<p><img loading=\"lazy\" decoding=\"async\" class=\"wp-image-298 alignleft\" src=\"https:\/\/www3.unicentro.br\/dedufg\/wp-content\/uploads\/sites\/137\/2022\/12\/CAEEF.png\" alt=\"\" width=\"151\" height=\"119\" srcset=\"https:\/\/www3.unicentro.br\/dedufg\/wp-content\/uploads\/sites\/137\/2022\/12\/CAEEF.png 342w, https:\/\/www3.unicentro.br\/dedufg\/wp-content\/uploads\/sites\/137\/2022\/12\/CAEEF-255x201.png 255w\" sizes=\"auto, (max-width: 151px) 100vw, 151px\" \/><\/p>\n<p style=\"text-align: justify\" align=\"justify\"><span style=\"font-size: 14pt;color: #000000;font-family: 'times new roman', times, serif\"><strong>A Cl\u00ednica e Academia Escola de Educa\u00e7\u00e3o F\u00edsica (CAEEF) \u00e9 um espa\u00e7o f\u00edsico criado em 2015 que integra o Complexo Desportivo e Recreativo (CDR). A CAEEF \u00e9 constitu\u00edda de professores e acad\u00eamicos do curso de Educa\u00e7\u00e3o F\u00edsica e est\u00e1 equipada com equipamentos de treinamento e reabilita\u00e7\u00e3o neuromuscular (exerc\u00edcios resistidos), aer\u00f3bia, neuromotora e de mobilidade (flexibilidade). Presta servi\u00e7o gratuito de atendimento a pacientes encaminhados pela Secretaria de Sa\u00fade (Sistema \u00danico de Sa\u00fade), que necessitam da pr\u00e1tica de exerc\u00edcios f\u00edsicos para a continuidade no tratamento de sa\u00fade. Os programas de exerc\u00edcios cl\u00ednicos e terap\u00eauticos s\u00e3o baseados em evid\u00eancias, planejados e orientados de forma individualizada. O p\u00fablico atendido na CAEEF varia de crian\u00e7as a idosos, est\u00e1veis para sinais e sintomas (medicados e\/ou liberados para pr\u00e1tica de atividades f\u00edsicas), portadores de desvios posturais, diab\u00e9ticos, hipertensos, obesos, desordens m\u00fasculo \u00f3sseo articular (osteoporose, osteoartrite), dist\u00farbios cardiorrespirat\u00f3rios e pulmonares (asma, bronquite cr\u00f4nica, enfisema pulmonar).<\/strong><\/span><\/p>\n<\/div>\n","protected":false},"excerpt":{"rendered":"<p>A Cl\u00ednica e Academia Escola de Educa\u00e7\u00e3o F\u00edsica (CAEEF) \u00e9 um espa\u00e7o f\u00edsico criado em 2015 que integra o Complexo Desportivo e Recreativo (CDR). A CAEEF \u00e9 constitu\u00edda de professores e acad\u00eamicos do curso de Educa\u00e7\u00e3o F\u00edsica e est\u00e1 equipada com equipamentos de treinamento e reabilita\u00e7\u00e3o neuromuscular (exerc\u00edcios resistidos), aer\u00f3bia, neuromotora e de mobilidade (flexibilidade). [&hellip;]<\/p>\n","protected":false},"author":601,"featured_media":0,"parent":590,"menu_order":0,"comment_status":"closed","ping_status":"closed","template":"","meta":{"_exactmetrics_skip_tracking":false,"_exactmetrics_sitenote_active":false,"_exactmetrics_sitenote_note":"","_exactmetrics_sitenote_category":0,"footnotes":"","_links_to":"","_links_to_target":""},"class_list":["post-949","page","type-page","status-publish","hentry"],"_links":{"self":[{"href":"https:\/\/www3.unicentro.br\/dedufg\/wp-json\/wp\/v2\/pages\/949","targetHints":{"allow":["GET"]}}],"collection":[{"href":"https:\/\/www3.unicentro.br\/dedufg\/wp-json\/wp\/v2\/pages"}],"about":[{"href":"https:\/\/www3.unicentro.br\/dedufg\/wp-json\/wp\/v2\/types\/page"}],"author":[{"embeddable":true,"href":"https:\/\/www3.unicentro.br\/dedufg\/wp-json\/wp\/v2\/users\/601"}],"replies":[{"embeddable":true,"href":"https:\/\/www3.unicentro.br\/dedufg\/wp-json\/wp\/v2\/comments?post=949"}],"version-history":[{"count":1,"href":"https:\/\/www3.unicentro.br\/dedufg\/wp-json\/wp\/v2\/pages\/949\/revisions"}],"predecessor-version":[{"id":1720,"href":"https:\/\/www3.unicentro.br\/dedufg\/wp-json\/wp\/v2\/pages\/949\/revisions\/1720"}],"up":[{"embeddable":true,"href":"https:\/\/www3.unicentro.br\/dedufg\/wp-json\/wp\/v2\/pages\/590"}],"wp:attachment":[{"href":"https:\/\/www3.unicentro.br\/dedufg\/wp-json\/wp\/v2\/media?parent=949"}],"curies":[{"name":"wp","href":"https:\/\/api.w.org\/{rel}","templated":true}]}}