{"id":773,"date":"2023-03-28T10:56:41","date_gmt":"2023-03-28T13:56:41","guid":{"rendered":"https:\/\/www3.unicentro.br\/dedufg\/?page_id=773"},"modified":"2025-04-01T10:46:24","modified_gmt":"2025-04-01T13:46:24","slug":"laboratorio-estudo-do-corpo-nas-sociedades-lescorps","status":"publish","type":"page","link":"https:\/\/www3.unicentro.br\/dedufg\/laboratorios\/laboratorio-estudo-do-corpo-nas-sociedades-lescorps\/","title":{"rendered":"Laborat\u00f3rio de Estudos dos Corpos nas Sociedades \u2013 LES CORPS"},"content":{"rendered":"<div class=\"wp-block-image\"><img loading=\"lazy\" decoding=\"async\" class=\"wpa-warning wpa-image-missing-alt  wp-image-2036 alignleft\" src=\"https:\/\/www3.unicentro.br\/dedufg\/wp-content\/uploads\/sites\/137\/2025\/04\/LOGO_LESCORPS_2.jpg\" alt=\"\" width=\"208\" height=\"274\" data-warning=\"Missing alt text\" srcset=\"https:\/\/www3.unicentro.br\/dedufg\/wp-content\/uploads\/sites\/137\/2025\/04\/LOGO_LESCORPS_2.jpg 690w, https:\/\/www3.unicentro.br\/dedufg\/wp-content\/uploads\/sites\/137\/2025\/04\/LOGO_LESCORPS_2-255x336.jpg 255w\" sizes=\"auto, (max-width: 208px) 100vw, 208px\" \/><\/div>\n<p align=\"justify\"><span style=\"font-family: 'times new roman', times, serif;color: #000000;font-size: 14pt\">O LES CORPS Prop\u00f5e-se a pesquisar os fen\u00f4menos sociais totais das corporalidades, isto \u00e9, aqueles biol\u00f3gicos, psicol\u00f3gicos, sociol\u00f3gicos, antropol\u00f3gicos, hist\u00f3ricos e jur\u00eddicos percebidos nas formas das diversidades culturais, de g\u00eanero ou etnias.<\/span><\/p>\n","protected":false},"excerpt":{"rendered":"<p>O LES CORPS Prop\u00f5e-se a pesquisar os fen\u00f4menos sociais totais das corporalidades, isto \u00e9, aqueles biol\u00f3gicos, psicol\u00f3gicos, sociol\u00f3gicos, antropol\u00f3gicos, hist\u00f3ricos e jur\u00eddicos percebidos nas formas das diversidades culturais, de g\u00eanero ou etnias.<\/p>\n","protected":false},"author":601,"featured_media":0,"parent":581,"menu_order":0,"comment_status":"closed","ping_status":"closed","template":"","meta":{"_exactmetrics_skip_tracking":false,"_exactmetrics_sitenote_active":false,"_exactmetrics_sitenote_note":"","_exactmetrics_sitenote_category":0,"footnotes":"","_links_to":"","_links_to_target":""},"class_list":["post-773","page","type-page","status-publish","hentry"],"_links":{"self":[{"href":"https:\/\/www3.unicentro.br\/dedufg\/wp-json\/wp\/v2\/pages\/773","targetHints":{"allow":["GET"]}}],"collection":[{"href":"https:\/\/www3.unicentro.br\/dedufg\/wp-json\/wp\/v2\/pages"}],"about":[{"href":"https:\/\/www3.unicentro.br\/dedufg\/wp-json\/wp\/v2\/types\/page"}],"author":[{"embeddable":true,"href":"https:\/\/www3.unicentro.br\/dedufg\/wp-json\/wp\/v2\/users\/601"}],"replies":[{"embeddable":true,"href":"https:\/\/www3.unicentro.br\/dedufg\/wp-json\/wp\/v2\/comments?post=773"}],"version-history":[{"count":2,"href":"https:\/\/www3.unicentro.br\/dedufg\/wp-json\/wp\/v2\/pages\/773\/revisions"}],"predecessor-version":[{"id":2037,"href":"https:\/\/www3.unicentro.br\/dedufg\/wp-json\/wp\/v2\/pages\/773\/revisions\/2037"}],"up":[{"embeddable":true,"href":"https:\/\/www3.unicentro.br\/dedufg\/wp-json\/wp\/v2\/pages\/581"}],"wp:attachment":[{"href":"https:\/\/www3.unicentro.br\/dedufg\/wp-json\/wp\/v2\/media?parent=773"}],"curies":[{"name":"wp","href":"https:\/\/api.w.org\/{rel}","templated":true}]}}