{"id":770,"date":"2023-03-28T10:47:26","date_gmt":"2023-03-28T13:47:26","guid":{"rendered":"https:\/\/www3.unicentro.br\/dedufg\/?page_id=770"},"modified":"2023-03-28T10:47:26","modified_gmt":"2023-03-28T13:47:26","slug":"laboratorio-de-biomecanica-e-energetica-do-movimento-humano","status":"publish","type":"page","link":"https:\/\/www3.unicentro.br\/dedufg\/laboratorios\/laboratorio-de-biomecanica-e-energetica-do-movimento-humano\/","title":{"rendered":"Laborat\u00f3rio de Biomec\u00e2nica e Energ\u00e9tica do Movimento Humano"},"content":{"rendered":"","protected":false},"excerpt":{"rendered":"","protected":false},"author":601,"featured_media":0,"parent":581,"menu_order":0,"comment_status":"closed","ping_status":"closed","template":"","meta":{"_exactmetrics_skip_tracking":false,"_exactmetrics_sitenote_active":false,"_exactmetrics_sitenote_note":"","_exactmetrics_sitenote_category":0,"footnotes":"","_links_to":"","_links_to_target":""},"class_list":["post-770","page","type-page","status-publish","hentry"],"_links":{"self":[{"href":"https:\/\/www3.unicentro.br\/dedufg\/wp-json\/wp\/v2\/pages\/770","targetHints":{"allow":["GET"]}}],"collection":[{"href":"https:\/\/www3.unicentro.br\/dedufg\/wp-json\/wp\/v2\/pages"}],"about":[{"href":"https:\/\/www3.unicentro.br\/dedufg\/wp-json\/wp\/v2\/types\/page"}],"author":[{"embeddable":true,"href":"https:\/\/www3.unicentro.br\/dedufg\/wp-json\/wp\/v2\/users\/601"}],"replies":[{"embeddable":true,"href":"https:\/\/www3.unicentro.br\/dedufg\/wp-json\/wp\/v2\/comments?post=770"}],"version-history":[{"count":0,"href":"https:\/\/www3.unicentro.br\/dedufg\/wp-json\/wp\/v2\/pages\/770\/revisions"}],"up":[{"embeddable":true,"href":"https:\/\/www3.unicentro.br\/dedufg\/wp-json\/wp\/v2\/pages\/581"}],"wp:attachment":[{"href":"https:\/\/www3.unicentro.br\/dedufg\/wp-json\/wp\/v2\/media?parent=770"}],"curies":[{"name":"wp","href":"https:\/\/api.w.org\/{rel}","templated":true}]}}