{"id":611,"date":"2023-03-15T15:11:47","date_gmt":"2023-03-15T18:11:47","guid":{"rendered":"https:\/\/www3.unicentro.br\/dedufg\/?page_id=611"},"modified":"2024-06-27T15:48:57","modified_gmt":"2024-06-27T18:48:57","slug":"laboratorio-lafee","status":"publish","type":"page","link":"https:\/\/www3.unicentro.br\/dedufg\/laboratorios\/laboratorio-lafee\/","title":{"rendered":"Laborat\u00f3rio de Fisiologia do Exerc\u00edcio e Ergoespirometria-Lafee"},"content":{"rendered":"<p align=\"justify\"><span style=\"font-size: 14pt;font-family: 'times new roman', times, serif\"><strong><span style=\"color: #000000\">Laborat\u00f3rio de Fisiologia do Exerc\u00edcio e Ergoespirometria (LAFEE) \u00e9 um espa\u00e7o dedicado a atividades de avalia\u00e7\u00e3o morfol\u00f3gica (antropometria e composi\u00e7\u00e3o corpora) e funcional motora (desempenho), dedicado especialmente, ao ensino na gradua\u00e7\u00e3o. Est\u00e1 sediado na casa 3, espa\u00e7o do CDR, e possui equipamentos de avalia\u00e7\u00e3o antropom\u00e9trica, e indicadores da aptid\u00e3o aer\u00f3bia (esteiras e mat\u00e9rias de avalia\u00e7\u00e3o metab\u00f3lica), anaer\u00f3bia, da for\u00e7a e resist\u00eancia muscular, da amplitude de movimento (flexibilidade) e da postura (cimetr\u00f3grafo).<\/span><\/strong><\/span><\/p>\n","protected":false},"excerpt":{"rendered":"<p>Laborat\u00f3rio de Fisiologia do Exerc\u00edcio e Ergoespirometria (LAFEE) \u00e9 um espa\u00e7o dedicado a atividades de avalia\u00e7\u00e3o morfol\u00f3gica (antropometria e composi\u00e7\u00e3o corpora) e funcional motora (desempenho), dedicado especialmente, ao ensino na gradua\u00e7\u00e3o. Est\u00e1 sediado na casa 3, espa\u00e7o do CDR, e possui equipamentos de avalia\u00e7\u00e3o antropom\u00e9trica, e indicadores da aptid\u00e3o aer\u00f3bia (esteiras e mat\u00e9rias de avalia\u00e7\u00e3o [&hellip;]<\/p>\n","protected":false},"author":601,"featured_media":0,"parent":581,"menu_order":0,"comment_status":"closed","ping_status":"closed","template":"","meta":{"_exactmetrics_skip_tracking":false,"_exactmetrics_sitenote_active":false,"_exactmetrics_sitenote_note":"","_exactmetrics_sitenote_category":0,"footnotes":"","_links_to":"","_links_to_target":""},"class_list":["post-611","page","type-page","status-publish","hentry"],"_links":{"self":[{"href":"https:\/\/www3.unicentro.br\/dedufg\/wp-json\/wp\/v2\/pages\/611","targetHints":{"allow":["GET"]}}],"collection":[{"href":"https:\/\/www3.unicentro.br\/dedufg\/wp-json\/wp\/v2\/pages"}],"about":[{"href":"https:\/\/www3.unicentro.br\/dedufg\/wp-json\/wp\/v2\/types\/page"}],"author":[{"embeddable":true,"href":"https:\/\/www3.unicentro.br\/dedufg\/wp-json\/wp\/v2\/users\/601"}],"replies":[{"embeddable":true,"href":"https:\/\/www3.unicentro.br\/dedufg\/wp-json\/wp\/v2\/comments?post=611"}],"version-history":[{"count":1,"href":"https:\/\/www3.unicentro.br\/dedufg\/wp-json\/wp\/v2\/pages\/611\/revisions"}],"predecessor-version":[{"id":1715,"href":"https:\/\/www3.unicentro.br\/dedufg\/wp-json\/wp\/v2\/pages\/611\/revisions\/1715"}],"up":[{"embeddable":true,"href":"https:\/\/www3.unicentro.br\/dedufg\/wp-json\/wp\/v2\/pages\/581"}],"wp:attachment":[{"href":"https:\/\/www3.unicentro.br\/dedufg\/wp-json\/wp\/v2\/media?parent=611"}],"curies":[{"name":"wp","href":"https:\/\/api.w.org\/{rel}","templated":true}]}}