{"id":608,"date":"2023-03-15T15:10:44","date_gmt":"2023-03-15T18:10:44","guid":{"rendered":"https:\/\/www3.unicentro.br\/dedufg\/?page_id=608"},"modified":"2024-06-27T15:48:15","modified_gmt":"2024-06-27T18:48:15","slug":"laboratorio-lafeaf","status":"publish","type":"page","link":"https:\/\/www3.unicentro.br\/dedufg\/laboratorios\/laboratorio-lafeaf\/","title":{"rendered":"Laborat\u00f3rio de Fisiologia Experimental e Aplicada a Atividade F\u00edsica-Lafeaf"},"content":{"rendered":"<p align=\"justify\"><span style=\"font-size: 14pt;font-family: 'times new roman', times, serif\"><strong><span style=\"color: #000000\">O Laborat\u00f3rio de Fisiologia Experimental e Aplicada \u00e0 Atividade F\u00edsica (LAFEAF) \u00e9 um espa\u00e7o destinado ao aprimoramento e desenvolvimento de estudos sobre fisiologia do exerc\u00edcio, cineantropometria e desempenho esportivo, atividade f\u00edsica na aten\u00e7\u00e3o prim\u00e1ria, avalia\u00e7\u00e3o e prescri\u00e7\u00e3o de exerc\u00edcios f\u00edsicos para popula\u00e7\u00f5es especiais saud\u00e1veis e com doen\u00e7as cr\u00f4nicas. O laborat\u00f3rio \u00e9 coordenado pelo professor Dr. Marcos Roberto Queiroga e possui equipe formada de alunos de gradua\u00e7\u00e3o (inicia\u00e7\u00e3o cient\u00edfica e extens\u00e3o), p\u00f3s-gradua\u00e7\u00e3o e pesquisadores que desenvolvem projetos de pesquisa e extens\u00e3o com a finalidade de aplica\u00e7\u00e3o (tradu\u00e7\u00e3o do conhecimento) acad\u00eamica, profissional e cl\u00ednica.<\/span><\/strong><\/span><\/p>\n","protected":false},"excerpt":{"rendered":"<p>O Laborat\u00f3rio de Fisiologia Experimental e Aplicada \u00e0 Atividade F\u00edsica (LAFEAF) \u00e9 um espa\u00e7o destinado ao aprimoramento e desenvolvimento de estudos sobre fisiologia do exerc\u00edcio, cineantropometria e desempenho esportivo, atividade f\u00edsica na aten\u00e7\u00e3o prim\u00e1ria, avalia\u00e7\u00e3o e prescri\u00e7\u00e3o de exerc\u00edcios f\u00edsicos para popula\u00e7\u00f5es especiais saud\u00e1veis e com doen\u00e7as cr\u00f4nicas. O laborat\u00f3rio \u00e9 coordenado pelo professor Dr. [&hellip;]<\/p>\n","protected":false},"author":601,"featured_media":0,"parent":581,"menu_order":0,"comment_status":"closed","ping_status":"closed","template":"","meta":{"_exactmetrics_skip_tracking":false,"_exactmetrics_sitenote_active":false,"_exactmetrics_sitenote_note":"","_exactmetrics_sitenote_category":0,"footnotes":"","_links_to":"","_links_to_target":""},"class_list":["post-608","page","type-page","status-publish","hentry"],"_links":{"self":[{"href":"https:\/\/www3.unicentro.br\/dedufg\/wp-json\/wp\/v2\/pages\/608","targetHints":{"allow":["GET"]}}],"collection":[{"href":"https:\/\/www3.unicentro.br\/dedufg\/wp-json\/wp\/v2\/pages"}],"about":[{"href":"https:\/\/www3.unicentro.br\/dedufg\/wp-json\/wp\/v2\/types\/page"}],"author":[{"embeddable":true,"href":"https:\/\/www3.unicentro.br\/dedufg\/wp-json\/wp\/v2\/users\/601"}],"replies":[{"embeddable":true,"href":"https:\/\/www3.unicentro.br\/dedufg\/wp-json\/wp\/v2\/comments?post=608"}],"version-history":[{"count":1,"href":"https:\/\/www3.unicentro.br\/dedufg\/wp-json\/wp\/v2\/pages\/608\/revisions"}],"predecessor-version":[{"id":1714,"href":"https:\/\/www3.unicentro.br\/dedufg\/wp-json\/wp\/v2\/pages\/608\/revisions\/1714"}],"up":[{"embeddable":true,"href":"https:\/\/www3.unicentro.br\/dedufg\/wp-json\/wp\/v2\/pages\/581"}],"wp:attachment":[{"href":"https:\/\/www3.unicentro.br\/dedufg\/wp-json\/wp\/v2\/media?parent=608"}],"curies":[{"name":"wp","href":"https:\/\/api.w.org\/{rel}","templated":true}]}}