{"id":599,"date":"2023-03-15T15:06:15","date_gmt":"2023-03-15T18:06:15","guid":{"rendered":"https:\/\/www3.unicentro.br\/dedufg\/?page_id=599"},"modified":"2025-02-18T09:36:06","modified_gmt":"2025-02-18T12:36:06","slug":"telefones-uteis","status":"publish","type":"page","link":"https:\/\/www3.unicentro.br\/dedufg\/inicio\/telefones-uteis\/","title":{"rendered":"Telefones \u00dateis"},"content":{"rendered":"<p align=\"justify\"><span style=\"font-family: 'times new roman', times, serif;font-size: 14pt;color: #000000\"><strong>Departamento de Educa\u00e7\u00e3o F\u00edsica- DEDUF\/G:<\/strong> (42) 3629-8132<\/span><\/p>\n<p align=\"justify\"><span style=\"font-family: 'times new roman', times, serif;font-size: 14pt;color: #000000\"><strong>Sala da Chefia Departamental:<\/strong> (42)3629-8232<\/span><\/p>\n<p align=\"justify\"><span style=\"font-family: 'times new roman', times, serif;font-size: 14pt;color: #000000\"><strong>Complexo Desportivo e Recreativo (CDR) e Gin\u00e1sio de Esportes:<\/strong> (42) 3629-8148 &#8211; (42) 9 9164-4218 (WhatsApp)<\/span><\/p>\n<p align=\"justify\"><span style=\"font-family: 'times new roman', times, serif;font-size: 14pt;color: #000000\"><strong>Cl\u00ednica e Academia Escola de Educa\u00e7\u00e3o F\u00edsica (Academia):<\/strong> (42) 3629-8148 &#8211; (42) 9 9164-4218 (WhatsApp)<\/span><\/p>\n<p align=\"justify\"><span style=\"font-family: 'times new roman', times, serif;font-size: 14pt;color: #000000\"><strong>Laborat\u00f3rio de Fisiologia Experimental e Aplicada a Atividade F\u00edsica-LAFEAF:<\/strong> (42) 3629-8157<\/span><\/p>\n<p align=\"justify\"><span style=\"font-family: 'times new roman', times, serif;font-size: 14pt;color: #000000\"><strong>Laborat\u00f3rio de Estudos dos Corpos nas Sociedades \u2013 LESCORPS:<\/strong> (42) 3629-8343<\/span><\/p>\n<p align=\"justify\"><span style=\"font-family: 'times new roman', times, serif;font-size: 14pt;color: #000000\"><strong>Laborat\u00f3rio de Biomec\u00e2nica e Energ\u00e9tica do Movimento Humano:<\/strong> (42) 3629-8342<\/span><\/p>\n<p align=\"justify\"><span style=\"font-family: 'times new roman', times, serif;font-size: 14pt;color: #000000\"><strong>Laborat\u00f3rio de Fisiologia do Exerc\u00edcio e Ergoespirometria\u2013LAFEE: <\/strong>(42) 3629-8148<\/span><\/p>\n","protected":false},"excerpt":{"rendered":"<p>Departamento de Educa\u00e7\u00e3o F\u00edsica- DEDUF\/G: (42) 3629-8132 Sala da Chefia Departamental: (42)3629-8232 Complexo Desportivo e Recreativo (CDR) e Gin\u00e1sio de Esportes: (42) 3629-8148 &#8211; (42) 9 9164-4218 (WhatsApp) Cl\u00ednica e Academia Escola de Educa\u00e7\u00e3o F\u00edsica (Academia): (42) 3629-8148 &#8211; (42) 9 9164-4218 (WhatsApp) Laborat\u00f3rio de Fisiologia Experimental e Aplicada a Atividade F\u00edsica-LAFEAF: (42) 3629-8157 Laborat\u00f3rio [&hellip;]<\/p>\n","protected":false},"author":601,"featured_media":0,"parent":575,"menu_order":0,"comment_status":"closed","ping_status":"closed","template":"","meta":{"_exactmetrics_skip_tracking":false,"_exactmetrics_sitenote_active":false,"_exactmetrics_sitenote_note":"","_exactmetrics_sitenote_category":0,"footnotes":"","_links_to":"","_links_to_target":""},"class_list":["post-599","page","type-page","status-publish","hentry"],"_links":{"self":[{"href":"https:\/\/www3.unicentro.br\/dedufg\/wp-json\/wp\/v2\/pages\/599","targetHints":{"allow":["GET"]}}],"collection":[{"href":"https:\/\/www3.unicentro.br\/dedufg\/wp-json\/wp\/v2\/pages"}],"about":[{"href":"https:\/\/www3.unicentro.br\/dedufg\/wp-json\/wp\/v2\/types\/page"}],"author":[{"embeddable":true,"href":"https:\/\/www3.unicentro.br\/dedufg\/wp-json\/wp\/v2\/users\/601"}],"replies":[{"embeddable":true,"href":"https:\/\/www3.unicentro.br\/dedufg\/wp-json\/wp\/v2\/comments?post=599"}],"version-history":[{"count":2,"href":"https:\/\/www3.unicentro.br\/dedufg\/wp-json\/wp\/v2\/pages\/599\/revisions"}],"predecessor-version":[{"id":1993,"href":"https:\/\/www3.unicentro.br\/dedufg\/wp-json\/wp\/v2\/pages\/599\/revisions\/1993"}],"up":[{"embeddable":true,"href":"https:\/\/www3.unicentro.br\/dedufg\/wp-json\/wp\/v2\/pages\/575"}],"wp:attachment":[{"href":"https:\/\/www3.unicentro.br\/dedufg\/wp-json\/wp\/v2\/media?parent=599"}],"curies":[{"name":"wp","href":"https:\/\/api.w.org\/{rel}","templated":true}]}}