{"id":593,"date":"2023-03-15T15:03:26","date_gmt":"2023-03-15T18:03:26","guid":{"rendered":"https:\/\/www3.unicentro.br\/dedufg\/?page_id=593"},"modified":"2024-02-29T10:40:09","modified_gmt":"2024-02-29T13:40:09","slug":"apresentacao","status":"publish","type":"page","link":"https:\/\/www3.unicentro.br\/dedufg\/inicio\/apresentacao\/","title":{"rendered":"Apresenta\u00e7\u00e3o"},"content":{"rendered":"<div><\/div>\n<div class=\"wp-block-image\">\n<p><img loading=\"lazy\" decoding=\"async\" class=\"wp-image-618 alignleft\" src=\"https:\/\/www3.unicentro.br\/dedufg\/wp-content\/uploads\/sites\/137\/2023\/03\/LOGO_CURSO.png\" alt=\"\" width=\"92\" height=\"121\" \/><\/p>\n<p align=\"justify\"><span style=\"color: #000000\"><strong><span style=\"font-size: 14pt\"><span style=\"font-family: Arial Narrow, serif\">O Departamento de Educa\u00e7\u00e3o F\u00edsica de Guarapuava (DEDUF\/G) foi criado pela Resolu\u00e7\u00e3o n<\/span><sup><span style=\"font-family: Arial Narrow, serif\">o<\/span><\/sup><span style=\"font-family: Arial Narrow, serif\"> 38\/2003-GR\/UNICENTRO de 30 de outubro de 2003, com oferta da primeira turma, como departamento em Guarapuava, no ano de 2004. O curso foi aprovado para formar professores licenciados em Educa\u00e7\u00e3o F\u00edsica. Em 2006, com a reformula\u00e7\u00e3o curricular de 2005, baseada nas diretrizes curriculares (Parecer CNE n\u00ba 0058\/2004 e a Resolu\u00e7\u00e3o CNE\/CES n\u00ba 07\/2004), substituiu-se a habilita\u00e7\u00e3o de Licenciatura pela <\/span><span style=\"font-family: Arial Narrow, serif\">h<\/span><span style=\"font-family: Arial Narrow, serif\">a<\/span><span style=\"font-family: Arial Narrow, serif\">bilita\u00e7\u00e3o em<\/span><span style=\"font-family: Arial Narrow, serif\"> Bacharelado em Educa\u00e7\u00e3o F\u00edsica (Decreto Estadual no 5768\/2005). Em 2021, com a reformula\u00e7\u00e3o curricular baseada na Resolu\u00e7\u00e3o CNE\/CES n\u00ba 6\/2018, o curso de Educa\u00e7\u00e3o F\u00edsica permitir\u00e1 ao estudante obter tanto o t\u00edtulo de Bacharelado quanto de Licenciatura, o que caracteriza uma forma\u00e7\u00e3o em \u201cY\u201d. O novo projeto pedag\u00f3gico conta com entrada \u00fanica no vestibular e prev\u00ea um n\u00facleo comum de forma\u00e7\u00e3o na primeira metade do Curso (dois primeiros anos). Para a sequ\u00eancia, o(a) acad\u00eamico(a) escolhe a habilita\u00e7\u00e3o (Bacharelado ou Licenciatura) para a etapa espec\u00edfica seguinte, correspondente a segunda metade do curso (3\u00ba e 4\u00ba anos). Uma vez finalizada uma habilita\u00e7\u00e3o (4 anos), se desejar, poder\u00e1 retornar de forma imediata (1 a 2 anos) para a complementa\u00e7\u00e3o da outra habilita\u00e7\u00e3o. Neste formato, \u00e9 poss\u00edvel obter ambas habilita\u00e7\u00f5es no prazo de 5 a 6 anos.<\/span><\/span><\/strong><\/span><\/p>\n<div class=\"wp-block-image\">\n<div class=\"wp-block-image\">\n<div class=\"wp-block-image\"><img loading=\"lazy\" decoding=\"async\" class=\"wp-image-1121 alignleft\" src=\"https:\/\/www3.unicentro.br\/dedufg\/wp-content\/uploads\/sites\/137\/2023\/10\/TELEFONE2.png\" alt=\"\" width=\"25\" height=\"25\" srcset=\"https:\/\/www3.unicentro.br\/dedufg\/wp-content\/uploads\/sites\/137\/2023\/10\/TELEFONE2.png 512w, https:\/\/www3.unicentro.br\/dedufg\/wp-content\/uploads\/sites\/137\/2023\/10\/TELEFONE2-50x50.png 50w, https:\/\/www3.unicentro.br\/dedufg\/wp-content\/uploads\/sites\/137\/2023\/10\/TELEFONE2-80x80.png 80w, https:\/\/www3.unicentro.br\/dedufg\/wp-content\/uploads\/sites\/137\/2023\/10\/TELEFONE2-263x263.png 263w, https:\/\/www3.unicentro.br\/dedufg\/wp-content\/uploads\/sites\/137\/2023\/10\/TELEFONE2-100x100.png 100w, https:\/\/www3.unicentro.br\/dedufg\/wp-content\/uploads\/sites\/137\/2023\/10\/TELEFONE2-255x255.png 255w\" sizes=\"auto, (max-width: 25px) 100vw, 25px\" \/><\/div>\n<p><span style=\"color: #000000;font-family: 'arial black', sans-serif;font-size: 14pt\"><strong>(42) 3629-8132<\/strong><\/span><\/p>\n<\/div>\n<\/div>\n<\/div>\n<div><\/div>\n<div>\n<div class=\"wp-block-image\"><img loading=\"lazy\" decoding=\"async\" class=\"wpa-warning wpa-image-missing-alt wp-image-1193 alignleft\" src=\"https:\/\/www3.unicentro.br\/dedufg\/wp-content\/uploads\/sites\/137\/2024\/02\/email.png\" alt=\"\" width=\"27\" height=\"27\" data-warning=\"Missing alt text\" srcset=\"https:\/\/www3.unicentro.br\/dedufg\/wp-content\/uploads\/sites\/137\/2024\/02\/email.png 204w, https:\/\/www3.unicentro.br\/dedufg\/wp-content\/uploads\/sites\/137\/2024\/02\/email-50x50.png 50w, https:\/\/www3.unicentro.br\/dedufg\/wp-content\/uploads\/sites\/137\/2024\/02\/email-80x80.png 80w, https:\/\/www3.unicentro.br\/dedufg\/wp-content\/uploads\/sites\/137\/2024\/02\/email-100x100.png 100w\" sizes=\"auto, (max-width: 27px) 100vw, 27px\" \/><\/div>\n<p><span style=\"font-family: 'arial black', sans-serif;font-size: 14pt;color: #000000\">dedufg@yahoo.com<\/span><\/p>\n<\/div>\n<div><\/div>\n<div>\n<div class=\"wp-block-image\"><img loading=\"lazy\" decoding=\"async\" class=\"wpa-warning wpa-image-missing-alt wp-image-1067 alignleft\" src=\"https:\/\/www3.unicentro.br\/dedufg\/wp-content\/uploads\/sites\/137\/2023\/08\/insta.jpg\" alt=\"\" width=\"30\" height=\"30\" data-warning=\"Missing alt text\" srcset=\"https:\/\/www3.unicentro.br\/dedufg\/wp-content\/uploads\/sites\/137\/2023\/08\/insta.jpg 120w, https:\/\/www3.unicentro.br\/dedufg\/wp-content\/uploads\/sites\/137\/2023\/08\/insta-50x50.jpg 50w, https:\/\/www3.unicentro.br\/dedufg\/wp-content\/uploads\/sites\/137\/2023\/08\/insta-80x80.jpg 80w, https:\/\/www3.unicentro.br\/dedufg\/wp-content\/uploads\/sites\/137\/2023\/08\/insta-100x100.jpg 100w\" sizes=\"auto, (max-width: 30px) 100vw, 30px\" \/><span style=\"font-family: 'arial black', sans-serif;color: #000000;font-size: 14pt\">@dedufcedeteg<\/span><\/div>\n<\/div>\n<div><\/div>\n<div><\/div>\n<div><\/div>\n<div><\/div>\n<div class=\"wp-block-image\">\n<div class=\"wp-block-image\">\n<div>\n<div class=\"wp-block-image\"><\/div>\n<\/div>\n<\/div>\n<div><\/div>\n<\/div>\n","protected":false},"excerpt":{"rendered":"<p>O Departamento de Educa\u00e7\u00e3o F\u00edsica de Guarapuava (DEDUF\/G) foi criado pela Resolu\u00e7\u00e3o no 38\/2003-GR\/UNICENTRO de 30 de outubro de 2003, com oferta da primeira turma, como departamento em Guarapuava, no ano de 2004. O curso foi aprovado para formar professores licenciados em Educa\u00e7\u00e3o F\u00edsica. Em 2006, com a reformula\u00e7\u00e3o curricular de 2005, baseada nas diretrizes [&hellip;]<\/p>\n","protected":false},"author":601,"featured_media":0,"parent":575,"menu_order":0,"comment_status":"closed","ping_status":"closed","template":"","meta":{"_exactmetrics_skip_tracking":false,"_exactmetrics_sitenote_active":false,"_exactmetrics_sitenote_note":"","_exactmetrics_sitenote_category":0,"footnotes":"","_links_to":"","_links_to_target":""},"class_list":["post-593","page","type-page","status-publish","hentry"],"_links":{"self":[{"href":"https:\/\/www3.unicentro.br\/dedufg\/wp-json\/wp\/v2\/pages\/593","targetHints":{"allow":["GET"]}}],"collection":[{"href":"https:\/\/www3.unicentro.br\/dedufg\/wp-json\/wp\/v2\/pages"}],"about":[{"href":"https:\/\/www3.unicentro.br\/dedufg\/wp-json\/wp\/v2\/types\/page"}],"author":[{"embeddable":true,"href":"https:\/\/www3.unicentro.br\/dedufg\/wp-json\/wp\/v2\/users\/601"}],"replies":[{"embeddable":true,"href":"https:\/\/www3.unicentro.br\/dedufg\/wp-json\/wp\/v2\/comments?post=593"}],"version-history":[{"count":2,"href":"https:\/\/www3.unicentro.br\/dedufg\/wp-json\/wp\/v2\/pages\/593\/revisions"}],"predecessor-version":[{"id":1202,"href":"https:\/\/www3.unicentro.br\/dedufg\/wp-json\/wp\/v2\/pages\/593\/revisions\/1202"}],"up":[{"embeddable":true,"href":"https:\/\/www3.unicentro.br\/dedufg\/wp-json\/wp\/v2\/pages\/575"}],"wp:attachment":[{"href":"https:\/\/www3.unicentro.br\/dedufg\/wp-json\/wp\/v2\/media?parent=593"}],"curies":[{"name":"wp","href":"https:\/\/api.w.org\/{rel}","templated":true}]}}