{"id":2024,"date":"2025-04-01T10:12:01","date_gmt":"2025-04-01T13:12:01","guid":{"rendered":"https:\/\/www3.unicentro.br\/dedufg\/?page_id=2024"},"modified":"2025-04-01T10:12:01","modified_gmt":"2025-04-01T13:12:01","slug":"projeto-pedagogico-2021","status":"publish","type":"page","link":"https:\/\/www3.unicentro.br\/dedufg\/inicio\/projeto-pedagogico-2021\/","title":{"rendered":"Projeto Pedag\u00f3gico 2021"},"content":{"rendered":"<p><strong><span style=\"font-size: 14pt;color: #000000\"><a style=\"color: #000000\" href=\"https:\/\/www3.unicentro.br\/dedufg\/wp-content\/uploads\/sites\/137\/2025\/04\/PROJETO-PEDAGOGICO-2021.pdf\">PROJETO PEDAG\u00d3GICO 2021<\/a><\/span><\/strong><\/p>\n<p><span style=\"color: #000000\"><strong><span style=\"font-size: 14pt\"><a style=\"color: #000000\" href=\"https:\/\/www3.unicentro.br\/dedufg\/wp-content\/uploads\/sites\/137\/2025\/04\/RESOLUCAO-DE-APROVACAO-PROJETO-PEDAGOGICO.pdf\">RESOLU\u00c7\u00c3O DE APROVA\u00c7\u00c3O PROJETO PEDAG\u00d3GICO<\/a><\/span><\/strong><\/span><\/p>\n","protected":false},"excerpt":{"rendered":"<p>PROJETO PEDAG\u00d3GICO 2021 RESOLU\u00c7\u00c3O DE APROVA\u00c7\u00c3O PROJETO PEDAG\u00d3GICO<\/p>\n","protected":false},"author":601,"featured_media":0,"parent":575,"menu_order":0,"comment_status":"closed","ping_status":"closed","template":"","meta":{"_exactmetrics_skip_tracking":false,"_exactmetrics_sitenote_active":false,"_exactmetrics_sitenote_note":"","_exactmetrics_sitenote_category":0,"footnotes":"","_links_to":"","_links_to_target":""},"class_list":["post-2024","page","type-page","status-publish","hentry"],"_links":{"self":[{"href":"https:\/\/www3.unicentro.br\/dedufg\/wp-json\/wp\/v2\/pages\/2024","targetHints":{"allow":["GET"]}}],"collection":[{"href":"https:\/\/www3.unicentro.br\/dedufg\/wp-json\/wp\/v2\/pages"}],"about":[{"href":"https:\/\/www3.unicentro.br\/dedufg\/wp-json\/wp\/v2\/types\/page"}],"author":[{"embeddable":true,"href":"https:\/\/www3.unicentro.br\/dedufg\/wp-json\/wp\/v2\/users\/601"}],"replies":[{"embeddable":true,"href":"https:\/\/www3.unicentro.br\/dedufg\/wp-json\/wp\/v2\/comments?post=2024"}],"version-history":[{"count":1,"href":"https:\/\/www3.unicentro.br\/dedufg\/wp-json\/wp\/v2\/pages\/2024\/revisions"}],"predecessor-version":[{"id":2025,"href":"https:\/\/www3.unicentro.br\/dedufg\/wp-json\/wp\/v2\/pages\/2024\/revisions\/2025"}],"up":[{"embeddable":true,"href":"https:\/\/www3.unicentro.br\/dedufg\/wp-json\/wp\/v2\/pages\/575"}],"wp:attachment":[{"href":"https:\/\/www3.unicentro.br\/dedufg\/wp-json\/wp\/v2\/media?parent=2024"}],"curies":[{"name":"wp","href":"https:\/\/api.w.org\/{rel}","templated":true}]}}