{"id":1710,"date":"2024-06-27T14:25:22","date_gmt":"2024-06-27T17:25:22","guid":{"rendered":"https:\/\/www3.unicentro.br\/dedufg\/?page_id=1710"},"modified":"2024-06-27T14:25:31","modified_gmt":"2024-06-27T17:25:31","slug":"outros-servicos-prestados-a-comunidade","status":"publish","type":"page","link":"https:\/\/www3.unicentro.br\/dedufg\/cdr\/prestacao-de-servicos-a-comunidade-interna-e-externa\/outros-servicos-prestados-a-comunidade\/","title":{"rendered":"Outros Servi\u00e7os Prestados a Comunidade"},"content":{"rendered":"<p align=\"justify\"><strong><span style=\"font-family: 'times new roman', times, serif;font-size: 14pt;color: #000000\">Propostas de eventos de extens\u00e3o ocorrem com frequ\u00eancia no CDR. Entre estes, destacam-se os Jogos dos servidores da Unicentro (JOSU), Jogos dos Servidores das IES (JOSUEPAR), Jogos entre cursos da Unicentro (JOIC), Recreia CEDETEG, Manh\u00e3 de Ci\u00eancias, Walking Tour Unicentro, entre outros. O CDR recebe, com muita frequ\u00eancia, a solicita\u00e7\u00e3o de reservas de espa\u00e7os e equipamentos para a realiza\u00e7\u00e3o de eventos esportivos e cient\u00edficos pela universidade e por institui\u00e7\u00f5es externas.<\/span><\/strong><\/p>\n","protected":false},"excerpt":{"rendered":"<p>Propostas de eventos de extens\u00e3o ocorrem com frequ\u00eancia no CDR. Entre estes, destacam-se os Jogos dos servidores da Unicentro (JOSU), Jogos dos Servidores das IES (JOSUEPAR), Jogos entre cursos da Unicentro (JOIC), Recreia CEDETEG, Manh\u00e3 de Ci\u00eancias, Walking Tour Unicentro, entre outros. O CDR recebe, com muita frequ\u00eancia, a solicita\u00e7\u00e3o de reservas de espa\u00e7os e [&hellip;]<\/p>\n","protected":false},"author":601,"featured_media":0,"parent":1691,"menu_order":0,"comment_status":"closed","ping_status":"closed","template":"","meta":{"_exactmetrics_skip_tracking":false,"_exactmetrics_sitenote_active":false,"_exactmetrics_sitenote_note":"","_exactmetrics_sitenote_category":0,"footnotes":"","_links_to":"","_links_to_target":""},"class_list":["post-1710","page","type-page","status-publish","hentry"],"_links":{"self":[{"href":"https:\/\/www3.unicentro.br\/dedufg\/wp-json\/wp\/v2\/pages\/1710","targetHints":{"allow":["GET"]}}],"collection":[{"href":"https:\/\/www3.unicentro.br\/dedufg\/wp-json\/wp\/v2\/pages"}],"about":[{"href":"https:\/\/www3.unicentro.br\/dedufg\/wp-json\/wp\/v2\/types\/page"}],"author":[{"embeddable":true,"href":"https:\/\/www3.unicentro.br\/dedufg\/wp-json\/wp\/v2\/users\/601"}],"replies":[{"embeddable":true,"href":"https:\/\/www3.unicentro.br\/dedufg\/wp-json\/wp\/v2\/comments?post=1710"}],"version-history":[{"count":1,"href":"https:\/\/www3.unicentro.br\/dedufg\/wp-json\/wp\/v2\/pages\/1710\/revisions"}],"predecessor-version":[{"id":1711,"href":"https:\/\/www3.unicentro.br\/dedufg\/wp-json\/wp\/v2\/pages\/1710\/revisions\/1711"}],"up":[{"embeddable":true,"href":"https:\/\/www3.unicentro.br\/dedufg\/wp-json\/wp\/v2\/pages\/1691"}],"wp:attachment":[{"href":"https:\/\/www3.unicentro.br\/dedufg\/wp-json\/wp\/v2\/media?parent=1710"}],"curies":[{"name":"wp","href":"https:\/\/api.w.org\/{rel}","templated":true}]}}