{"id":1706,"date":"2024-06-27T14:21:29","date_gmt":"2024-06-27T17:21:29","guid":{"rendered":"https:\/\/www3.unicentro.br\/dedufg\/?page_id=1706"},"modified":"2024-06-27T14:21:29","modified_gmt":"2024-06-27T17:21:29","slug":"avaliacao-fisica","status":"publish","type":"page","link":"https:\/\/www3.unicentro.br\/dedufg\/cdr\/prestacao-de-servicos-a-comunidade-interna-e-externa\/avaliacao-fisica\/","title":{"rendered":"Avalia\u00e7\u00e3o F\u00edsica"},"content":{"rendered":"<p align=\"justify\"><strong><span style=\"font-family: 'times new roman', times, serif;font-size: 14pt;color: #000000\">Os laborat\u00f3rios do curso de Educa\u00e7\u00e3o F\u00edsica integram o CDR e participam da oferta de servi\u00e7os de Avalia\u00e7\u00e3o F\u00edsica aplicada a sa\u00fade ou desempenho f\u00edsico.<\/span><\/strong><\/p>\n","protected":false},"excerpt":{"rendered":"<p>Os laborat\u00f3rios do curso de Educa\u00e7\u00e3o F\u00edsica integram o CDR e participam da oferta de servi\u00e7os de Avalia\u00e7\u00e3o F\u00edsica aplicada a sa\u00fade ou desempenho f\u00edsico.<\/p>\n","protected":false},"author":601,"featured_media":0,"parent":1691,"menu_order":0,"comment_status":"closed","ping_status":"closed","template":"","meta":{"_exactmetrics_skip_tracking":false,"_exactmetrics_sitenote_active":false,"_exactmetrics_sitenote_note":"","_exactmetrics_sitenote_category":0,"footnotes":"","_links_to":"","_links_to_target":""},"class_list":["post-1706","page","type-page","status-publish","hentry"],"_links":{"self":[{"href":"https:\/\/www3.unicentro.br\/dedufg\/wp-json\/wp\/v2\/pages\/1706","targetHints":{"allow":["GET"]}}],"collection":[{"href":"https:\/\/www3.unicentro.br\/dedufg\/wp-json\/wp\/v2\/pages"}],"about":[{"href":"https:\/\/www3.unicentro.br\/dedufg\/wp-json\/wp\/v2\/types\/page"}],"author":[{"embeddable":true,"href":"https:\/\/www3.unicentro.br\/dedufg\/wp-json\/wp\/v2\/users\/601"}],"replies":[{"embeddable":true,"href":"https:\/\/www3.unicentro.br\/dedufg\/wp-json\/wp\/v2\/comments?post=1706"}],"version-history":[{"count":1,"href":"https:\/\/www3.unicentro.br\/dedufg\/wp-json\/wp\/v2\/pages\/1706\/revisions"}],"predecessor-version":[{"id":1707,"href":"https:\/\/www3.unicentro.br\/dedufg\/wp-json\/wp\/v2\/pages\/1706\/revisions\/1707"}],"up":[{"embeddable":true,"href":"https:\/\/www3.unicentro.br\/dedufg\/wp-json\/wp\/v2\/pages\/1691"}],"wp:attachment":[{"href":"https:\/\/www3.unicentro.br\/dedufg\/wp-json\/wp\/v2\/media?parent=1706"}],"curies":[{"name":"wp","href":"https:\/\/api.w.org\/{rel}","templated":true}]}}