{"id":1702,"date":"2024-06-27T14:18:32","date_gmt":"2024-06-27T17:18:32","guid":{"rendered":"https:\/\/www3.unicentro.br\/dedufg\/?page_id=1702"},"modified":"2024-06-27T14:19:25","modified_gmt":"2024-06-27T17:19:25","slug":"oferta-de-atividades-de-academia","status":"publish","type":"page","link":"https:\/\/www3.unicentro.br\/dedufg\/cdr\/prestacao-de-servicos-a-comunidade-interna-e-externa\/oferta-de-atividades-de-academia\/","title":{"rendered":"Oferta de Atividades de Academia"},"content":{"rendered":"<p align=\"justify\"><strong><span style=\"font-family: 'times new roman', times, serif;font-size: 14pt;color: #000000\">O CDR abriga o projeto de extens\u00e3o em Pilates de solo e oferece a pr\u00e1tica de exerc\u00edcios de muscula\u00e7\u00e3o e condicionamento f\u00edsico.<\/span><\/strong><\/p>\n","protected":false},"excerpt":{"rendered":"<p>O CDR abriga o projeto de extens\u00e3o em Pilates de solo e oferece a pr\u00e1tica de exerc\u00edcios de muscula\u00e7\u00e3o e condicionamento f\u00edsico.<\/p>\n","protected":false},"author":601,"featured_media":0,"parent":1691,"menu_order":0,"comment_status":"closed","ping_status":"closed","template":"","meta":{"_exactmetrics_skip_tracking":false,"_exactmetrics_sitenote_active":false,"_exactmetrics_sitenote_note":"","_exactmetrics_sitenote_category":0,"footnotes":"","_links_to":"","_links_to_target":""},"class_list":["post-1702","page","type-page","status-publish","hentry"],"_links":{"self":[{"href":"https:\/\/www3.unicentro.br\/dedufg\/wp-json\/wp\/v2\/pages\/1702","targetHints":{"allow":["GET"]}}],"collection":[{"href":"https:\/\/www3.unicentro.br\/dedufg\/wp-json\/wp\/v2\/pages"}],"about":[{"href":"https:\/\/www3.unicentro.br\/dedufg\/wp-json\/wp\/v2\/types\/page"}],"author":[{"embeddable":true,"href":"https:\/\/www3.unicentro.br\/dedufg\/wp-json\/wp\/v2\/users\/601"}],"replies":[{"embeddable":true,"href":"https:\/\/www3.unicentro.br\/dedufg\/wp-json\/wp\/v2\/comments?post=1702"}],"version-history":[{"count":1,"href":"https:\/\/www3.unicentro.br\/dedufg\/wp-json\/wp\/v2\/pages\/1702\/revisions"}],"predecessor-version":[{"id":1703,"href":"https:\/\/www3.unicentro.br\/dedufg\/wp-json\/wp\/v2\/pages\/1702\/revisions\/1703"}],"up":[{"embeddable":true,"href":"https:\/\/www3.unicentro.br\/dedufg\/wp-json\/wp\/v2\/pages\/1691"}],"wp:attachment":[{"href":"https:\/\/www3.unicentro.br\/dedufg\/wp-json\/wp\/v2\/media?parent=1702"}],"curies":[{"name":"wp","href":"https:\/\/api.w.org\/{rel}","templated":true}]}}