{"id":1694,"date":"2024-06-27T14:12:21","date_gmt":"2024-06-27T17:12:21","guid":{"rendered":"https:\/\/www3.unicentro.br\/dedufg\/?page_id=1694"},"modified":"2024-06-27T14:12:21","modified_gmt":"2024-06-27T17:12:21","slug":"oferta-de-praticas-esportivas","status":"publish","type":"page","link":"https:\/\/www3.unicentro.br\/dedufg\/cdr\/prestacao-de-servicos-a-comunidade-interna-e-externa\/oferta-de-praticas-esportivas\/","title":{"rendered":"Oferta de Pr\u00e1ticas Esportivas"},"content":{"rendered":"<p align=\"justify\"><strong><span style=\"font-family: 'times new roman', times, serif;font-size: 14pt;color: #000000\">O CDR abriga projetos de extens\u00e3o do departamento de Educa\u00e7\u00e3o F\u00edsica, como projeto de voleibol e Lutas. Al\u00e9m destas, oferta outras atividades esportivas ministradas por alunos de extens\u00e3o e est\u00e1gio, em supervis\u00e3o de docentes e profissionais, como o Basquetebol, Handebol, Futsal e Futebol. As pr\u00e1ticas esportivas tamb\u00e9m s\u00e3o ofertadas a escolares provenientes de institui\u00e7\u00f5es que compreendem o territ\u00f3rio do Campus.<\/span><\/strong><\/p>\n","protected":false},"excerpt":{"rendered":"<p>O CDR abriga projetos de extens\u00e3o do departamento de Educa\u00e7\u00e3o F\u00edsica, como projeto de voleibol e Lutas. Al\u00e9m destas, oferta outras atividades esportivas ministradas por alunos de extens\u00e3o e est\u00e1gio, em supervis\u00e3o de docentes e profissionais, como o Basquetebol, Handebol, Futsal e Futebol. As pr\u00e1ticas esportivas tamb\u00e9m s\u00e3o ofertadas a escolares provenientes de institui\u00e7\u00f5es que [&hellip;]<\/p>\n","protected":false},"author":601,"featured_media":0,"parent":1691,"menu_order":0,"comment_status":"closed","ping_status":"closed","template":"","meta":{"_exactmetrics_skip_tracking":false,"_exactmetrics_sitenote_active":false,"_exactmetrics_sitenote_note":"","_exactmetrics_sitenote_category":0,"footnotes":"","_links_to":"","_links_to_target":""},"class_list":["post-1694","page","type-page","status-publish","hentry"],"_links":{"self":[{"href":"https:\/\/www3.unicentro.br\/dedufg\/wp-json\/wp\/v2\/pages\/1694","targetHints":{"allow":["GET"]}}],"collection":[{"href":"https:\/\/www3.unicentro.br\/dedufg\/wp-json\/wp\/v2\/pages"}],"about":[{"href":"https:\/\/www3.unicentro.br\/dedufg\/wp-json\/wp\/v2\/types\/page"}],"author":[{"embeddable":true,"href":"https:\/\/www3.unicentro.br\/dedufg\/wp-json\/wp\/v2\/users\/601"}],"replies":[{"embeddable":true,"href":"https:\/\/www3.unicentro.br\/dedufg\/wp-json\/wp\/v2\/comments?post=1694"}],"version-history":[{"count":1,"href":"https:\/\/www3.unicentro.br\/dedufg\/wp-json\/wp\/v2\/pages\/1694\/revisions"}],"predecessor-version":[{"id":1695,"href":"https:\/\/www3.unicentro.br\/dedufg\/wp-json\/wp\/v2\/pages\/1694\/revisions\/1695"}],"up":[{"embeddable":true,"href":"https:\/\/www3.unicentro.br\/dedufg\/wp-json\/wp\/v2\/pages\/1691"}],"wp:attachment":[{"href":"https:\/\/www3.unicentro.br\/dedufg\/wp-json\/wp\/v2\/media?parent=1694"}],"curies":[{"name":"wp","href":"https:\/\/api.w.org\/{rel}","templated":true}]}}