{"id":1489,"date":"2024-05-13T14:57:14","date_gmt":"2024-05-13T17:57:14","guid":{"rendered":"https:\/\/www3.unicentro.br\/dedufg\/?page_id=1489"},"modified":"2024-06-27T13:24:10","modified_gmt":"2024-06-27T16:24:10","slug":"apresentacao-cdr","status":"publish","type":"page","link":"https:\/\/www3.unicentro.br\/dedufg\/cdr\/apresentacao-cdr\/","title":{"rendered":"Apresenta\u00e7\u00e3o CDR"},"content":{"rendered":"<div class=\"wp-block-image\" style=\"text-align: justify\"><img loading=\"lazy\" decoding=\"async\" class=\"wpa-warning wpa-image-missing-alt wp-image-790 alignleft\" src=\"https:\/\/www3.unicentro.br\/dedufg\/wp-content\/uploads\/sites\/137\/2023\/04\/CDR_COLORIDO.png\" alt=\"\" width=\"154\" height=\"133\" data-warning=\"Missing alt text\" srcset=\"https:\/\/www3.unicentro.br\/dedufg\/wp-content\/uploads\/sites\/137\/2023\/04\/CDR_COLORIDO.png 743w, https:\/\/www3.unicentro.br\/dedufg\/wp-content\/uploads\/sites\/137\/2023\/04\/CDR_COLORIDO-255x220.png 255w\" sizes=\"auto, (max-width: 154px) 100vw, 154px\" \/><strong><span style=\"font-size: 14pt\"><span style=\"font-family: 'times new roman', times, serif;color: #000000\">O Complexo Desportivo e Recreativo (CDR) \u00e9 uma unidade administrativa, vinculada \u00e0 Dire\u00e7\u00e3o-Geral do Campus Cedeteg, \u00e9 gerenciado por docentes do Departamento de Educa\u00e7\u00e3o F\u00edsica de Guarapuava. Compreende um conjunto de instala\u00e7\u00f5es e equipamentos esportivos destinados \u00e0 pr\u00e1tica esportiva, recreativa e de promo\u00e7\u00e3o da sa\u00fade. \u00c9 utilizado como campo de est\u00e1gio curricular obrigat\u00f3rio, ensino, pesquisa e extens\u00e3o para professores e estudantes dos cursos de gradua\u00e7\u00e3o e p\u00f3s-gradua\u00e7\u00e3o em Educa\u00e7\u00e3o F\u00edsica. O CDR abriga a Cl\u00ednica e Academia Escola, uma ampla sala de muscula\u00e7\u00e3o, quadras poliesportivas e um campo de futebol onde s\u00e3o oferecidas, a cada semestre letivo (calend\u00e1rio universit\u00e1rio), op\u00e7\u00f5es de pr\u00e1ticas esportivas individuais e coletivas e programas de promo\u00e7\u00e3o da sa\u00fade para a comunidade universit\u00e1ria (servidores e acad\u00eamicos) e comunidade externa. Os interessados realizam a inscri\u00e7\u00e3o na modalidade desejada e s\u00e3o acompanhados por docentes, profissionais e monitores especializados. Al\u00e9m das atividades mencionadas, o CDR possui hor\u00e1rios para aluguel de espa\u00e7os (consultar) e possui equipe especializada para a presta\u00e7\u00e3o de servi\u00e7os em avalia\u00e7\u00e3o f\u00edsica, aperfei\u00e7oamento profissional, organiza\u00e7\u00e3o e promo\u00e7\u00e3o atividades esportivas gerais. Alguns servi\u00e7os possuem cobran\u00e7a de taxa para manuten\u00e7\u00e3o e reposi\u00e7\u00e3o de materiais e equipamentos.<\/span><\/span><\/strong><\/div>\n<p align=\"justify\"><span style=\"font-family: 'times new roman', times, serif\">\u00a0 <img loading=\"lazy\" decoding=\"async\" class=\"wpa-warning wpa-image-missing-alt wp-image-1121 alignnone\" src=\"https:\/\/www3.unicentro.br\/dedufg\/wp-content\/uploads\/sites\/137\/2023\/10\/TELEFONE2.png\" alt=\"\" width=\"26\" height=\"26\" data-warning=\"Missing alt text\" srcset=\"https:\/\/www3.unicentro.br\/dedufg\/wp-content\/uploads\/sites\/137\/2023\/10\/TELEFONE2.png 512w, https:\/\/www3.unicentro.br\/dedufg\/wp-content\/uploads\/sites\/137\/2023\/10\/TELEFONE2-50x50.png 50w, https:\/\/www3.unicentro.br\/dedufg\/wp-content\/uploads\/sites\/137\/2023\/10\/TELEFONE2-80x80.png 80w, https:\/\/www3.unicentro.br\/dedufg\/wp-content\/uploads\/sites\/137\/2023\/10\/TELEFONE2-263x263.png 263w, https:\/\/www3.unicentro.br\/dedufg\/wp-content\/uploads\/sites\/137\/2023\/10\/TELEFONE2-100x100.png 100w, https:\/\/www3.unicentro.br\/dedufg\/wp-content\/uploads\/sites\/137\/2023\/10\/TELEFONE2-255x255.png 255w\" sizes=\"auto, (max-width: 26px) 100vw, 26px\" \/> \u00a0<span style=\"font-size: 14pt;color: #000000\">(42)3629-8148<\/span><\/span><\/p>\n<div><\/div>\n<div>\u00a0 <img loading=\"lazy\" decoding=\"async\" class=\"wpa-warning wpa-image-missing-alt alignnone wp-image-1122\" src=\"https:\/\/www3.unicentro.br\/dedufg\/wp-content\/uploads\/sites\/137\/2023\/10\/WHATS.jpg\" alt=\"\" width=\"25\" height=\"26\" data-warning=\"Missing alt text\" srcset=\"https:\/\/www3.unicentro.br\/dedufg\/wp-content\/uploads\/sites\/137\/2023\/10\/WHATS.jpg 735w, https:\/\/www3.unicentro.br\/dedufg\/wp-content\/uploads\/sites\/137\/2023\/10\/WHATS-50x50.jpg 50w, https:\/\/www3.unicentro.br\/dedufg\/wp-content\/uploads\/sites\/137\/2023\/10\/WHATS-80x80.jpg 80w, https:\/\/www3.unicentro.br\/dedufg\/wp-content\/uploads\/sites\/137\/2023\/10\/WHATS-263x263.jpg 263w, https:\/\/www3.unicentro.br\/dedufg\/wp-content\/uploads\/sites\/137\/2023\/10\/WHATS-100x100.jpg 100w, https:\/\/www3.unicentro.br\/dedufg\/wp-content\/uploads\/sites\/137\/2023\/10\/WHATS-526x526.jpg 526w, https:\/\/www3.unicentro.br\/dedufg\/wp-content\/uploads\/sites\/137\/2023\/10\/WHATS-255x261.jpg 255w\" sizes=\"auto, (max-width: 25px) 100vw, 25px\" \/> \u00a0<strong><span style=\"font-size: 14pt;color: #000000\">(42) 991644218<\/span><\/strong><\/div>\n<div><\/div>\n<div><\/div>\n<div>\n<div class=\"wp-block-image\">\n<div class=\"wp-block-image\">\n<div class=\"wp-block-image\">\u00a0<img loading=\"lazy\" decoding=\"async\" class=\"wpa-warning wpa-image-missing-alt alignnone wp-image-1193\" src=\"https:\/\/www3.unicentro.br\/dedufg\/wp-content\/uploads\/sites\/137\/2024\/02\/email.png\" alt=\"\" width=\"27\" height=\"27\" data-warning=\"Missing alt text\" srcset=\"https:\/\/www3.unicentro.br\/dedufg\/wp-content\/uploads\/sites\/137\/2024\/02\/email.png 204w, https:\/\/www3.unicentro.br\/dedufg\/wp-content\/uploads\/sites\/137\/2024\/02\/email-50x50.png 50w, https:\/\/www3.unicentro.br\/dedufg\/wp-content\/uploads\/sites\/137\/2024\/02\/email-80x80.png 80w, https:\/\/www3.unicentro.br\/dedufg\/wp-content\/uploads\/sites\/137\/2024\/02\/email-100x100.png 100w\" sizes=\"auto, (max-width: 27px) 100vw, 27px\" \/><strong><span style=\"font-size: 14pt;color: #000000\">cdr.deduf@gmail.com<\/span><\/strong><\/div>\n<\/div>\n<\/div>\n<\/div>\n","protected":false},"excerpt":{"rendered":"<p>O Complexo Desportivo e Recreativo (CDR) \u00e9 uma unidade administrativa, vinculada \u00e0 Dire\u00e7\u00e3o-Geral do Campus Cedeteg, \u00e9 gerenciado por docentes do Departamento de Educa\u00e7\u00e3o F\u00edsica de Guarapuava. Compreende um conjunto de instala\u00e7\u00f5es e equipamentos esportivos destinados \u00e0 pr\u00e1tica esportiva, recreativa e de promo\u00e7\u00e3o da sa\u00fade. \u00c9 utilizado como campo de est\u00e1gio curricular obrigat\u00f3rio, ensino, pesquisa [&hellip;]<\/p>\n","protected":false},"author":601,"featured_media":0,"parent":578,"menu_order":0,"comment_status":"closed","ping_status":"closed","template":"","meta":{"_exactmetrics_skip_tracking":false,"_exactmetrics_sitenote_active":false,"_exactmetrics_sitenote_note":"","_exactmetrics_sitenote_category":0,"footnotes":"","_links_to":"","_links_to_target":""},"class_list":["post-1489","page","type-page","status-publish","hentry"],"_links":{"self":[{"href":"https:\/\/www3.unicentro.br\/dedufg\/wp-json\/wp\/v2\/pages\/1489","targetHints":{"allow":["GET"]}}],"collection":[{"href":"https:\/\/www3.unicentro.br\/dedufg\/wp-json\/wp\/v2\/pages"}],"about":[{"href":"https:\/\/www3.unicentro.br\/dedufg\/wp-json\/wp\/v2\/types\/page"}],"author":[{"embeddable":true,"href":"https:\/\/www3.unicentro.br\/dedufg\/wp-json\/wp\/v2\/users\/601"}],"replies":[{"embeddable":true,"href":"https:\/\/www3.unicentro.br\/dedufg\/wp-json\/wp\/v2\/comments?post=1489"}],"version-history":[{"count":1,"href":"https:\/\/www3.unicentro.br\/dedufg\/wp-json\/wp\/v2\/pages\/1489\/revisions"}],"predecessor-version":[{"id":1669,"href":"https:\/\/www3.unicentro.br\/dedufg\/wp-json\/wp\/v2\/pages\/1489\/revisions\/1669"}],"up":[{"embeddable":true,"href":"https:\/\/www3.unicentro.br\/dedufg\/wp-json\/wp\/v2\/pages\/578"}],"wp:attachment":[{"href":"https:\/\/www3.unicentro.br\/dedufg\/wp-json\/wp\/v2\/media?parent=1489"}],"curies":[{"name":"wp","href":"https:\/\/api.w.org\/{rel}","templated":true}]}}