{"id":1393,"date":"2024-05-09T11:18:23","date_gmt":"2024-05-09T14:18:23","guid":{"rendered":"https:\/\/www3.unicentro.br\/dedufg\/?page_id=1393"},"modified":"2024-05-09T15:28:19","modified_gmt":"2024-05-09T18:28:19","slug":"formados-2014","status":"publish","type":"page","link":"https:\/\/www3.unicentro.br\/dedufg\/formandos\/formados-2014\/","title":{"rendered":"Formados 2014"},"content":{"rendered":"<p><span style=\"color: #000000\">ADOLFO PERETIATKO JUNIOR<\/span><\/p>\n<p><span style=\"color: #000000\">ANG\u00c9LICA HEY DA SILVA BOBATO<\/span><\/p>\n<p><span style=\"color: #000000\">CL\u00caNIO DE OLIVEIRA FILHO<\/span><\/p>\n<p><span style=\"color: #000000\">EDIMARY CRISTINA GON\u00c7ALVES<\/span><\/p>\n<p><span style=\"color: #000000\">ELIZE FRANCINE PEREIRA<\/span><\/p>\n<p><span style=\"color: #000000\">EVELLIN BRAZ DE SOUZA<\/span><\/p>\n<p><span style=\"color: #000000\">FELIPE KURHAN<\/span><\/p>\n<p><span style=\"color: #000000\">GISLAINE TERLESKI<\/span><\/p>\n<p><span style=\"color: #000000\">H\u00c9RON DUARTE TEIXEIRA<\/span><\/p>\n<p><span style=\"color: #000000\">KARINA AZEVEDO LOPES<\/span><\/p>\n<p><span style=\"color: #000000\">LORENA CRISTINA PRZYGOCKI<\/span><\/p>\n<p><span style=\"color: #000000\">LUANA REGINA PECH<\/span><\/p>\n<p><span style=\"color: #000000\">MAYARA MACIEL BATISTA<\/span><\/p>\n<p><span style=\"color: #000000\">QU\u00c9LITA LAURINDO DOS SANTOS<\/span><\/p>\n<p><span style=\"color: #000000\">RAFAEL SILVA ANDRADE<\/span><\/p>\n","protected":false},"excerpt":{"rendered":"<p>ADOLFO PERETIATKO JUNIOR ANG\u00c9LICA HEY DA SILVA BOBATO CL\u00caNIO DE OLIVEIRA FILHO EDIMARY CRISTINA GON\u00c7ALVES ELIZE FRANCINE PEREIRA EVELLIN BRAZ DE SOUZA FELIPE KURHAN GISLAINE TERLESKI H\u00c9RON DUARTE TEIXEIRA KARINA AZEVEDO LOPES LORENA CRISTINA PRZYGOCKI LUANA REGINA PECH MAYARA MACIEL BATISTA QU\u00c9LITA LAURINDO DOS SANTOS RAFAEL SILVA ANDRADE<\/p>\n","protected":false},"author":601,"featured_media":0,"parent":1325,"menu_order":0,"comment_status":"closed","ping_status":"closed","template":"","meta":{"_exactmetrics_skip_tracking":false,"_exactmetrics_sitenote_active":false,"_exactmetrics_sitenote_note":"","_exactmetrics_sitenote_category":0,"footnotes":"","_links_to":"","_links_to_target":""},"class_list":["post-1393","page","type-page","status-publish","hentry"],"_links":{"self":[{"href":"https:\/\/www3.unicentro.br\/dedufg\/wp-json\/wp\/v2\/pages\/1393","targetHints":{"allow":["GET"]}}],"collection":[{"href":"https:\/\/www3.unicentro.br\/dedufg\/wp-json\/wp\/v2\/pages"}],"about":[{"href":"https:\/\/www3.unicentro.br\/dedufg\/wp-json\/wp\/v2\/types\/page"}],"author":[{"embeddable":true,"href":"https:\/\/www3.unicentro.br\/dedufg\/wp-json\/wp\/v2\/users\/601"}],"replies":[{"embeddable":true,"href":"https:\/\/www3.unicentro.br\/dedufg\/wp-json\/wp\/v2\/comments?post=1393"}],"version-history":[{"count":2,"href":"https:\/\/www3.unicentro.br\/dedufg\/wp-json\/wp\/v2\/pages\/1393\/revisions"}],"predecessor-version":[{"id":1440,"href":"https:\/\/www3.unicentro.br\/dedufg\/wp-json\/wp\/v2\/pages\/1393\/revisions\/1440"}],"up":[{"embeddable":true,"href":"https:\/\/www3.unicentro.br\/dedufg\/wp-json\/wp\/v2\/pages\/1325"}],"wp:attachment":[{"href":"https:\/\/www3.unicentro.br\/dedufg\/wp-json\/wp\/v2\/media?parent=1393"}],"curies":[{"name":"wp","href":"https:\/\/api.w.org\/{rel}","templated":true}]}}