{"id":1383,"date":"2024-05-09T11:15:43","date_gmt":"2024-05-09T14:15:43","guid":{"rendered":"https:\/\/www3.unicentro.br\/dedufg\/?page_id=1383"},"modified":"2024-05-09T14:14:59","modified_gmt":"2024-05-09T17:14:59","slug":"formados-2017","status":"publish","type":"page","link":"https:\/\/www3.unicentro.br\/dedufg\/formandos\/formados-2017\/","title":{"rendered":"Formados 2017"},"content":{"rendered":"<p><span style=\"color: #000000\">ANA LIARA CAETANO<\/span><\/p>\n<p><span style=\"color: #000000\">ANA PAULA GOMES DOS SANTOS<\/span><\/p>\n<p><span style=\"color: #000000\">ANDR\u00c9 LUIZ KIIHN<\/span><\/p>\n<p><span style=\"color: #000000\">ANGELA MARIA ROCHA<\/span><\/p>\n<p><span style=\"color: #000000\">BRUNA DALLA ROSA SILVA<\/span><\/p>\n<p><span style=\"color: #000000\">CAROLINA K\u00dcHL<\/span><\/p>\n<p><span style=\"color: #000000\">DALINE MACHULA<\/span><\/p>\n<p><span style=\"color: #000000\">DA\u00cdSE TALITA FREITAS<\/span><\/p>\n<p><span style=\"color: #000000\">FERNANDA DALMASO DA ROCHA GAMBETA<\/span><\/p>\n<p><span style=\"color: #000000\">GABRIEL ZENTIL BUSS<\/span><\/p>\n<p><span style=\"color: #000000\">KAREN AMALIA HORBUS<\/span><\/p>\n<p><span style=\"color: #000000\">LUCAS EDUARDO CAMPOS DE OLIVEIRA<\/span><\/p>\n<p><span style=\"color: #000000\">LUCAS MATHEUS FARIAS PERUSSOLO<\/span><\/p>\n<p><span style=\"color: #000000\">LUCAS RAFA\u00c9L BAGNARA<\/span><\/p>\n<p><span style=\"color: #000000\">MARIELLE BRUNO DE OLIVEIRA<\/span><\/p>\n<p><span style=\"color: #000000\">NAT\u00c3 GOMES DE LIMA STAVINSKI<\/span><\/p>\n<p><span style=\"color: #000000\">NOSLEN FRANCISCO PRZYBYCZ<\/span><\/p>\n<p><span style=\"color: #000000\">RAFAEL OT\u00c1VIO OTTO<\/span><\/p>\n<p><span style=\"color: #000000\">VANESSA DA FONSECA LANFERDINI<\/span><\/p>\n<p><span style=\"color: #000000\">VINICIUS MULLER REIS WEBER<\/span><\/p>\n<p>&nbsp;<\/p>\n","protected":false},"excerpt":{"rendered":"<p>ANA LIARA CAETANO ANA PAULA GOMES DOS SANTOS ANDR\u00c9 LUIZ KIIHN ANGELA MARIA ROCHA BRUNA DALLA ROSA SILVA CAROLINA K\u00dcHL DALINE MACHULA DA\u00cdSE TALITA FREITAS FERNANDA DALMASO DA ROCHA GAMBETA GABRIEL ZENTIL BUSS KAREN AMALIA HORBUS LUCAS EDUARDO CAMPOS DE OLIVEIRA LUCAS MATHEUS FARIAS PERUSSOLO LUCAS RAFA\u00c9L BAGNARA MARIELLE BRUNO DE OLIVEIRA NAT\u00c3 GOMES DE [&hellip;]<\/p>\n","protected":false},"author":601,"featured_media":0,"parent":1325,"menu_order":0,"comment_status":"closed","ping_status":"closed","template":"","meta":{"_exactmetrics_skip_tracking":false,"_exactmetrics_sitenote_active":false,"_exactmetrics_sitenote_note":"","_exactmetrics_sitenote_category":0,"footnotes":"","_links_to":"","_links_to_target":""},"class_list":["post-1383","page","type-page","status-publish","hentry"],"_links":{"self":[{"href":"https:\/\/www3.unicentro.br\/dedufg\/wp-json\/wp\/v2\/pages\/1383","targetHints":{"allow":["GET"]}}],"collection":[{"href":"https:\/\/www3.unicentro.br\/dedufg\/wp-json\/wp\/v2\/pages"}],"about":[{"href":"https:\/\/www3.unicentro.br\/dedufg\/wp-json\/wp\/v2\/types\/page"}],"author":[{"embeddable":true,"href":"https:\/\/www3.unicentro.br\/dedufg\/wp-json\/wp\/v2\/users\/601"}],"replies":[{"embeddable":true,"href":"https:\/\/www3.unicentro.br\/dedufg\/wp-json\/wp\/v2\/comments?post=1383"}],"version-history":[{"count":2,"href":"https:\/\/www3.unicentro.br\/dedufg\/wp-json\/wp\/v2\/pages\/1383\/revisions"}],"predecessor-version":[{"id":1425,"href":"https:\/\/www3.unicentro.br\/dedufg\/wp-json\/wp\/v2\/pages\/1383\/revisions\/1425"}],"up":[{"embeddable":true,"href":"https:\/\/www3.unicentro.br\/dedufg\/wp-json\/wp\/v2\/pages\/1325"}],"wp:attachment":[{"href":"https:\/\/www3.unicentro.br\/dedufg\/wp-json\/wp\/v2\/media?parent=1383"}],"curies":[{"name":"wp","href":"https:\/\/api.w.org\/{rel}","templated":true}]}}