{"id":1377,"date":"2024-05-09T11:11:59","date_gmt":"2024-05-09T14:11:59","guid":{"rendered":"https:\/\/www3.unicentro.br\/dedufg\/?page_id=1377"},"modified":"2024-05-09T13:46:00","modified_gmt":"2024-05-09T16:46:00","slug":"formados-2019","status":"publish","type":"page","link":"https:\/\/www3.unicentro.br\/dedufg\/formandos\/formados-2019\/","title":{"rendered":"Formados 2019"},"content":{"rendered":"<p><span style=\"color: #000000\">AMANDA VIT\u00d3RIA FABRIS<\/span><\/p>\n<p><span style=\"color: #000000\">BRUNA DE SOUZA PINTO<\/span><\/p>\n<p><span style=\"color: #000000\">CAMILA MENDES MARQUES<\/span><\/p>\n<p><span style=\"color: #000000\">CRISLLAYNE FATIMA DE SOUZA<\/span><\/p>\n<p><span style=\"color: #000000\">EDUARDO HENRIQUE CASOTO TRACZ<\/span><\/p>\n<p><span style=\"color: #000000\">JEAN CESAR CESCA<\/span><\/p>\n<p><span style=\"color: #000000\">JOLNES NEUMANN GULA<\/span><\/p>\n<p><span style=\"color: #000000\">JONATHAN HENRIQUE CARVALHO NUNES<\/span><\/p>\n<p><span style=\"color: #000000\">JULIANA APARECIDA LINDER<\/span><\/p>\n<p><span style=\"color: #000000\">KAWANE\u00a0 DE SOUZA GON\u00c7ALVES<\/span><\/p>\n<p><span style=\"color: #000000\">LETICIA GON\u00c7ALVES<\/span><\/p>\n<p><span style=\"color: #000000\">LISLAINE DE F\u00c1TIMA GUMIEIRO<\/span><\/p>\n<p><span style=\"color: #000000\">MARILE FERRAZ\u00a0 MOREIRA<\/span><\/p>\n<p><span style=\"color: #000000\">MILENA PASSARIN DA CUNHA<\/span><\/p>\n<p><span style=\"color: #000000\">RENALDO GALV\u00c3O MISCOVICZ<\/span><\/p>\n<p><span style=\"color: #000000\">RONAM MARCELO BATISTA<\/span><\/p>\n<p><span style=\"color: #000000\">ROZIELI APARECIDA COLA\u00c7O<\/span><\/p>\n<p><span style=\"color: #000000\">SAMUEL PANATO<\/span><\/p>\n<p><span style=\"color: #000000\">TALITA EURICK PEDROZO<\/span><\/p>\n<p>&nbsp;<\/p>\n<p>&nbsp;<\/p>\n","protected":false},"excerpt":{"rendered":"<p>AMANDA VIT\u00d3RIA FABRIS BRUNA DE SOUZA PINTO CAMILA MENDES MARQUES CRISLLAYNE FATIMA DE SOUZA EDUARDO HENRIQUE CASOTO TRACZ JEAN CESAR CESCA JOLNES NEUMANN GULA JONATHAN HENRIQUE CARVALHO NUNES JULIANA APARECIDA LINDER KAWANE\u00a0 DE SOUZA GON\u00c7ALVES LETICIA GON\u00c7ALVES LISLAINE DE F\u00c1TIMA GUMIEIRO MARILE FERRAZ\u00a0 MOREIRA MILENA PASSARIN DA CUNHA RENALDO GALV\u00c3O MISCOVICZ RONAM MARCELO BATISTA ROZIELI [&hellip;]<\/p>\n","protected":false},"author":601,"featured_media":0,"parent":1325,"menu_order":0,"comment_status":"closed","ping_status":"closed","template":"","meta":{"_exactmetrics_skip_tracking":false,"_exactmetrics_sitenote_active":false,"_exactmetrics_sitenote_note":"","_exactmetrics_sitenote_category":0,"footnotes":"","_links_to":"","_links_to_target":""},"class_list":["post-1377","page","type-page","status-publish","hentry"],"_links":{"self":[{"href":"https:\/\/www3.unicentro.br\/dedufg\/wp-json\/wp\/v2\/pages\/1377","targetHints":{"allow":["GET"]}}],"collection":[{"href":"https:\/\/www3.unicentro.br\/dedufg\/wp-json\/wp\/v2\/pages"}],"about":[{"href":"https:\/\/www3.unicentro.br\/dedufg\/wp-json\/wp\/v2\/types\/page"}],"author":[{"embeddable":true,"href":"https:\/\/www3.unicentro.br\/dedufg\/wp-json\/wp\/v2\/users\/601"}],"replies":[{"embeddable":true,"href":"https:\/\/www3.unicentro.br\/dedufg\/wp-json\/wp\/v2\/comments?post=1377"}],"version-history":[{"count":2,"href":"https:\/\/www3.unicentro.br\/dedufg\/wp-json\/wp\/v2\/pages\/1377\/revisions"}],"predecessor-version":[{"id":1419,"href":"https:\/\/www3.unicentro.br\/dedufg\/wp-json\/wp\/v2\/pages\/1377\/revisions\/1419"}],"up":[{"embeddable":true,"href":"https:\/\/www3.unicentro.br\/dedufg\/wp-json\/wp\/v2\/pages\/1325"}],"wp:attachment":[{"href":"https:\/\/www3.unicentro.br\/dedufg\/wp-json\/wp\/v2\/media?parent=1377"}],"curies":[{"name":"wp","href":"https:\/\/api.w.org\/{rel}","templated":true}]}}