{"id":1356,"date":"2024-05-09T10:51:10","date_gmt":"2024-05-09T13:51:10","guid":{"rendered":"https:\/\/www3.unicentro.br\/dedufg\/?page_id=1356"},"modified":"2024-05-09T11:40:02","modified_gmt":"2024-05-09T14:40:02","slug":"formados-2021","status":"publish","type":"page","link":"https:\/\/www3.unicentro.br\/dedufg\/formandos\/formados-2021\/","title":{"rendered":"Formados 2021"},"content":{"rendered":"<p><span style=\"color: #000000\">ALANA CAROLINE DA ROCHA VUJANSKI<\/span><\/p>\n<p><span style=\"color: #000000\">ANDRESSA DE F\u00c1TIMA SIQUEIRA SOUZA<\/span><\/p>\n<p><span style=\"color: #000000\">CAMILA APARECIDA GONSALVES<\/span><\/p>\n<p><span style=\"color: #000000\">C\u00c9ZAR HENRIQUE RUCINSKI<\/span><\/p>\n<p><span style=\"color: #000000\">HIOWAN HEFFREN GUARNIERI SCHULZE<\/span><\/p>\n<p><span style=\"color: #000000\">JANAINE DE F\u00c1TIMA SLUZALA<\/span><\/p>\n<p><span style=\"color: #000000\">KATHLEEN KARPINSKI<\/span><\/p>\n<p><span style=\"color: #000000\">LEONARDO DOS SANTOS BITENCORT<\/span><\/p>\n<p><span style=\"color: #000000\">LEONARDO GABRIEL FERRAZ DE LIMA<\/span><\/p>\n<p><span style=\"color: #000000\">LUHAN HENRIQUE MENDES DA LUZ<\/span><\/p>\n<p><span style=\"color: #000000\">LUIZ RICARDO CAMARGO FILHO<\/span><\/p>\n<p><span style=\"color: #000000\">MARIANA MONTEIRO<\/span><\/p>\n<p><span style=\"color: #000000\">RAFAEL COLA\u00c7O<\/span><\/p>\n<p><span style=\"color: #000000\">ROBINSON JOS\u00c9 FARIAS FILHO<\/span><\/p>\n<p><span style=\"color: #000000\">TAMYRIS FREITAS DE OLIVEIRA<\/span><\/p>\n<p><span style=\"color: #000000\">TATIANA EURICH<\/span><\/p>\n<p><span style=\"color: #000000\">THIAGO MESSIAS FOGA\u00c7A<\/span><\/p>\n<p><span style=\"color: #000000\">THIFANY KAWANE PAES<\/span><\/p>\n<p><span style=\"color: #000000\">VIN\u00cdCIUS DE LIMA<\/span><\/p>\n","protected":false},"excerpt":{"rendered":"<p>ALANA CAROLINE DA ROCHA VUJANSKI ANDRESSA DE F\u00c1TIMA SIQUEIRA SOUZA CAMILA APARECIDA GONSALVES C\u00c9ZAR HENRIQUE RUCINSKI HIOWAN HEFFREN GUARNIERI SCHULZE JANAINE DE F\u00c1TIMA SLUZALA KATHLEEN KARPINSKI LEONARDO DOS SANTOS BITENCORT LEONARDO GABRIEL FERRAZ DE LIMA LUHAN HENRIQUE MENDES DA LUZ LUIZ RICARDO CAMARGO FILHO MARIANA MONTEIRO RAFAEL COLA\u00c7O ROBINSON JOS\u00c9 FARIAS FILHO TAMYRIS FREITAS DE [&hellip;]<\/p>\n","protected":false},"author":601,"featured_media":0,"parent":1325,"menu_order":0,"comment_status":"closed","ping_status":"closed","template":"","meta":{"_exactmetrics_skip_tracking":false,"_exactmetrics_sitenote_active":false,"_exactmetrics_sitenote_note":"","_exactmetrics_sitenote_category":0,"footnotes":"","_links_to":"","_links_to_target":""},"class_list":["post-1356","page","type-page","status-publish","hentry"],"_links":{"self":[{"href":"https:\/\/www3.unicentro.br\/dedufg\/wp-json\/wp\/v2\/pages\/1356","targetHints":{"allow":["GET"]}}],"collection":[{"href":"https:\/\/www3.unicentro.br\/dedufg\/wp-json\/wp\/v2\/pages"}],"about":[{"href":"https:\/\/www3.unicentro.br\/dedufg\/wp-json\/wp\/v2\/types\/page"}],"author":[{"embeddable":true,"href":"https:\/\/www3.unicentro.br\/dedufg\/wp-json\/wp\/v2\/users\/601"}],"replies":[{"embeddable":true,"href":"https:\/\/www3.unicentro.br\/dedufg\/wp-json\/wp\/v2\/comments?post=1356"}],"version-history":[{"count":2,"href":"https:\/\/www3.unicentro.br\/dedufg\/wp-json\/wp\/v2\/pages\/1356\/revisions"}],"predecessor-version":[{"id":1406,"href":"https:\/\/www3.unicentro.br\/dedufg\/wp-json\/wp\/v2\/pages\/1356\/revisions\/1406"}],"up":[{"embeddable":true,"href":"https:\/\/www3.unicentro.br\/dedufg\/wp-json\/wp\/v2\/pages\/1325"}],"wp:attachment":[{"href":"https:\/\/www3.unicentro.br\/dedufg\/wp-json\/wp\/v2\/media?parent=1356"}],"curies":[{"name":"wp","href":"https:\/\/api.w.org\/{rel}","templated":true}]}}