{"id":1339,"date":"2024-05-09T10:13:43","date_gmt":"2024-05-09T13:13:43","guid":{"rendered":"https:\/\/www3.unicentro.br\/dedufg\/?page_id=1339"},"modified":"2024-05-09T11:34:13","modified_gmt":"2024-05-09T14:34:13","slug":"formados-2022","status":"publish","type":"page","link":"https:\/\/www3.unicentro.br\/dedufg\/formandos\/formados-2022\/","title":{"rendered":"Formados 2022"},"content":{"rendered":"<p><span style=\"color: #000000\">ALINI FASSINI DOS SANTOS<\/span><\/p>\n<p><span style=\"color: #000000\">AMANDA LA\u00cdS RIBEIRO<\/span><\/p>\n<p><span style=\"color: #000000\">ANDRESSA APARECIDA FERREIRA<\/span><\/p>\n<p><span style=\"color: #000000\">ANDR\u00c9 FLORENTINO SILVA<\/span><\/p>\n<p><span style=\"color: #000000\">ANTONIO NIELTON THOM\u00c9<\/span><\/p>\n<p><span style=\"color: #000000\">ARIANE CRISTINA ANDRADE<\/span><\/p>\n<p><span style=\"color: #000000\">BEATRIZ CZARNIECKI<\/span><\/p>\n<p><span style=\"color: #000000\">BRUNA LOPES LEVANDOSKI<\/span><\/p>\n<p><span style=\"color: #000000\">CRYSTTOPHER SCORCIN DOMINGUES<\/span><\/p>\n<p><span style=\"color: #000000\">EDUARDO ALEXSANDRO OLIVEIRA FALC\u00c3O<\/span><\/p>\n<p><span style=\"color: #000000\">EMANUEL ANDRADE BONETE<\/span><\/p>\n<p><span style=\"color: #000000\">ERICK BRYAN DA ROSA CARRIEL<\/span><\/p>\n<p><span style=\"color: #000000\">GHABRIEL SOUZA SIQUEIRA<\/span><\/p>\n<p><span style=\"color: #000000\">GUILHERME SUCHLA PRATES<\/span><\/p>\n<p><span style=\"color: #000000\">GUSTAVO CHAVES<\/span><\/p>\n<p><span style=\"color: #000000\">JO\u00c3O GUILHERME ALVES PEREIRA<\/span><\/p>\n<p><span style=\"color: #000000\">JOEZER RAMOS BONFIM<\/span><\/p>\n<p><span style=\"color: #000000\">KENER DE SOUZA MARTINS<\/span><\/p>\n<p><span style=\"color: #000000\">LEONARDO KRAMER CORREIA<\/span><\/p>\n<p><span style=\"color: #000000\">MARINA MAGAT\u00c3O<\/span><\/p>\n<p><span style=\"color: #000000\">MILENA MOROZINI<\/span><\/p>\n<p><span style=\"color: #000000\">RODRIGO BORGES KEMPF<\/span><\/p>\n<p><span style=\"color: #000000\">SHEILA CRISTYNA SVIERCOSWSKI<\/span><\/p>\n<p><span style=\"color: #000000\">VINICIUS BAIL DUDZIK<\/span><\/p>\n<p><span style=\"color: #000000\">W\u00c9RICA FABIANA GON\u00c7ALVES<\/span><\/p>\n","protected":false},"excerpt":{"rendered":"<p>ALINI FASSINI DOS SANTOS AMANDA LA\u00cdS RIBEIRO ANDRESSA APARECIDA FERREIRA ANDR\u00c9 FLORENTINO SILVA ANTONIO NIELTON THOM\u00c9 ARIANE CRISTINA ANDRADE BEATRIZ CZARNIECKI BRUNA LOPES LEVANDOSKI CRYSTTOPHER SCORCIN DOMINGUES EDUARDO ALEXSANDRO OLIVEIRA FALC\u00c3O EMANUEL ANDRADE BONETE ERICK BRYAN DA ROSA CARRIEL GHABRIEL SOUZA SIQUEIRA GUILHERME SUCHLA PRATES GUSTAVO CHAVES JO\u00c3O GUILHERME ALVES PEREIRA JOEZER RAMOS BONFIM KENER [&hellip;]<\/p>\n","protected":false},"author":601,"featured_media":0,"parent":1325,"menu_order":0,"comment_status":"closed","ping_status":"closed","template":"","meta":{"_exactmetrics_skip_tracking":false,"_exactmetrics_sitenote_active":false,"_exactmetrics_sitenote_note":"","_exactmetrics_sitenote_category":0,"footnotes":"","_links_to":"","_links_to_target":""},"class_list":["post-1339","page","type-page","status-publish","hentry"],"_links":{"self":[{"href":"https:\/\/www3.unicentro.br\/dedufg\/wp-json\/wp\/v2\/pages\/1339","targetHints":{"allow":["GET"]}}],"collection":[{"href":"https:\/\/www3.unicentro.br\/dedufg\/wp-json\/wp\/v2\/pages"}],"about":[{"href":"https:\/\/www3.unicentro.br\/dedufg\/wp-json\/wp\/v2\/types\/page"}],"author":[{"embeddable":true,"href":"https:\/\/www3.unicentro.br\/dedufg\/wp-json\/wp\/v2\/users\/601"}],"replies":[{"embeddable":true,"href":"https:\/\/www3.unicentro.br\/dedufg\/wp-json\/wp\/v2\/comments?post=1339"}],"version-history":[{"count":2,"href":"https:\/\/www3.unicentro.br\/dedufg\/wp-json\/wp\/v2\/pages\/1339\/revisions"}],"predecessor-version":[{"id":1405,"href":"https:\/\/www3.unicentro.br\/dedufg\/wp-json\/wp\/v2\/pages\/1339\/revisions\/1405"}],"up":[{"embeddable":true,"href":"https:\/\/www3.unicentro.br\/dedufg\/wp-json\/wp\/v2\/pages\/1325"}],"wp:attachment":[{"href":"https:\/\/www3.unicentro.br\/dedufg\/wp-json\/wp\/v2\/media?parent=1339"}],"curies":[{"name":"wp","href":"https:\/\/api.w.org\/{rel}","templated":true}]}}