{"id":1110,"date":"2023-10-02T10:32:02","date_gmt":"2023-10-02T13:32:02","guid":{"rendered":"https:\/\/www3.unicentro.br\/dedufg\/?page_id=1110"},"modified":"2024-05-09T14:58:16","modified_gmt":"2024-05-09T17:58:16","slug":"4o-ano-educacao-fisica","status":"publish","type":"page","link":"https:\/\/www3.unicentro.br\/dedufg\/inicio\/turmas-2023\/4o-ano-educacao-fisica\/","title":{"rendered":"4\u00ba ano Bacharelado"},"content":{"rendered":"<p><span style=\"color: #000000\">ALINI PINTO DE OLIVEIRA<\/span><\/p>\n<p><span style=\"color: #000000\">AMANDA APARECIDA LEDUR<\/span><\/p>\n<p><span style=\"color: #000000\">CAROLINE SANTOS<\/span><\/p>\n<p><span style=\"color: #000000\">DENIS LESS CORREIA<\/span><\/p>\n<p><span style=\"color: #000000\">EMANUELI RENARDIN<\/span><\/p>\n<p><span style=\"color: #000000\">FELIPE KIYAMU FUJIMOTO<\/span><\/p>\n<p><span style=\"color: #000000\">GABRIEL ARAUJO LUSTOZA<\/span><\/p>\n<p><span style=\"color: #000000\">GIOVANA EMANUELLY COELHO CORDEIRO<\/span><\/p>\n<p><span style=\"color: #000000\">JOS\u00c9 RAIR DE SOUZA CAMPOS<\/span><\/p>\n<p><span style=\"color: #000000\">JO\u00c3O FERNANDO DOS SANTOS<\/span><\/p>\n<p><span style=\"color: #000000\">JO\u00c3O GUSTAVO DE SOUZA ROQUE<\/span><\/p>\n<p><span style=\"color: #000000\">JO\u00c3O VITOR FARIAS KAZMIROWSKI<\/span><\/p>\n<p><span style=\"color: #000000\">LEONARDO COUTINHO BASTIANI<\/span><\/p>\n<p><span style=\"color: #000000\">LIVIA DURSKI BURKO<\/span><\/p>\n<p><span style=\"color: #000000\">MARCELA RACHELLE BARBOSA<\/span><\/p>\n<p><span style=\"color: #000000\">MARIA EDUARDA CACERES ROCHA<\/span><\/p>\n<p><span style=\"color: #000000\">MATHEUS RESSAI<\/span><\/p>\n<p><span style=\"color: #000000\">ODILON PENTEADO JUNIOR<\/span><\/p>\n<p><span style=\"color: #000000\">RAFAELLY PETERLINI BAGNHUK<\/span><\/p>\n<p><span style=\"color: #000000\">TANIA CRISTINA THIEM<\/span><\/p>\n<p><span style=\"color: #000000\">TATIANA PEREIRA<\/span><\/p>\n<p><span style=\"color: #000000\">TAYLANE REFISKI DO AMARANTE<\/span><\/p>\n<p><span style=\"color: #000000\">WILLIANS JOS\u00c9 ROCHA<\/span><\/p>\n","protected":false},"excerpt":{"rendered":"<p>ALINI PINTO DE OLIVEIRA AMANDA APARECIDA LEDUR CAROLINE SANTOS DENIS LESS CORREIA EMANUELI RENARDIN FELIPE KIYAMU FUJIMOTO GABRIEL ARAUJO LUSTOZA GIOVANA EMANUELLY COELHO CORDEIRO JOS\u00c9 RAIR DE SOUZA CAMPOS JO\u00c3O FERNANDO DOS SANTOS JO\u00c3O GUSTAVO DE SOUZA ROQUE JO\u00c3O VITOR FARIAS KAZMIROWSKI LEONARDO COUTINHO BASTIANI LIVIA DURSKI BURKO MARCELA RACHELLE BARBOSA MARIA EDUARDA CACERES ROCHA [&hellip;]<\/p>\n","protected":false},"author":601,"featured_media":0,"parent":1092,"menu_order":0,"comment_status":"closed","ping_status":"closed","template":"","meta":{"_exactmetrics_skip_tracking":false,"_exactmetrics_sitenote_active":false,"_exactmetrics_sitenote_note":"","_exactmetrics_sitenote_category":0,"footnotes":"","_links_to":"","_links_to_target":""},"class_list":["post-1110","page","type-page","status-publish","hentry"],"_links":{"self":[{"href":"https:\/\/www3.unicentro.br\/dedufg\/wp-json\/wp\/v2\/pages\/1110","targetHints":{"allow":["GET"]}}],"collection":[{"href":"https:\/\/www3.unicentro.br\/dedufg\/wp-json\/wp\/v2\/pages"}],"about":[{"href":"https:\/\/www3.unicentro.br\/dedufg\/wp-json\/wp\/v2\/types\/page"}],"author":[{"embeddable":true,"href":"https:\/\/www3.unicentro.br\/dedufg\/wp-json\/wp\/v2\/users\/601"}],"replies":[{"embeddable":true,"href":"https:\/\/www3.unicentro.br\/dedufg\/wp-json\/wp\/v2\/comments?post=1110"}],"version-history":[{"count":2,"href":"https:\/\/www3.unicentro.br\/dedufg\/wp-json\/wp\/v2\/pages\/1110\/revisions"}],"predecessor-version":[{"id":1434,"href":"https:\/\/www3.unicentro.br\/dedufg\/wp-json\/wp\/v2\/pages\/1110\/revisions\/1434"}],"up":[{"embeddable":true,"href":"https:\/\/www3.unicentro.br\/dedufg\/wp-json\/wp\/v2\/pages\/1092"}],"wp:attachment":[{"href":"https:\/\/www3.unicentro.br\/dedufg\/wp-json\/wp\/v2\/media?parent=1110"}],"curies":[{"name":"wp","href":"https:\/\/api.w.org\/{rel}","templated":true}]}}