{"id":1098,"date":"2023-10-02T10:25:18","date_gmt":"2023-10-02T13:25:18","guid":{"rendered":"https:\/\/www3.unicentro.br\/dedufg\/?page_id=1098"},"modified":"2024-05-09T14:44:12","modified_gmt":"2024-05-09T17:44:12","slug":"2o-ano-educacao-fisica","status":"publish","type":"page","link":"https:\/\/www3.unicentro.br\/dedufg\/inicio\/turmas-2023\/2o-ano-educacao-fisica\/","title":{"rendered":"2\u00ba ano Educa\u00e7\u00e3o F\u00edsica"},"content":{"rendered":"<p><span style=\"color: #000000\">ALEXANDRE NUNES DE FREITAS<\/span><\/p>\n<p><span style=\"color: #000000\">ANNY CAROLINE SILVA<\/span><\/p>\n<p><span style=\"color: #000000\">BARBARA HELO\u00cdSE VAZ<\/span><\/p>\n<p><span style=\"color: #000000\">CAMILA SOLOBODZIAM<\/span><\/p>\n<p><span style=\"color: #000000\">CAU\u00c3 COARA\u00c7\u00c1 DA SILVA<\/span><\/p>\n<p><span style=\"color: #000000\">DANIELE CALDAS RIBAS<\/span><\/p>\n<p><span style=\"color: #000000\">ESTEV\u00c3O MACIEL DA SILVA<\/span><\/p>\n<p><span style=\"color: #000000\">GABRIEL DOS SANTOS BITENCORT<\/span><\/p>\n<p><span style=\"color: #000000\">GABRIEL VESSELOVCZ DE MORAES<\/span><\/p>\n<p><span style=\"color: #000000\">HEMELY LIMA<\/span><\/p>\n<p><span style=\"color: #000000\">JO\u00c3O VICTOR LEITE NUNES DE ABREU<\/span><\/p>\n<p><span style=\"color: #000000\">JOS\u00c9 EMANUEL NOGUEIRA MARTINS<\/span><\/p>\n<p><span style=\"color: #000000\">JO\u00c3O LUCAS LEUTNER FELCHAK<\/span><\/p>\n<p><span style=\"color: #000000\">JO\u00c3O PAULO ARAUJO DE MORAES<\/span><\/p>\n<p><span style=\"color: #000000\">KAMILLY EDUARDA MACHADO<\/span><\/p>\n<p><span style=\"color: #000000\">KEVEN ANTUNI FERREIRA<\/span><\/p>\n<p><span style=\"color: #000000\">LARISSA VITORIA LENZ<\/span><\/p>\n<p><span style=\"color: #000000\">LEONARDO BUDEL RIBAS FILHO<\/span><\/p>\n<p><span style=\"color: #000000\">LUIS EDUARDO HART SILVA<\/span><\/p>\n<p><span style=\"color: #000000\">LUIZ OT\u00c1VIO ARA\u00daJO LUSTOZA<\/span><\/p>\n<p><span style=\"color: #000000\">MARCOS MEDINA<\/span><\/p>\n<p><span style=\"color: #000000\">MARIA EDUARDA ARAUJO BATISTA<\/span><\/p>\n<p><span style=\"color: #000000\">MARIA EDUARDA PRIOR<\/span><\/p>\n<p><span style=\"color: #000000\">MARIA FERNANDA PACHECO<\/span><\/p>\n<p><span style=\"color: #000000\">MARIANA MENDES CHOCHUK<\/span><\/p>\n<p><span style=\"color: #000000\">MILENA GEOVANNA RODRIGUES DE MEIRA<\/span><\/p>\n<p><span style=\"color: #000000\">NICOLAS GOMES SANTOS<\/span><\/p>\n<p><span style=\"color: #000000\">OTAVIO JOS\u00c9\u00a0 GON\u00c7ALVES FLIZICOSKI<\/span><\/p>\n<p><span style=\"color: #000000\">PAULO MIGUEL CHAVES WIKUATS<\/span><\/p>\n<p><span style=\"color: #000000\">RAFAELA LIMA DE OLIVEIRA<\/span><\/p>\n<p><span style=\"color: #000000\">RAFAELA MARIA HASS WENDLER<\/span><\/p>\n<p><span style=\"color: #000000\">RENAN AL SAMIR DIB<\/span><\/p>\n<p><span style=\"color: #000000\">RICARDO AUGUSTO DE OLIVEIRA LIMA<\/span><\/p>\n<p><span style=\"color: #000000\">RYAN SOUZA DE MORAIS<\/span><\/p>\n<p><span style=\"color: #000000\">TAIANE GON\u00c7ALVES DE ARA\u00daJO<\/span><\/p>\n<p><span style=\"color: #000000\">TALIZANE REFISKI DO AMARANTE<\/span><\/p>\n<p><span style=\"color: #000000\">VINICIUS BONETE NOVOSSAD<\/span><\/p>\n","protected":false},"excerpt":{"rendered":"<p>ALEXANDRE NUNES DE FREITAS ANNY CAROLINE SILVA BARBARA HELO\u00cdSE VAZ CAMILA SOLOBODZIAM CAU\u00c3 COARA\u00c7\u00c1 DA SILVA DANIELE CALDAS RIBAS ESTEV\u00c3O MACIEL DA SILVA GABRIEL DOS SANTOS BITENCORT GABRIEL VESSELOVCZ DE MORAES HEMELY LIMA JO\u00c3O VICTOR LEITE NUNES DE ABREU JOS\u00c9 EMANUEL NOGUEIRA MARTINS JO\u00c3O LUCAS LEUTNER FELCHAK JO\u00c3O PAULO ARAUJO DE MORAES KAMILLY EDUARDA MACHADO [&hellip;]<\/p>\n","protected":false},"author":601,"featured_media":0,"parent":1092,"menu_order":0,"comment_status":"closed","ping_status":"closed","template":"","meta":{"_exactmetrics_skip_tracking":false,"_exactmetrics_sitenote_active":false,"_exactmetrics_sitenote_note":"","_exactmetrics_sitenote_category":0,"footnotes":"","_links_to":"","_links_to_target":""},"class_list":["post-1098","page","type-page","status-publish","hentry"],"_links":{"self":[{"href":"https:\/\/www3.unicentro.br\/dedufg\/wp-json\/wp\/v2\/pages\/1098","targetHints":{"allow":["GET"]}}],"collection":[{"href":"https:\/\/www3.unicentro.br\/dedufg\/wp-json\/wp\/v2\/pages"}],"about":[{"href":"https:\/\/www3.unicentro.br\/dedufg\/wp-json\/wp\/v2\/types\/page"}],"author":[{"embeddable":true,"href":"https:\/\/www3.unicentro.br\/dedufg\/wp-json\/wp\/v2\/users\/601"}],"replies":[{"embeddable":true,"href":"https:\/\/www3.unicentro.br\/dedufg\/wp-json\/wp\/v2\/comments?post=1098"}],"version-history":[{"count":2,"href":"https:\/\/www3.unicentro.br\/dedufg\/wp-json\/wp\/v2\/pages\/1098\/revisions"}],"predecessor-version":[{"id":1430,"href":"https:\/\/www3.unicentro.br\/dedufg\/wp-json\/wp\/v2\/pages\/1098\/revisions\/1430"}],"up":[{"embeddable":true,"href":"https:\/\/www3.unicentro.br\/dedufg\/wp-json\/wp\/v2\/pages\/1092"}],"wp:attachment":[{"href":"https:\/\/www3.unicentro.br\/dedufg\/wp-json\/wp\/v2\/media?parent=1098"}],"curies":[{"name":"wp","href":"https:\/\/api.w.org\/{rel}","templated":true}]}}